{"id":15373,"date":"2026-02-27T00:26:00","date_gmt":"2026-02-27T00:26:00","guid":{"rendered":"https:\/\/nordicmart.andreevmaster.com\/product\/skorhylla-10-nivaer-stickhylla-hyllsystem\/"},"modified":"2026-02-27T08:17:26","modified_gmt":"2026-02-27T08:17:26","slug":"skorhylla-10-nivaer-stickhylla-hyllsystem","status":"publish","type":"product","link":"https:\/\/nordicmart.andreevmaster.com\/sv\/produkt\/skorhylla-10-nivaer-stickhylla-hyllsystem\/","title":{"rendered":"Skorhylla 10-niv\u00e5er, stickhylla, hyllsystem"},"content":{"rendered":"<p>Stabil, s\u00e4ker och h\u00e5llbar: PP-plastpanelerna \u00e4r stadigt f\u00e4sta vid varandra med h\u00f6gkvalitativa ABS-kopplingar, s\u00e5 varje enhet rymmer upp till 10 kg kl\u00e4der eller skor. Dessutom ger lutningsskyddet extra stabilitet och s\u00e4ker anv\u00e4ndning. Kan anpassas efter dina behov: Du kan bygga och ut\u00f6ka detta kl\u00e4dh\u00e4ngarsystem till olika former tack vare de medf\u00f6ljande utbytbara kopplingarna och anpassa det efter ditt utrymme. Best\u00e4ll fler skruvl\u00f6sa hyllor s\u00e5 att du kan ut\u00f6ka alternativen \u00e4nnu mer! Vi lagerf\u00f6r olika lagerhyllor i olika storlekar och f\u00e4rger. Ta en titt p\u00e5 SONGMICSin andra produkter om du inte kan h\u00e5lla fingrarna borta fr\u00e5n DIY! Produktinformation: F\u00e4rg: Svart, halvgenomskinliga d\u00f6rrar Material: Svart, halvgenomskinliga d\u00f6rrar Material: Svart, halvgenomskinliga d\u00f6rrar: Material: PP-plastpaneler, st\u00e5lram, ABS-plastkopplingar Storlek (1 x 10): 43 x 31 x 173 cm (L x B x H) Storlek (2 x 5): Vikt: 7,2 kg Maximal statisk belastning per hylla: 10 kg Leveransomfattning: 12 x Svart plasthyllor (40 x 30 cm) 20 x Svart plasthyllor (30 x 17 cm)10 x Svart plasthylla (40 x 17 cm)10 x Halvt genomskinlig plasthylla (40 x 17 cm)48 x ABS-plastkopplingar1 x Hammare2 x Spetsstopp1 x Instruktioner (DE, EN, FR, ES, IT)Plastkopplingar: Inv\u00e4ndiga g\u00e4ngor \u00f6kar friktionskraften, s\u00e5 att panelerna och kopplingarna sitter ordentligt ihop. S\u00f6ml\u00f6s design: Den n\u00e5got b\u00f6jda designen i metallramens fyra h\u00f6rn g\u00f6r att kopplingarna och panelerna sitter extra ordentligt ihop, s\u00e5 att damm och insekter inte kan tr\u00e4nga igenom.Extra s\u00e4kerhet: Varje Songmics-hyllsystem \u00e4r utrustat med ett lutningsskydd som g\u00f6r att du kan f\u00f6rankra hyllan i v\u00e4ggen. SONGICS-instruktioner: Sitt inte p\u00e5 produkten och placera inte tunga f\u00f6rem\u00e5l p\u00e5 den. Uts\u00e4tt inte produkten f\u00f6r starkt solljus under l\u00e4ngre tid. Alla plastpaneler ska tryckas fast ordentligt i f\u00e4stena. Anv\u00e4nd \u00e4ven en hammare f\u00f6r att s\u00e4kerst\u00e4lla att alla enskilda delar sitter ordentligt fast. Tryck dessutom p\u00e5 f\u00e4stena efter varje rad tills de sitter helt fast. F\u00e4st produkten p\u00e5 v\u00e4ggen med den medf\u00f6ljande tippskyddet om den \u00e4r \u00f6ver 60 cm h\u00f6g. H\u00e5ll produkten borta fr\u00e5n vassa eller spetsiga f\u00f6rem\u00e5l och \u00f6ppen eld f\u00f6r att undvika skador.<\/p>\n","protected":false},"excerpt":{"rendered":"<p>Stabil, s\u00e4ker och h\u00e5llbar: PP-plastpanelerna \u00e4r stadigt f\u00e4sta vid varandra med h\u00f6gkvalitativa ABS-kopplingar, s\u00e5 varje enhet rymmer upp till 10 kg kl\u00e4der eller skor. Dessutom ger lutningsskyddet extra stabilitet och s\u00e4ker anv\u00e4ndning. Kan anpassas efter dina behov: Du kan bygga och ut\u00f6ka detta kl\u00e4dh\u00e4ngarsystem till olika former tack vare de medf\u00f6ljande utbytbara kopplingarna och anpassa [&hellip;]<\/p>\n","protected":false},"featured_media":0,"comment_status":"open","ping_status":"closed","template":"","meta":[],"product_brand":[],"product_cat":[33],"product_tag":[],"class_list":{"0":"post-15373","1":"product","2":"type-product","3":"status-publish","5":"product_cat-okategoriserad","7":"first","8":"instock","9":"shipping-taxable","10":"product-type-simple"},"_links":{"self":[{"href":"https:\/\/nordicmart.andreevmaster.com\/sv\/wp-json\/wp\/v2\/product\/15373","targetHints":{"allow":["GET"]}}],"collection":[{"href":"https:\/\/nordicmart.andreevmaster.com\/sv\/wp-json\/wp\/v2\/product"}],"about":[{"href":"https:\/\/nordicmart.andreevmaster.com\/sv\/wp-json\/wp\/v2\/types\/product"}],"replies":[{"embeddable":true,"href":"https:\/\/nordicmart.andreevmaster.com\/sv\/wp-json\/wp\/v2\/comments?post=15373"}],"wp:attachment":[{"href":"https:\/\/nordicmart.andreevmaster.com\/sv\/wp-json\/wp\/v2\/media?parent=15373"}],"wp:term":[{"taxonomy":"product_brand","embeddable":true,"href":"https:\/\/nordicmart.andreevmaster.com\/sv\/wp-json\/wp\/v2\/product_brand?post=15373"},{"taxonomy":"product_cat","embeddable":true,"href":"https:\/\/nordicmart.andreevmaster.com\/sv\/wp-json\/wp\/v2\/product_cat?post=15373"},{"taxonomy":"product_tag","embeddable":true,"href":"https:\/\/nordicmart.andreevmaster.com\/sv\/wp-json\/wp\/v2\/product_tag?post=15373"}],"curies":[{"name":"wp","href":"https:\/\/api.w.org\/{rel}","templated":true}]}}