{"id":15369,"date":"2026-02-27T00:25:59","date_gmt":"2026-02-27T00:25:59","guid":{"rendered":"https:\/\/nordicmart.andreevmaster.com\/product\/songmics-skohylla-med-10-fack-skoskap-30-x-40-x-30-cm-per-fack\/"},"modified":"2026-02-27T08:17:25","modified_gmt":"2026-02-27T08:17:25","slug":"songmics-skohylla-med-10-fack-skoskap-30-x-40-x-30-cm-per-fack","status":"publish","type":"product","link":"https:\/\/nordicmart.andreevmaster.com\/sv\/produkt\/songmics-skohylla-med-10-fack-skoskap-30-x-40-x-30-cm-per-fack\/","title":{"rendered":"SONGMICS  Skohylla med 10 fack, skosk\u00e5p, 30 x 40 x 30 cm per fack"},"content":{"rendered":"<p>SONGMICS skohylla med 10 fack, skosk\u00e5p, 30 x 40 x 30 cm per fack, smal, med d\u00f6rrar, st\u00e5lram, plast, f\u00f6r hall, sovrum, entr\u00e9, svart LPC035B01<br \/>\nProduktdetaljer:<br \/>\n&#8211; F\u00e4rg: Svart<br \/>\n&#8211; Material: ABS-plastkopplingar, PP-plastplatta, st\u00e5lram<br \/>\n&#8211; Storlek: 32 x 82 x 152 cm (D x B x H)<br \/>\n&#8211; Innerm\u00e5tt per fack: 30 x 40 x 30 cm (D x B x H)<br \/>\n&#8211; Vikt: 9,6 kg<br \/>\n&#8211; Max. statisk belastningskapacitet per fack: 5 kg<br \/>\n&#8211; Max. statisk belastningskapacitet totalt: 50 kg<\/p>\n<p>Leveransomfattning:<br \/>\n&#8211; 10 x plastplatta med \u00f6gla (40 x 30 cm)<br \/>\n&#8211; 34 x plastplatta (40 x 30 cm)<br \/>\n&#8211; 15 x plastplatta (30 x 30 cm)<br \/>\n&#8211; 2 x tippskydd<br \/>\n&#8211; 34 x hyllfog<br \/>\n&#8211; 40 x plastkopplingar<br \/>\n&#8211; 1 x metalltr\u00e5dlist med 5 krokar<br \/>\n&#8211; 1 x gummiklubba<br \/>\n&#8211; 1 x bruksanvisning<\/p>\n<p>Anvisningar:<br \/>\n&#8211; F\u00e4st denna skoorganiserare p\u00e5 v\u00e4ggen med den medf\u00f6ljande tippskyddet f\u00f6r att skapa en s\u00e4ker anv\u00e4ndningsmilj\u00f6.<br \/>\n&#8211; Placera inga f\u00f6rem\u00e5l som \u00f6verstiger skosk\u00e5pets maximala belastningskapacitet.<br \/>\n&#8211; St\u00e4ll inte skohyllan utomhus under l\u00e4ngre tid f\u00f6r att undvika skador fr\u00e5n v\u00e4der och vind.<br \/>\n&#8211; Se till att den rundade kanten med &#8221;SONGMICS&#8221;-logotypen p\u00e5 plastpluggarna \u00e4r v\u00e4nd ut\u00e5t vid montering.<br \/>\n&#8211; Se till att plattornas h\u00f6rn \u00e4r helt instuckna i undersidan av kopplingarna f\u00f6r att \u00f6ka stabiliteten.<\/p>\n","protected":false},"excerpt":{"rendered":"<p>SONGMICS skohylla med 10 fack, skosk\u00e5p, 30 x 40 x 30 cm per fack, smal, med d\u00f6rrar, st\u00e5lram, plast, f\u00f6r hall, sovrum, entr\u00e9, svart LPC035B01<\/p>\n","protected":false},"featured_media":43184,"comment_status":"open","ping_status":"closed","template":"","meta":[],"product_brand":[],"product_cat":[33],"product_tag":[],"class_list":{"0":"post-15369","1":"product","2":"type-product","3":"status-publish","4":"has-post-thumbnail","6":"product_cat-okategoriserad","8":"first","9":"instock","10":"shipping-taxable","11":"purchasable","12":"product-type-simple"},"_links":{"self":[{"href":"https:\/\/nordicmart.andreevmaster.com\/sv\/wp-json\/wp\/v2\/product\/15369","targetHints":{"allow":["GET"]}}],"collection":[{"href":"https:\/\/nordicmart.andreevmaster.com\/sv\/wp-json\/wp\/v2\/product"}],"about":[{"href":"https:\/\/nordicmart.andreevmaster.com\/sv\/wp-json\/wp\/v2\/types\/product"}],"replies":[{"embeddable":true,"href":"https:\/\/nordicmart.andreevmaster.com\/sv\/wp-json\/wp\/v2\/comments?post=15369"}],"wp:featuredmedia":[{"embeddable":true,"href":"https:\/\/nordicmart.andreevmaster.com\/sv\/wp-json\/wp\/v2\/media\/43184"}],"wp:attachment":[{"href":"https:\/\/nordicmart.andreevmaster.com\/sv\/wp-json\/wp\/v2\/media?parent=15369"}],"wp:term":[{"taxonomy":"product_brand","embeddable":true,"href":"https:\/\/nordicmart.andreevmaster.com\/sv\/wp-json\/wp\/v2\/product_brand?post=15369"},{"taxonomy":"product_cat","embeddable":true,"href":"https:\/\/nordicmart.andreevmaster.com\/sv\/wp-json\/wp\/v2\/product_cat?post=15369"},{"taxonomy":"product_tag","embeddable":true,"href":"https:\/\/nordicmart.andreevmaster.com\/sv\/wp-json\/wp\/v2\/product_tag?post=15369"}],"curies":[{"name":"wp","href":"https:\/\/api.w.org\/{rel}","templated":true}]}}