{"id":15365,"date":"2026-02-27T00:25:58","date_gmt":"2026-02-27T00:25:58","guid":{"rendered":"https:\/\/nordicmart.andreevmaster.com\/product\/songmics-skostall-med-4-fack-skoskap-med-dorrar\/"},"modified":"2026-02-27T08:17:25","modified_gmt":"2026-02-27T08:17:25","slug":"songmics-skostall-med-4-fack-skoskap-med-dorrar","status":"publish","type":"product","link":"https:\/\/nordicmart.andreevmaster.com\/sv\/produkt\/songmics-skostall-med-4-fack-skoskap-med-dorrar\/","title":{"rendered":"SONGMICS skost\u00e4ll med 4 fack, skosk\u00e5p, med d\u00f6rrar"},"content":{"rendered":"<p>Skohylla med 12 fack, skosk\u00e5p, 30 x 40 x 30 cm per fack, smal, med d\u00f6rrar, st\u00e5lram, plast, vit<br \/>\nSpecifikationer:<br \/>\n&#8211; M\u00e5tt f\u00f6r 2 rader: 32 x 83 x 63 cm (D x B x H)<br \/>\n&#8211; Innerm\u00e5tt per fack: 30 x 40 x 30 cm (D x B x H)<br \/>\n&#8211; Vikt: 4,5 kg<br \/>\n&#8211; Max. statisk b\u00e4rf\u00f6rm\u00e5ga per fack: 5 kg<br \/>\n&#8211; Max. statisk b\u00e4rf\u00f6rm\u00e5ga totalt: 32 kg<br \/>\n&#8211; Material: ABS-plastkopplingar, PP-plastskiva, st\u00e5lram<br \/>\n&#8211; F\u00e4rg: Vit<\/p>\n","protected":false},"excerpt":{"rendered":"<p>Skohylla med 12 fack, skosk\u00e5p, 30 x 40 x 30 cm per fack, smal, med d\u00f6rrar, st\u00e5lram, plast, vit<\/p>\n","protected":false},"featured_media":43180,"comment_status":"open","ping_status":"closed","template":"","meta":[],"product_brand":[],"product_cat":[33],"product_tag":[],"class_list":{"0":"post-15365","1":"product","2":"type-product","3":"status-publish","4":"has-post-thumbnail","6":"product_cat-okategoriserad","8":"first","9":"instock","10":"shipping-taxable","11":"purchasable","12":"product-type-simple"},"_links":{"self":[{"href":"https:\/\/nordicmart.andreevmaster.com\/sv\/wp-json\/wp\/v2\/product\/15365","targetHints":{"allow":["GET"]}}],"collection":[{"href":"https:\/\/nordicmart.andreevmaster.com\/sv\/wp-json\/wp\/v2\/product"}],"about":[{"href":"https:\/\/nordicmart.andreevmaster.com\/sv\/wp-json\/wp\/v2\/types\/product"}],"replies":[{"embeddable":true,"href":"https:\/\/nordicmart.andreevmaster.com\/sv\/wp-json\/wp\/v2\/comments?post=15365"}],"wp:featuredmedia":[{"embeddable":true,"href":"https:\/\/nordicmart.andreevmaster.com\/sv\/wp-json\/wp\/v2\/media\/43180"}],"wp:attachment":[{"href":"https:\/\/nordicmart.andreevmaster.com\/sv\/wp-json\/wp\/v2\/media?parent=15365"}],"wp:term":[{"taxonomy":"product_brand","embeddable":true,"href":"https:\/\/nordicmart.andreevmaster.com\/sv\/wp-json\/wp\/v2\/product_brand?post=15365"},{"taxonomy":"product_cat","embeddable":true,"href":"https:\/\/nordicmart.andreevmaster.com\/sv\/wp-json\/wp\/v2\/product_cat?post=15365"},{"taxonomy":"product_tag","embeddable":true,"href":"https:\/\/nordicmart.andreevmaster.com\/sv\/wp-json\/wp\/v2\/product_tag?post=15365"}],"curies":[{"name":"wp","href":"https:\/\/api.w.org\/{rel}","templated":true}]}}