{"id":15356,"date":"2026-02-27T00:25:56","date_gmt":"2026-02-27T00:25:56","guid":{"rendered":"https:\/\/nordicmart.andreevmaster.com\/product\/songmics-utomhusbur-for-kaniner-bur-for-sma-djur-143-x-108-x-93-cm\/"},"modified":"2026-02-27T08:17:23","modified_gmt":"2026-02-27T08:17:23","slug":"songmics-utomhusbur-for-kaniner-bur-for-sma-djur-143-x-108-x-93-cm","status":"publish","type":"product","link":"https:\/\/nordicmart.andreevmaster.com\/sv\/produkt\/songmics-utomhusbur-for-kaniner-bur-for-sma-djur-143-x-108-x-93-cm\/","title":{"rendered":"SONGMICS utomhusbur f\u00f6r kaniner, bur f\u00f6r sm\u00e5 djur, 143 x 108 x 93 cm"},"content":{"rendered":"<p>DIY-utomhusbur f\u00f6r sm\u00e5 djur Oavsett om du har marsvin, hamstrar eller kaniner som hoppar runt i din l\u00e4genhet, kan du anv\u00e4nda denna utomhusbur f\u00f6r att visa din k\u00e4rlek till dina sm\u00e5 v\u00e4nner. Slottet med balkong och terrass erbjuder nyfikna rackare en skyddad zon d\u00e4r de kan springa fritt och uppt\u00e4cka nya saker. F\u00f6r glada stunder  De gr\u00e5 plattorna i buren g\u00f6r att ditt husdjur alltid k\u00e4nner din n\u00e4rhet. S\u00e4tt dig i soffan p\u00e5 helgen och se hur dina sm\u00e5 \u00e4lsklingar kopplar av, hoppar runt eller utforskar sin nya bur. Vilka glada stunder! Produktdetaljer: &#8211; F\u00e4rg: Gr\u00e5 &#8211; Material: PP-plastplattor med metallram, kopplingsdelar av ABS-plast &#8211; Storlek: 143 x 108 x 92 cm (L x B x H) &#8211; Vikt: 8,1 kg &#8211; Max. statisk belastningsf\u00f6rm\u00e5ga: 10 kg Leveransomfattning: &#8211; 24 x plastplatta (45 x 35 cm) &#8211; 4 x plastplatta (35 x 35 cm) &#8211; 4 x metallgaller (45 x 35 cm) &#8211; 44 x plastkopplingar &#8211; 100 x buntband &#8211; 20 x halkskydd &#8211; 1 x hammare &#8211; 1 x bruksanvisning (DE, EN, FR, IT, ES) SONGMICS Anm\u00e4rkningar: &#8211; Denna bur \u00e4r endast l\u00e4mplig f\u00f6r sm\u00e5 djur. Anv\u00e4nd den inte f\u00f6r hundar och katter. &#8211; Se till att plastplattorna sn\u00e4pper fast ordentligt i plastkopplingarna under monteringen f\u00f6r att \u00f6ka burens stabilitet. &#8211; F\u00e4st dessutom ihop tv\u00e5 plastplattor som placeras bredvid varandra med kabelband. &#8211; S\u00e4tt dig inte p\u00e5 denna produkt och h\u00e5ll den borta fr\u00e5n eld och v\u00e4rmek\u00e4llor.- Placera inte denna produkt utomhus under l\u00e4ngre tid.<\/p>\n","protected":false},"excerpt":{"rendered":"<p>SONGMICS husdjursbur, inh\u00e4gnad f\u00f6r sm\u00e5 djur, 2 v\u00e5ningar, vit LPC004W01<\/p>\n","protected":false},"featured_media":43172,"comment_status":"open","ping_status":"closed","template":"","meta":[],"product_brand":[],"product_cat":[33],"product_tag":[],"class_list":{"0":"post-15356","1":"product","2":"type-product","3":"status-publish","4":"has-post-thumbnail","6":"product_cat-okategoriserad","8":"first","9":"instock","10":"shipping-taxable","11":"purchasable","12":"product-type-simple"},"_links":{"self":[{"href":"https:\/\/nordicmart.andreevmaster.com\/sv\/wp-json\/wp\/v2\/product\/15356","targetHints":{"allow":["GET"]}}],"collection":[{"href":"https:\/\/nordicmart.andreevmaster.com\/sv\/wp-json\/wp\/v2\/product"}],"about":[{"href":"https:\/\/nordicmart.andreevmaster.com\/sv\/wp-json\/wp\/v2\/types\/product"}],"replies":[{"embeddable":true,"href":"https:\/\/nordicmart.andreevmaster.com\/sv\/wp-json\/wp\/v2\/comments?post=15356"}],"wp:featuredmedia":[{"embeddable":true,"href":"https:\/\/nordicmart.andreevmaster.com\/sv\/wp-json\/wp\/v2\/media\/43172"}],"wp:attachment":[{"href":"https:\/\/nordicmart.andreevmaster.com\/sv\/wp-json\/wp\/v2\/media?parent=15356"}],"wp:term":[{"taxonomy":"product_brand","embeddable":true,"href":"https:\/\/nordicmart.andreevmaster.com\/sv\/wp-json\/wp\/v2\/product_brand?post=15356"},{"taxonomy":"product_cat","embeddable":true,"href":"https:\/\/nordicmart.andreevmaster.com\/sv\/wp-json\/wp\/v2\/product_cat?post=15356"},{"taxonomy":"product_tag","embeddable":true,"href":"https:\/\/nordicmart.andreevmaster.com\/sv\/wp-json\/wp\/v2\/product_tag?post=15356"}],"curies":[{"name":"wp","href":"https:\/\/api.w.org\/{rel}","templated":true}]}}