{"id":15354,"date":"2026-02-27T00:25:55","date_gmt":"2026-02-27T00:25:55","guid":{"rendered":"https:\/\/nordicmart.andreevmaster.com\/product\/songmics-utomhusbur-med-bottenplattor-lekhage-marsvinbur\/"},"modified":"2026-02-27T08:17:22","modified_gmt":"2026-02-27T08:17:22","slug":"songmics-utomhusbur-med-bottenplattor-lekhage-marsvinbur","status":"publish","type":"product","link":"https:\/\/nordicmart.andreevmaster.com\/sv\/produkt\/songmics-utomhusbur-med-bottenplattor-lekhage-marsvinbur\/","title":{"rendered":"SONGMICS utomhusbur med bottenplattor, lekhage, marsvinbur"},"content":{"rendered":"<p>Utomhusbur med bottenplattor, lekhage, marsvinbur, av plast, bur f\u00f6r hamstrar, kaniner, 125 x 63 x 42 cm, vit<br \/>\nProduktdetaljer:<br \/>\n&#8211; F\u00e4rg: Vit<br \/>\n&#8211; Material: PP-plastplattor, ABS-plastkopplingar<br \/>\n&#8211; Storlek: 125 x 63 x 42 cm (L x B x H)<br \/>\n&#8211; Vikt: 3,5 kg<\/p>\n<p>Leveransomfattning:<br \/>\n&#8211; 12 x plastplatta (40 x 30 cm)<br \/>\n&#8211; 8 x plastplatta (30 x 30 cm)<br \/>\n&#8211; 27 x plastkoppling<br \/>\n&#8211; 30 x kabelband<br \/>\n&#8211; 1 x gummiklubba<br \/>\n&#8211; 1 x bruksanvisning<\/p>\n<p>Anm\u00e4rkningar:<br \/>\n&#8211; F\u00f6r att f\u00f6rhindra att husdjur tuggar eller biter p\u00e5 plastplattorna ska du montera dem med s\u00f6mmarna ned\u00e5t eller ut\u00e5t.<br \/>\n&#8211; F\u00f6r att f\u00f6rhindra att djuravf\u00f6ring eller avfall l\u00e4cker ut och smutsar ner golvet rekommenderar vi att du l\u00e4gger en kissmatta p\u00e5 golvet i buren under anv\u00e4ndning.<br \/>\n&#8211; Denna bur \u00e4r endast l\u00e4mplig f\u00f6r sm\u00e5 djur. Anv\u00e4nd den inte f\u00f6r hundar och katter.<br \/>\n&#8211; Trots h\u00f6rndesignen med sm\u00e5 mellanrum rekommenderar vi att du l\u00e4gger en matta p\u00e5 golvet f\u00f6r att t\u00e4cka kopplingsdelarna. D\u00e5 finns det ingen risk att dina ivriga sm\u00e5 gnagare biter sig igenom.<br \/>\n&#8211; Se till att plastplattorna sn\u00e4pper fast ordentligt i plastkopplingarna under monteringen f\u00f6r att \u00f6ka burens stabilitet.<br \/>\n&#8211; F\u00e4st dessutom tv\u00e5 plastplattor som ligger bredvid varandra med tv\u00e5 buntband. Anv\u00e4nd inte produkten utomhus f\u00f6r att f\u00f6rl\u00e4nga dess livsl\u00e4ngd.<br \/>\n&#8211; Placera inte detta utomhusbur under en l\u00e4ngre tid utomhus.<\/p>\n","protected":false},"excerpt":{"rendered":"<p>Utomhusbur med bottenplattor, lekhage, marsvinbur, av plast, bur f\u00f6r hamstrar, kaniner, 125 x 63 x 42 cm, vit<\/p>\n","protected":false},"featured_media":43170,"comment_status":"open","ping_status":"closed","template":"","meta":[],"product_brand":[],"product_cat":[33],"product_tag":[],"class_list":{"0":"post-15354","1":"product","2":"type-product","3":"status-publish","4":"has-post-thumbnail","6":"product_cat-okategoriserad","8":"first","9":"instock","10":"shipping-taxable","11":"purchasable","12":"product-type-simple"},"_links":{"self":[{"href":"https:\/\/nordicmart.andreevmaster.com\/sv\/wp-json\/wp\/v2\/product\/15354","targetHints":{"allow":["GET"]}}],"collection":[{"href":"https:\/\/nordicmart.andreevmaster.com\/sv\/wp-json\/wp\/v2\/product"}],"about":[{"href":"https:\/\/nordicmart.andreevmaster.com\/sv\/wp-json\/wp\/v2\/types\/product"}],"replies":[{"embeddable":true,"href":"https:\/\/nordicmart.andreevmaster.com\/sv\/wp-json\/wp\/v2\/comments?post=15354"}],"wp:featuredmedia":[{"embeddable":true,"href":"https:\/\/nordicmart.andreevmaster.com\/sv\/wp-json\/wp\/v2\/media\/43170"}],"wp:attachment":[{"href":"https:\/\/nordicmart.andreevmaster.com\/sv\/wp-json\/wp\/v2\/media?parent=15354"}],"wp:term":[{"taxonomy":"product_brand","embeddable":true,"href":"https:\/\/nordicmart.andreevmaster.com\/sv\/wp-json\/wp\/v2\/product_brand?post=15354"},{"taxonomy":"product_cat","embeddable":true,"href":"https:\/\/nordicmart.andreevmaster.com\/sv\/wp-json\/wp\/v2\/product_cat?post=15354"},{"taxonomy":"product_tag","embeddable":true,"href":"https:\/\/nordicmart.andreevmaster.com\/sv\/wp-json\/wp\/v2\/product_tag?post=15354"}],"curies":[{"name":"wp","href":"https:\/\/api.w.org\/{rel}","templated":true}]}}