{"id":15351,"date":"2026-02-27T00:25:55","date_gmt":"2026-02-27T00:25:55","guid":{"rendered":"https:\/\/nordicmart.andreevmaster.com\/product\/songmics-hyllsystem-for-barn-set-med-16-kuber\/"},"modified":"2026-02-27T08:17:22","modified_gmt":"2026-02-27T08:17:22","slug":"songmics-hyllsystem-for-barn-set-med-16-kuber","status":"publish","type":"product","link":"https:\/\/nordicmart.andreevmaster.com\/sv\/produkt\/songmics-hyllsystem-for-barn-set-med-16-kuber\/","title":{"rendered":"SONGMICS hyllsystem f\u00f6r barn Set med 16 kuber"},"content":{"rendered":"<p>SONGMICS hyllsystem med 16 kuber, f\u00f6rvaringssk\u00e5p f\u00f6r barn, kl\u00e4dsk\u00e5p med d\u00f6rrar, skohylla i plast, plugghylla, multifunktionell, skor, leksaker, 123 x 31 x 123 cm, vit LPC906W01<br \/>\nF\u00e4rg: Rosa<br \/>\nMaterial: PP-plastskivor med metallram, ABS-plastkopplingar<br \/>\nStorlek (15 kuber): 153 x 31 x 153 cm (L x B x H)<br \/>\nStorlek (16 kuber): 123 x 31 x 123 cm (L x B x H)<br \/>\nStorlek per kub: 30 x 30 x 30 cm (L x B x H)<br \/>\nVikt: 10,5 kg<br \/>\nMax. statisk belastningskapacitet per kub: 10 kg<br \/>\nVikt: 10,5 kg<br \/>\nMax. statisk belastningskapacitet per kub: 10 kg<\/p>\n","protected":false},"excerpt":{"rendered":"<p>SONGMICS hyllsystem med 16 kuber, f\u00f6rvaringssk\u00e5p f\u00f6r barn, kl\u00e4dsk\u00e5p med d\u00f6rrar, skohylla i plast, plugghylla, multifunktionell, skor, leksaker, 123 x 31 x 123 cm, vit LPC906W01<\/p>\n","protected":false},"featured_media":43167,"comment_status":"open","ping_status":"closed","template":"","meta":[],"product_brand":[],"product_cat":[33],"product_tag":[],"class_list":{"0":"post-15351","1":"product","2":"type-product","3":"status-publish","4":"has-post-thumbnail","6":"product_cat-okategoriserad","8":"first","9":"instock","10":"shipping-taxable","11":"purchasable","12":"product-type-simple"},"_links":{"self":[{"href":"https:\/\/nordicmart.andreevmaster.com\/sv\/wp-json\/wp\/v2\/product\/15351","targetHints":{"allow":["GET"]}}],"collection":[{"href":"https:\/\/nordicmart.andreevmaster.com\/sv\/wp-json\/wp\/v2\/product"}],"about":[{"href":"https:\/\/nordicmart.andreevmaster.com\/sv\/wp-json\/wp\/v2\/types\/product"}],"replies":[{"embeddable":true,"href":"https:\/\/nordicmart.andreevmaster.com\/sv\/wp-json\/wp\/v2\/comments?post=15351"}],"wp:featuredmedia":[{"embeddable":true,"href":"https:\/\/nordicmart.andreevmaster.com\/sv\/wp-json\/wp\/v2\/media\/43167"}],"wp:attachment":[{"href":"https:\/\/nordicmart.andreevmaster.com\/sv\/wp-json\/wp\/v2\/media?parent=15351"}],"wp:term":[{"taxonomy":"product_brand","embeddable":true,"href":"https:\/\/nordicmart.andreevmaster.com\/sv\/wp-json\/wp\/v2\/product_brand?post=15351"},{"taxonomy":"product_cat","embeddable":true,"href":"https:\/\/nordicmart.andreevmaster.com\/sv\/wp-json\/wp\/v2\/product_cat?post=15351"},{"taxonomy":"product_tag","embeddable":true,"href":"https:\/\/nordicmart.andreevmaster.com\/sv\/wp-json\/wp\/v2\/product_tag?post=15351"}],"curies":[{"name":"wp","href":"https:\/\/api.w.org\/{rel}","templated":true}]}}