{"id":15350,"date":"2026-02-27T00:25:54","date_gmt":"2026-02-27T00:25:54","guid":{"rendered":"https:\/\/nordicmart.andreevmaster.com\/product\/songmics-plastgarderob-for-barn\/"},"modified":"2026-02-27T08:17:21","modified_gmt":"2026-02-27T08:17:21","slug":"songmics-plastgarderob-for-barn","status":"publish","type":"product","link":"https:\/\/nordicmart.andreevmaster.com\/sv\/produkt\/songmics-plastgarderob-for-barn\/","title":{"rendered":"SONGMICS plastgarderob f\u00f6r barn"},"content":{"rendered":"<p>En positiv inverkan p\u00e5 barn Fantasifulla m\u00f6nster, fr\u00e4scha f\u00e4rger och s\u00f6ta kuber \u2013 om dina barn \u00e4r intresserade av rymden eller gillar att l\u00e4ra sig genom lek kommer denna garderob garanterat att v\u00e4cka entusiasm och uppmuntra barnen att anv\u00e4nda kuberna och st\u00e4da undan sina saker sj\u00e4lva. Rummet kommer att lysa i ny glans! Uppt\u00e4ck fler m\u00f6jligheter Denna garderob har 4 kl\u00e4dst\u00e4nger f\u00f6r sm\u00e5 kl\u00e4dh\u00e4ngare och separata kuber f\u00f6r f\u00f6rvaring av leksaker, verktyg och skor. Den sammankopplade designen g\u00f6r att du kan bygga ett m\u00f6bel efter dina \u00f6nskem\u00e5l s\u00e5 att det passar i varje h\u00f6rn i olika rum, s\u00e5som sovrummet, lekrummet, hallen eller n\u00e5gon helt annanstans. Produktdetaljer:- F\u00e4rg: Vit &#8211; Material: PP-plastskiva, metallram, ABS-plastkoppling &#8211; Storlek: 123 x 41 x 123 cm (L x B x H) &#8211; Storlek per kub: 30 x 40 x 30 cm (L x B x H) &#8211; Vikt: 11 kg &#8211; Max. statisk belastningskapacitet per kub: 10 kg &#8211; Max. statisk belastningskapacitet totalt: 80 kg Leveransomfattning: &#8211; 40 x plastskiva (40 x 30 cm) &#8211; 16 x plastskiva (30 x 30 cm)- 16 x d\u00f6rr (30 x 30 cm) &#8211; 4 x h\u00e4ngst\u00e5ng &#8211; 52 x ABS-plastkoppling &#8211; 1 x hammare &#8211; 1 x tippskydd &#8211; 1 x bruksanvisning (DE, EN, FR, IT, ES) SONGMICS Anm\u00e4rkningar: &#8211; F\u00e4st produkten p\u00e5 v\u00e4ggen med hj\u00e4lp av det medf\u00f6ljande tippskyddet.- Ej l\u00e4mplig f\u00f6r barn under 3 \u00e5r. Barn \u00f6ver 3 \u00e5r f\u00e5r endast anv\u00e4nda produkten under uppsikt av vuxna. &#8211; Alla plastplattor ska tryckas ned helt under monteringen. Kontrollera efter varje rad att tr\u00e5dramarna \u00e4r helt nedtryckta i kopplingsdelen f\u00f6r att \u00f6ka produktens stabilitet.<\/p>\n","protected":false},"excerpt":{"rendered":"<p>SONGMICS Garderob, DIY-f\u00f6rvaringssk\u00e5p, f\u00f6r h\u00e4ngande kl\u00e4der, f\u00f6rvaring, f\u00f6r barn, med 16 kuber, 4 h\u00e4ngst\u00e4nger, 123 x 41 x 123 cm, vit LPC905W01<\/p>\n","protected":false},"featured_media":43166,"comment_status":"open","ping_status":"closed","template":"","meta":[],"product_brand":[],"product_cat":[33],"product_tag":[],"class_list":{"0":"post-15350","1":"product","2":"type-product","3":"status-publish","4":"has-post-thumbnail","6":"product_cat-okategoriserad","8":"first","9":"instock","10":"shipping-taxable","11":"purchasable","12":"product-type-simple"},"_links":{"self":[{"href":"https:\/\/nordicmart.andreevmaster.com\/sv\/wp-json\/wp\/v2\/product\/15350","targetHints":{"allow":["GET"]}}],"collection":[{"href":"https:\/\/nordicmart.andreevmaster.com\/sv\/wp-json\/wp\/v2\/product"}],"about":[{"href":"https:\/\/nordicmart.andreevmaster.com\/sv\/wp-json\/wp\/v2\/types\/product"}],"replies":[{"embeddable":true,"href":"https:\/\/nordicmart.andreevmaster.com\/sv\/wp-json\/wp\/v2\/comments?post=15350"}],"wp:featuredmedia":[{"embeddable":true,"href":"https:\/\/nordicmart.andreevmaster.com\/sv\/wp-json\/wp\/v2\/media\/43166"}],"wp:attachment":[{"href":"https:\/\/nordicmart.andreevmaster.com\/sv\/wp-json\/wp\/v2\/media?parent=15350"}],"wp:term":[{"taxonomy":"product_brand","embeddable":true,"href":"https:\/\/nordicmart.andreevmaster.com\/sv\/wp-json\/wp\/v2\/product_brand?post=15350"},{"taxonomy":"product_cat","embeddable":true,"href":"https:\/\/nordicmart.andreevmaster.com\/sv\/wp-json\/wp\/v2\/product_cat?post=15350"},{"taxonomy":"product_tag","embeddable":true,"href":"https:\/\/nordicmart.andreevmaster.com\/sv\/wp-json\/wp\/v2\/product_tag?post=15350"}],"curies":[{"name":"wp","href":"https:\/\/api.w.org\/{rel}","templated":true}]}}