{"id":15349,"date":"2026-02-27T00:25:54","date_gmt":"2026-02-27T00:25:54","guid":{"rendered":"https:\/\/nordicmart.andreevmaster.com\/product\/songmics-plugghylla-i-plast-for-barn\/"},"modified":"2026-02-27T08:17:21","modified_gmt":"2026-02-27T08:17:21","slug":"songmics-plugghylla-i-plast-for-barn","status":"publish","type":"product","link":"https:\/\/nordicmart.andreevmaster.com\/sv\/produkt\/songmics-plugghylla-i-plast-for-barn\/","title":{"rendered":"SONGMICS plugghylla i plast f\u00f6r barn"},"content":{"rendered":"<p>En positiv inverkan p\u00e5 barn \u2013 Fantasifulla m\u00f6nster, fr\u00e4scha f\u00e4rger och s\u00f6ta kuber \u2013 Om dina barn \u00e4r intresserade av rymden eller gillar att l\u00e4ra sig genom lek kommer denna skosk\u00e5p s\u00e4kert att v\u00e4cka entusiasm och uppmuntra barnen att st\u00e4da upp sina saker sj\u00e4lva. Rummet kommer att lysa i ny glans! Produktdetaljer:- F\u00e4rg: Vit &#8211; Material: PP-plastskiva, metallram, ABS-plastkoppling &#8211; Storlek p\u00e5 tv\u00e5 rader: 83 x 31 x 54 cm (L x B x H) &#8211; Storlek p\u00e5 en rad: 43 x 31 x 105 cm (L x B x H) &#8211; Storlek per fack: 40 x 30 x 17 cm (L x B x H) &#8211; Vikt: 4,4 kg &#8211; Max. statisk belastningskapacitet per kub: 10 kg &#8211; Max. statisk belastningskapacitet totalt: 80 kg Leveransomfattning: &#8211; 8 x plastskiva (40 x 30 cm) &#8211; 6 x plastskiva (40 x 17 cm) &#8211; 12 x plastskiva (30 x 17 cm) &#8211; 6 x d\u00f6rr (40 x 17 cm) &#8211; 28 x ABS-plastkoppling &#8211; 1 x hammare &#8211; 1 x tippskydd &#8211; 1 x bruksanvisning (DE, EN, FR, IT, ES) SONGMICS Anm\u00e4rkningar:- F\u00e4st produkten p\u00e5 v\u00e4ggen med hj\u00e4lp av det medf\u00f6ljande tippskyddet. &#8211; Ej l\u00e4mplig f\u00f6r barn under 3 \u00e5r. Barn \u00f6ver 3 \u00e5r f\u00e5r endast anv\u00e4nda produkten under uppsikt av vuxna. &#8211; Alla plastplattor ska tryckas ned helt under monteringen. Kontrollera efter varje rad att tr\u00e5dramarna \u00e4r helt nedtryckta i kopplingsstycket f\u00f6r att \u00f6ka produktens stabilitet.<\/p>\n","protected":false},"excerpt":{"rendered":"<p>SONGMICS barnskorhylla, f\u00f6rvaringssk\u00e5p, skoorganisator, f\u00f6r barn, med 6 fack, med plastplattor, kl\u00e4dsk\u00e5p med d\u00f6rrar, 43 x 31 x 105 cm, vit LPC904W01<\/p>\n","protected":false},"featured_media":43165,"comment_status":"open","ping_status":"closed","template":"","meta":[],"product_brand":[],"product_cat":[33],"product_tag":[],"class_list":{"0":"post-15349","1":"product","2":"type-product","3":"status-publish","4":"has-post-thumbnail","6":"product_cat-okategoriserad","8":"first","9":"instock","10":"shipping-taxable","11":"purchasable","12":"product-type-simple"},"_links":{"self":[{"href":"https:\/\/nordicmart.andreevmaster.com\/sv\/wp-json\/wp\/v2\/product\/15349","targetHints":{"allow":["GET"]}}],"collection":[{"href":"https:\/\/nordicmart.andreevmaster.com\/sv\/wp-json\/wp\/v2\/product"}],"about":[{"href":"https:\/\/nordicmart.andreevmaster.com\/sv\/wp-json\/wp\/v2\/types\/product"}],"replies":[{"embeddable":true,"href":"https:\/\/nordicmart.andreevmaster.com\/sv\/wp-json\/wp\/v2\/comments?post=15349"}],"wp:featuredmedia":[{"embeddable":true,"href":"https:\/\/nordicmart.andreevmaster.com\/sv\/wp-json\/wp\/v2\/media\/43165"}],"wp:attachment":[{"href":"https:\/\/nordicmart.andreevmaster.com\/sv\/wp-json\/wp\/v2\/media?parent=15349"}],"wp:term":[{"taxonomy":"product_brand","embeddable":true,"href":"https:\/\/nordicmart.andreevmaster.com\/sv\/wp-json\/wp\/v2\/product_brand?post=15349"},{"taxonomy":"product_cat","embeddable":true,"href":"https:\/\/nordicmart.andreevmaster.com\/sv\/wp-json\/wp\/v2\/product_cat?post=15349"},{"taxonomy":"product_tag","embeddable":true,"href":"https:\/\/nordicmart.andreevmaster.com\/sv\/wp-json\/wp\/v2\/product_tag?post=15349"}],"curies":[{"name":"wp","href":"https:\/\/api.w.org\/{rel}","templated":true}]}}