{"id":15348,"date":"2026-02-27T00:25:54","date_gmt":"2026-02-27T00:25:54","guid":{"rendered":"https:\/\/nordicmart.andreevmaster.com\/product\/songmics-hyllsystem-i-plast\/"},"modified":"2026-02-27T08:17:21","modified_gmt":"2026-02-27T08:17:21","slug":"songmics-hyllsystem-i-plast","status":"publish","type":"product","link":"https:\/\/nordicmart.andreevmaster.com\/sv\/produkt\/songmics-hyllsystem-i-plast\/","title":{"rendered":"SONGMICS hyllsystem i plast"},"content":{"rendered":"<p>Ett riktigt blickf\u00e5ng Unika m\u00f6nster, s\u00f6ta f\u00e4rger \u2013 ge dina barn detta hyllsystem med rymdtema s\u00e5 att de kan l\u00e5ta fantasin fl\u00f6da fritt \u2013 sm\u00e5 uppt\u00e4cktsresande tycker att en resa till rymden \u00e4r riktigt h\u00e4ftig! Uppt\u00e4ck \u00e4nnu fler m\u00f6jligheter Detta plugghyllsystem erbjuder m\u00e5nga olika anv\u00e4ndningsm\u00f6jligheter. Du kan bygga det individuellt och anpassa det efter ditt utrymme. De s\u00f6ta rymdmotiven uppmuntrar dessutom dina barn att st\u00e4da och fungerar som en p\u00e5minnelse om i vilket fack respektive f\u00f6rem\u00e5l ska placeras. T\u00dcV-testad kvalitet Inom ramen f\u00f6r f\u00f6ljande tester utf\u00f6rda av T\u00dcV Rheinland kunde ingen farlig \u201dutsl\u00e4pp av 19 produktelement\u201d enligt EN 71-3:2019 samt \u201dutsl\u00e4pp av aluminium\u201d enligt direktiv (EU) 2019\/1922 fr\u00e5n kommissionen, till\u00e4gg till direktiv 2009\/48\/EG (rapportnr: 244235596a 001). Produktdetaljer: &#8211; F\u00e4rg: Vit &#8211; Material: PP-plastskivor med metallram, ABS-plastkopplingar &#8211; Storlek: 123 x 31 x 123 cm (L x B x H) &#8211; Storlek per kub: 30 x 30 x 30 cm (L x B x H) &#8211; Vikt: 7,2 kg &#8211; Max. statisk belastningskapacitet per kub: 10 kg &#8211; Max. statisk belastningskapacitet totalt: 80 kg SONGMICS Anvisningar:- F\u00e4st denna produkt p\u00e5 v\u00e4ggen med den medf\u00f6ljande tippskyddet f\u00f6r att garantera s\u00e4ker anv\u00e4ndning. &#8211; Ej l\u00e4mplig f\u00f6r barn under 3 \u00e5r. Barn \u00f6ver 3 \u00e5r f\u00e5r endast anv\u00e4nda produkten under uppsikt av en vuxen. &#8211; Alla plastplattor ska tryckas helt ned under monteringen. Kontrollera efter varje rad att tr\u00e5dramarna \u00e4r helt nedtryckta i kopplingsdelen f\u00f6r att \u00f6ka produktens stabilitet.<\/p>\n","protected":false},"excerpt":{"rendered":"<p>SONGMICS hyllsystem med 10 kuber, f\u00f6rvaringssk\u00e5p f\u00f6r barn, plugghylla, skohylla i plast, kl\u00e4dsk\u00e5p med d\u00f6rrar, f\u00f6r skor, leksaker, 123 x 31 x 123 cm, vit LPC903W01<\/p>\n","protected":false},"featured_media":43164,"comment_status":"open","ping_status":"closed","template":"","meta":[],"product_brand":[],"product_cat":[33],"product_tag":[],"class_list":{"0":"post-15348","1":"product","2":"type-product","3":"status-publish","4":"has-post-thumbnail","6":"product_cat-okategoriserad","8":"first","9":"instock","10":"shipping-taxable","11":"purchasable","12":"product-type-simple"},"_links":{"self":[{"href":"https:\/\/nordicmart.andreevmaster.com\/sv\/wp-json\/wp\/v2\/product\/15348","targetHints":{"allow":["GET"]}}],"collection":[{"href":"https:\/\/nordicmart.andreevmaster.com\/sv\/wp-json\/wp\/v2\/product"}],"about":[{"href":"https:\/\/nordicmart.andreevmaster.com\/sv\/wp-json\/wp\/v2\/types\/product"}],"replies":[{"embeddable":true,"href":"https:\/\/nordicmart.andreevmaster.com\/sv\/wp-json\/wp\/v2\/comments?post=15348"}],"wp:featuredmedia":[{"embeddable":true,"href":"https:\/\/nordicmart.andreevmaster.com\/sv\/wp-json\/wp\/v2\/media\/43164"}],"wp:attachment":[{"href":"https:\/\/nordicmart.andreevmaster.com\/sv\/wp-json\/wp\/v2\/media?parent=15348"}],"wp:term":[{"taxonomy":"product_brand","embeddable":true,"href":"https:\/\/nordicmart.andreevmaster.com\/sv\/wp-json\/wp\/v2\/product_brand?post=15348"},{"taxonomy":"product_cat","embeddable":true,"href":"https:\/\/nordicmart.andreevmaster.com\/sv\/wp-json\/wp\/v2\/product_cat?post=15348"},{"taxonomy":"product_tag","embeddable":true,"href":"https:\/\/nordicmart.andreevmaster.com\/sv\/wp-json\/wp\/v2\/product_tag?post=15348"}],"curies":[{"name":"wp","href":"https:\/\/api.w.org\/{rel}","templated":true}]}}