{"id":15347,"date":"2026-02-27T00:25:53","date_gmt":"2026-02-27T00:25:53","guid":{"rendered":"https:\/\/nordicmart.andreevmaster.com\/product\/songmics-forvaringsskap-for-barn\/"},"modified":"2026-02-27T08:17:21","modified_gmt":"2026-02-27T08:17:21","slug":"songmics-forvaringsskap-for-barn","status":"publish","type":"product","link":"https:\/\/nordicmart.andreevmaster.com\/sv\/produkt\/songmics-forvaringsskap-for-barn\/","title":{"rendered":"SONGMICS f\u00f6rvaringssk\u00e5p f\u00f6r barn"},"content":{"rendered":"<p>H\u00e5ll kaoset under kontroll! Aldrig mer kommer du att beh\u00f6va hantera f\u00f6ljande situation: &#8221;Mamma, var \u00e4r mina strumpor?&#8221;. Denna s\u00f6ta kubhylla uppmuntrar dina sm\u00e5 att st\u00e4da sitt rum sj\u00e4lva. I detta sk\u00e5p finns det plats f\u00f6r dina barns strumpor, kl\u00e4der, leksaker eller b\u00f6cker. Uppt\u00e4ck \u00e4nnu fler m\u00f6jligheter Denna hyllanl\u00e4ggning erbjuder m\u00e5nga olika anv\u00e4ndningsm\u00f6jligheter. Du kan bygga den individuellt och anpassa den efter ditt rum. Ge dina barn denna hyllanl\u00e4ggning med rymdtema s\u00e5 att de kan l\u00e5ta fantasin fl\u00f6da. Sm\u00e5 uppt\u00e4cktsresande tycker att en resa till rymden \u00e4r s\u00e5 h\u00e4ftigt! Produktdetaljer: &#8211; F\u00e4rg: mj\u00f6lkvit, f\u00e4rgglatt m\u00f6nster (rymdmotiv) &#8211; Material: PP-plastskivor med metallram, ABS-plastkopplingar &#8211; Storlek: 123 x 31 x 123 cm (L x B x H) &#8211; Storlek per kub: 30 x 30 x 30 cm (L x B x H) &#8211; Vikt: 10,5 kg &#8211; Max. statisk belastningskapacitet per kub: 10 kg Leveransomfattning:- 56 x plastplatta i mj\u00f6lkvit (30 x 30 cm) &#8211; 15 x d\u00f6rrplatta med m\u00f6nster (30 x 30 cm) &#8211; 52 x ABS-plastkoppling i vitt &#8211; 1 x hammare &#8211; 2 x tippskydd &#8211; 1 x bruksanvisning (DE, EN, FR, ES, IT) SONGMICS Anm\u00e4rkningar:- F\u00e4st produkten p\u00e5 v\u00e4ggen med det medf\u00f6ljande tippskyddet f\u00f6r att garantera s\u00e4ker anv\u00e4ndning. &#8211; Ej l\u00e4mplig f\u00f6r barn under 3 \u00e5r. Barn \u00f6ver 3 \u00e5r f\u00e5r endast anv\u00e4nda produkten under uppsikt av en vuxen. &#8211; Montera inte produkten om delar saknas eller \u00e4r defekta. Kontakta oss omedelbart i s\u00e5dana fall s\u00e5 att vi kan skicka ers\u00e4ttningsdelar. Produktbeskrivning<\/p>\n","protected":false},"excerpt":{"rendered":"<p>SONGMICS hyllsystem med 15 kuber, f\u00f6rvaringssk\u00e5p f\u00f6r barn, plugghylla, skohylla i plast, kl\u00e4dsk\u00e5p med d\u00f6rrar, multifunktionell, skor, leksaker, 123 x 31 x 123 cm, vit LPC902W<\/p>\n","protected":false},"featured_media":43163,"comment_status":"open","ping_status":"closed","template":"","meta":[],"product_brand":[],"product_cat":[33],"product_tag":[],"class_list":{"0":"post-15347","1":"product","2":"type-product","3":"status-publish","4":"has-post-thumbnail","6":"product_cat-okategoriserad","8":"first","9":"instock","10":"shipping-taxable","11":"purchasable","12":"product-type-simple"},"_links":{"self":[{"href":"https:\/\/nordicmart.andreevmaster.com\/sv\/wp-json\/wp\/v2\/product\/15347","targetHints":{"allow":["GET"]}}],"collection":[{"href":"https:\/\/nordicmart.andreevmaster.com\/sv\/wp-json\/wp\/v2\/product"}],"about":[{"href":"https:\/\/nordicmart.andreevmaster.com\/sv\/wp-json\/wp\/v2\/types\/product"}],"replies":[{"embeddable":true,"href":"https:\/\/nordicmart.andreevmaster.com\/sv\/wp-json\/wp\/v2\/comments?post=15347"}],"wp:featuredmedia":[{"embeddable":true,"href":"https:\/\/nordicmart.andreevmaster.com\/sv\/wp-json\/wp\/v2\/media\/43163"}],"wp:attachment":[{"href":"https:\/\/nordicmart.andreevmaster.com\/sv\/wp-json\/wp\/v2\/media?parent=15347"}],"wp:term":[{"taxonomy":"product_brand","embeddable":true,"href":"https:\/\/nordicmart.andreevmaster.com\/sv\/wp-json\/wp\/v2\/product_brand?post=15347"},{"taxonomy":"product_cat","embeddable":true,"href":"https:\/\/nordicmart.andreevmaster.com\/sv\/wp-json\/wp\/v2\/product_cat?post=15347"},{"taxonomy":"product_tag","embeddable":true,"href":"https:\/\/nordicmart.andreevmaster.com\/sv\/wp-json\/wp\/v2\/product_tag?post=15347"}],"curies":[{"name":"wp","href":"https:\/\/api.w.org\/{rel}","templated":true}]}}