{"id":15346,"date":"2026-02-27T00:25:53","date_gmt":"2026-02-27T00:25:53","guid":{"rendered":"https:\/\/nordicmart.andreevmaster.com\/product\/songmics-diy-hyllsystem-med-14-fack-vitt\/"},"modified":"2026-02-27T08:17:21","modified_gmt":"2026-02-27T08:17:21","slug":"songmics-diy-hyllsystem-med-14-fack-vitt","status":"publish","type":"product","link":"https:\/\/nordicmart.andreevmaster.com\/sv\/produkt\/songmics-diy-hyllsystem-med-14-fack-vitt\/","title":{"rendered":"SONGMICS DIY-hyllsystem med 14 fack, vitt"},"content":{"rendered":"<p>Stabilitet \u00e4r det viktigaste: PP-plastskivorna i detta hyllsystem \u00e4r fast sammanfogade med h\u00f6gkvalitativa kopplingsdelar, vilket ger en god belastningskapacitet. Varje fack t\u00e5l en vikt p\u00e5 10 kg. Du kan allts\u00e5 utan problem f\u00f6rvara kl\u00e4der, skor, leksaker eller v\u00e4skor i dem. Stabiliteten hos detta hyllsystem \u00f6kas dessutom tack vare de tv\u00e5 medf\u00f6ljande tippskyddsremmarna. Alla n\u00f6dv\u00e4ndiga verktyg ing\u00e5r: F\u00f6r att underl\u00e4tta monteringen erbjuder vi allt du beh\u00f6ver, inklusive en gummiklubba. F\u00f6lj bara instruktionerna eller monteringsvideon och bygg upp detta hyllsystem steg f\u00f6r steg. P\u00e5 s\u00e5 s\u00e4tt g\u00e5r monteringen p\u00e5 nolltid. Produktdetaljer: F\u00e4rg: Halvtransparent vitt Material: PP-plastskivor med metalltr\u00e5dram, kopplingsdelar av PC-ABS-blandplast Storlek: 63 x 31 x 93 cm (L x B x H) Vikt: 6,4 kg Max. statisk belastningskapacitet per kub: 10 kg Leveransomfattning: 15 x plastskiva (30 x 30 cm)13 x plastplatta med urtag (30 x 30 cm) 3 x plastplatta (30 x 15 cm) 24 x rund kopplingsdel 20 x T-formad kopplingsdel 6 x korsformad kopplingsdel 1 x gummiklubba 2 x tippskyddsrem 1 x bruksanvisning (DE, EN, FR, ES, IT) SONGMICS Anm\u00e4rkningar:H\u00e5ll barn borta fr\u00e5n sm\u00e5delar f\u00f6r att undvika eventuella faror. Alla plastplattor ska tryckas ned helt under monteringen. Kontrollera ocks\u00e5 att tr\u00e5dramarna \u00e4r helt nedtryckta i kopplingsdelen f\u00f6r att \u00f6ka produktens stabilitet.<\/p>\n","protected":false},"excerpt":{"rendered":"<p>SONGMICS kubhylla, hyllsystem i plast, plugghylla, platsbesparande, f\u00f6rvaring f\u00f6r kl\u00e4der, leksaker, kl\u00e4dkammare, vardagsrum, sovrum, vit LPC601W<\/p>\n","protected":false},"featured_media":43162,"comment_status":"open","ping_status":"closed","template":"","meta":[],"product_brand":[],"product_cat":[33],"product_tag":[],"class_list":{"0":"post-15346","1":"product","2":"type-product","3":"status-publish","4":"has-post-thumbnail","6":"product_cat-okategoriserad","8":"first","9":"instock","10":"shipping-taxable","11":"purchasable","12":"product-type-simple"},"_links":{"self":[{"href":"https:\/\/nordicmart.andreevmaster.com\/sv\/wp-json\/wp\/v2\/product\/15346","targetHints":{"allow":["GET"]}}],"collection":[{"href":"https:\/\/nordicmart.andreevmaster.com\/sv\/wp-json\/wp\/v2\/product"}],"about":[{"href":"https:\/\/nordicmart.andreevmaster.com\/sv\/wp-json\/wp\/v2\/types\/product"}],"replies":[{"embeddable":true,"href":"https:\/\/nordicmart.andreevmaster.com\/sv\/wp-json\/wp\/v2\/comments?post=15346"}],"wp:featuredmedia":[{"embeddable":true,"href":"https:\/\/nordicmart.andreevmaster.com\/sv\/wp-json\/wp\/v2\/media\/43162"}],"wp:attachment":[{"href":"https:\/\/nordicmart.andreevmaster.com\/sv\/wp-json\/wp\/v2\/media?parent=15346"}],"wp:term":[{"taxonomy":"product_brand","embeddable":true,"href":"https:\/\/nordicmart.andreevmaster.com\/sv\/wp-json\/wp\/v2\/product_brand?post=15346"},{"taxonomy":"product_cat","embeddable":true,"href":"https:\/\/nordicmart.andreevmaster.com\/sv\/wp-json\/wp\/v2\/product_cat?post=15346"},{"taxonomy":"product_tag","embeddable":true,"href":"https:\/\/nordicmart.andreevmaster.com\/sv\/wp-json\/wp\/v2\/product_tag?post=15346"}],"curies":[{"name":"wp","href":"https:\/\/api.w.org\/{rel}","templated":true}]}}