{"id":15345,"date":"2026-02-27T00:25:53","date_gmt":"2026-02-27T00:25:53","guid":{"rendered":"https:\/\/nordicmart.andreevmaster.com\/product\/songmics-skostall-med-30-fack\/"},"modified":"2026-02-27T08:17:20","modified_gmt":"2026-02-27T08:17:20","slug":"songmics-skostall-med-30-fack","status":"publish","type":"product","link":"https:\/\/nordicmart.andreevmaster.com\/sv\/produkt\/songmics-skostall-med-30-fack\/","title":{"rendered":"SONGMICS skost\u00e4ll med 30 fack"},"content":{"rendered":"<p>H\u00f6jdpunkterna i detta skost\u00e4ll: &#8211; Plastplattorna \u00e4r l\u00e4tta att reng\u00f6ra. &#8211; \u00d6ppna fack; f\u00f6rhindrar att obehagliga lukter bildas. &#8211; Justerbara skiljev\u00e4ggar; skor i olika storlekar \u2013 till exempel st\u00f6vlar, sneakers eller h\u00f6gklackade skor \u2013 passar perfekt i detta st\u00e4ll. &#8211; 30 fack; stor kapacitet; passar minst 30 par skor.- Den medf\u00f6ljande tippskyddet ger extra s\u00e4kerhet. &#8211; Hj\u00e4lper dig att f\u00f6rvara skor i hallen eller kl\u00e4der och leksaker i sovrummet. Produktdetaljer: &#8211; F\u00e4rg: Halvtransparent vitt &#8211; Material: PP-plastplattor, metalltr\u00e5dsram, ABS-plastkopplingar &#8211; Storlek: 91 x 31 x 123 cm (L x B x H) &#8211; Storlek per fack (4 olika storlekar): 22 x 30 x 13,3 cm (L x B x H) 22 x 30 x 20 cm (L x B x H) 22 x 30 x 26,6 cm (L x B x H) 22 x 30 x 40 cm (L x B x H) &#8211; Vikt: 8,7 kg &#8211; Max. statisk belastningskapacitet per fack: 10 kg &#8211; Max. statisk belastningskapacitet totalt: 80 kg Leveransomf\u00e5ng:- 15 x plastplatta (40 x 30 cm)- 12 x plastplatta (40 x 22 cm)- 34 x plastplatta (30 x 22 cm)- 40 x kopplingsdel- 72 x enkelkrok- 18 x dubbelkrok- 1 x tippskydd- 1 x hammare- 1 x bruksanvisning (DE, FR, EN, ES, IT) SONGMICS Anm\u00e4rkningar: &#8211; Produktens maximala statiska belastningskapacitet \u00e4r 80 kg. \u00d6verskrid inte denna maximala vikt. &#8211; F\u00e4st produkten p\u00e5 v\u00e4ggen med det medf\u00f6ljande tippskyddet f\u00f6r att garantera s\u00e4ker anv\u00e4ndning. &#8211; Alla tillbeh\u00f6r som kr\u00e4vs f\u00f6r montering av produkten ing\u00e5r i leveransen.<\/p>\n","protected":false},"excerpt":{"rendered":"<p>SONGMICS skohylla med 30 fack, hyllsystem, plugghylla, 91 x 31 x 123 cm, med justerbara skiljev\u00e4ggar, f\u00f6rvaring av skor, kl\u00e4der, multifunktionell hylla, halvtransparent vit LPC505W<\/p>\n","protected":false},"featured_media":43161,"comment_status":"open","ping_status":"closed","template":"","meta":[],"product_brand":[],"product_cat":[33],"product_tag":[],"class_list":{"0":"post-15345","1":"product","2":"type-product","3":"status-publish","4":"has-post-thumbnail","6":"product_cat-okategoriserad","8":"first","9":"instock","10":"shipping-taxable","11":"purchasable","12":"product-type-simple"},"_links":{"self":[{"href":"https:\/\/nordicmart.andreevmaster.com\/sv\/wp-json\/wp\/v2\/product\/15345","targetHints":{"allow":["GET"]}}],"collection":[{"href":"https:\/\/nordicmart.andreevmaster.com\/sv\/wp-json\/wp\/v2\/product"}],"about":[{"href":"https:\/\/nordicmart.andreevmaster.com\/sv\/wp-json\/wp\/v2\/types\/product"}],"replies":[{"embeddable":true,"href":"https:\/\/nordicmart.andreevmaster.com\/sv\/wp-json\/wp\/v2\/comments?post=15345"}],"wp:featuredmedia":[{"embeddable":true,"href":"https:\/\/nordicmart.andreevmaster.com\/sv\/wp-json\/wp\/v2\/media\/43161"}],"wp:attachment":[{"href":"https:\/\/nordicmart.andreevmaster.com\/sv\/wp-json\/wp\/v2\/media?parent=15345"}],"wp:term":[{"taxonomy":"product_brand","embeddable":true,"href":"https:\/\/nordicmart.andreevmaster.com\/sv\/wp-json\/wp\/v2\/product_brand?post=15345"},{"taxonomy":"product_cat","embeddable":true,"href":"https:\/\/nordicmart.andreevmaster.com\/sv\/wp-json\/wp\/v2\/product_cat?post=15345"},{"taxonomy":"product_tag","embeddable":true,"href":"https:\/\/nordicmart.andreevmaster.com\/sv\/wp-json\/wp\/v2\/product_tag?post=15345"}],"curies":[{"name":"wp","href":"https:\/\/api.w.org\/{rel}","templated":true}]}}