{"id":15344,"date":"2026-02-27T00:25:53","date_gmt":"2026-02-27T00:25:53","guid":{"rendered":"https:\/\/nordicmart.andreevmaster.com\/product\/songmics-skostall-med-dorrar\/"},"modified":"2026-02-27T08:17:20","modified_gmt":"2026-02-27T08:17:20","slug":"songmics-skostall-med-dorrar","status":"publish","type":"product","link":"https:\/\/nordicmart.andreevmaster.com\/sv\/produkt\/songmics-skostall-med-dorrar\/","title":{"rendered":"SONGMICS skost\u00e4ll med d\u00f6rrar"},"content":{"rendered":"<p>Stabilitet \u00e4r det viktigaste: PP-plastskivorna i detta hyllsystem \u00e4r fast sammanfogade med h\u00f6gkvalitativa kopplingsdelar, vilket ger god belastningskapacitet. Varje fack t\u00e5l en vikt p\u00e5 5 kg. Du kan allts\u00e5 utan problem f\u00f6rvara kl\u00e4der, skor, leksaker eller v\u00e4skor h\u00e4r. Stabiliteten hos denna hylla \u00f6kas dessutom tack vare de tv\u00e5 medf\u00f6ljande tippskyddsremmarna.Monteringen \u00e4r en barnlek: Att montera detta hyllsystem \u00e4r lika enkelt som att leka med byggklossar och mycket roligt. S\u00e4tt bara in plattorna i f\u00f6rdjupningarna p\u00e5 kopplingsdelarna, knacka l\u00e4tt p\u00e5 dem med den medf\u00f6ljande gummiklubban och l\u00e5t skiljev\u00e4ggarna klicka fast i krokarna \u2013 s\u00e5 \u00e4r monteringen klar! Produktdetaljer:F\u00e4rg: Halvtransparent vitt Material: PP-plastskivor med metalltr\u00e5dsram, kopplingsdelar av ABS-plast Storlek: 123 x 31 x 93 cm (L x B x H) Vikt: 9,3 kg Max. statisk belastningskapacitet per kub: 5 kg Leveransomfattning: 30 x plastskiva (40 x 30 cm)13 x plastplatta (30 x 30 cm) 9 x plastplatta som d\u00f6rr (40 x 30 cm) 34 x kopplingsdelar av ABS-plast 12 x enkelkrokar 12 x dubbelkrokar 1 x gummiklubba 2 x tippskyddsrem 1 x bruksanvisning (DE, EN, FR, ES, IT) SONGMICS Anm\u00e4rkningar:Denna produkt kan monteras i olika former, men endast inom ramen f\u00f6r antalet enskilda delar. H\u00e5ll barn borta fr\u00e5n sm\u00e5delar f\u00f6r att undvika eventuella faror. Alla plastplattor ska tryckas helt ned under monteringen. Kontrollera ocks\u00e5 att tr\u00e5dramarna \u00e4r helt nedtryckta i kopplingsdelen f\u00f6r att \u00f6ka produktens stabilitet.<\/p>\n","protected":false},"excerpt":{"rendered":"<p>SONGMICS kubhyllor med d\u00f6rr, skohyllor, hyllsystem i plast, med skiljev\u00e4ggar, gummihammare ing\u00e5r, f\u00f6r kl\u00e4dkammare, vardagsrum, sovrum, vit LPC502W<\/p>\n","protected":false},"featured_media":43160,"comment_status":"open","ping_status":"closed","template":"","meta":[],"product_brand":[],"product_cat":[33],"product_tag":[],"class_list":{"0":"post-15344","1":"product","2":"type-product","3":"status-publish","4":"has-post-thumbnail","6":"product_cat-okategoriserad","8":"first","9":"instock","10":"shipping-taxable","11":"purchasable","12":"product-type-simple"},"_links":{"self":[{"href":"https:\/\/nordicmart.andreevmaster.com\/sv\/wp-json\/wp\/v2\/product\/15344","targetHints":{"allow":["GET"]}}],"collection":[{"href":"https:\/\/nordicmart.andreevmaster.com\/sv\/wp-json\/wp\/v2\/product"}],"about":[{"href":"https:\/\/nordicmart.andreevmaster.com\/sv\/wp-json\/wp\/v2\/types\/product"}],"replies":[{"embeddable":true,"href":"https:\/\/nordicmart.andreevmaster.com\/sv\/wp-json\/wp\/v2\/comments?post=15344"}],"wp:featuredmedia":[{"embeddable":true,"href":"https:\/\/nordicmart.andreevmaster.com\/sv\/wp-json\/wp\/v2\/media\/43160"}],"wp:attachment":[{"href":"https:\/\/nordicmart.andreevmaster.com\/sv\/wp-json\/wp\/v2\/media?parent=15344"}],"wp:term":[{"taxonomy":"product_brand","embeddable":true,"href":"https:\/\/nordicmart.andreevmaster.com\/sv\/wp-json\/wp\/v2\/product_brand?post=15344"},{"taxonomy":"product_cat","embeddable":true,"href":"https:\/\/nordicmart.andreevmaster.com\/sv\/wp-json\/wp\/v2\/product_cat?post=15344"},{"taxonomy":"product_tag","embeddable":true,"href":"https:\/\/nordicmart.andreevmaster.com\/sv\/wp-json\/wp\/v2\/product_tag?post=15344"}],"curies":[{"name":"wp","href":"https:\/\/api.w.org\/{rel}","templated":true}]}}