{"id":15342,"date":"2026-02-27T00:25:52","date_gmt":"2026-02-27T00:25:52","guid":{"rendered":"https:\/\/nordicmart.andreevmaster.com\/product\/songmics-pluggbar-hyllsystem-32-kuber-vit\/"},"modified":"2026-02-27T08:17:20","modified_gmt":"2026-02-27T08:17:20","slug":"songmics-pluggbar-hyllsystem-32-kuber-vit","status":"publish","type":"product","link":"https:\/\/nordicmart.andreevmaster.com\/sv\/produkt\/songmics-pluggbar-hyllsystem-32-kuber-vit\/","title":{"rendered":"SONGMICS pluggbar hyllsystem 32 kuber Vit"},"content":{"rendered":"<p>St\u00e5r du inf\u00f6r f\u00f6ljande problem?: \u201dHur kan jag f\u00f6rvara alla mina skor snyggt i min lilla l\u00e4genhet?\u201d Denna 32-kubers skohylla fr\u00e5n SONGMICS \u00e4r en smart l\u00f6sning p\u00e5 detta problem! Med detta kan du s\u00e4ga adj\u00f6 till skokoset och snabbt hitta de skor som passar till din outfit varje morgon. Stabilitet har h\u00f6gsta prioritet: Denna f\u00f6rvaring best\u00e5r av h\u00f6gkvalitativa PP-plastskivor, ABS-plastkopplingar och j\u00e4rntr\u00e5dsramar och \u00e4r d\u00e4rf\u00f6r en stabil f\u00f6rvaringsm\u00f6jlighet f\u00f6r dina skor.Din praktiska hj\u00e4lpreda: Detta hopkopplingsbara hyllsystem erbjuder dig m\u00e5ngsidiga anv\u00e4ndningsm\u00f6jligheter. Du kan montera ihop kuberna efter behov s\u00e5 att organisat\u00f6ren anpassas optimalt till ditt utrymme. Det \u00e4r \u00e4ven m\u00f6jligt att montera flera sm\u00e5 hyllor s\u00e5 att varje rum f\u00e5r sin egen f\u00f6rvaringsm\u00f6jlighet. Tack vare den enkla och moderna designen passar denna skosk\u00e5p ocks\u00e5 bra i ditt vardagsrum, barnrum, garage eller k\u00e4llare. Produktdetaljer: F\u00e4rg: Halvtransparent vitt Material: PP-plastskivor med metalltr\u00e5dsram, ABS-plastkopplingar M\u00e5tt: 90 x 36 x 178 cm (L x B x H) Vikt: 14,5 kg Max. belastningskapacitet per kub: 4,5 kg Leveransomfattning: 76 x plastskiva i halvtransparent vitt (35 x 22 cm) 32 x plastskiva i halvtransparent vitt (22 x 22 cm) 96 x ABS-plastkopplingar i svart 1 x gummiklubba 2 x tippskydd 1 x bruksanvisning (DE, EN, FR, ES, IT)SONGMICS Anm\u00e4rkningar:Produkten f\u00e5r inte komma i kontakt med vassa f\u00f6rem\u00e5l. Dessutom b\u00f6r du h\u00e5lla den borta fr\u00e5n ant\u00e4ndningsk\u00e4llor.S\u00e4tt dig inte p\u00e5 produkten. Placera inte produkten utomhus under l\u00e4ngre tid f\u00f6r att undvika skador p\u00e5 grund av v\u00e4derp\u00e5verkan.Alla plastplattor ska tryckas ned helt under monteringen. Kontrollera efter varje rad att tr\u00e5dramarna \u00e4r helt nedtryckta i kopplingsdelen f\u00f6r att \u00f6ka produktens stabilitet.<\/p>\n","protected":false},"excerpt":{"rendered":"<p>SONGMICS skost\u00e4ll, modul\u00e4rt kubst\u00e4ll, skosk\u00e5p, sammankopplad struktur, hyllsystem i plast, f\u00f6r vardagsrum, kl\u00e4dkammare, badrum, inkl. gummihammare, vitt LPC48S<\/p>\n","protected":false},"featured_media":43158,"comment_status":"open","ping_status":"closed","template":"","meta":[],"product_brand":[],"product_cat":[33],"product_tag":[],"class_list":{"0":"post-15342","1":"product","2":"type-product","3":"status-publish","4":"has-post-thumbnail","6":"product_cat-okategoriserad","8":"first","9":"instock","10":"shipping-taxable","11":"purchasable","12":"product-type-simple"},"_links":{"self":[{"href":"https:\/\/nordicmart.andreevmaster.com\/sv\/wp-json\/wp\/v2\/product\/15342","targetHints":{"allow":["GET"]}}],"collection":[{"href":"https:\/\/nordicmart.andreevmaster.com\/sv\/wp-json\/wp\/v2\/product"}],"about":[{"href":"https:\/\/nordicmart.andreevmaster.com\/sv\/wp-json\/wp\/v2\/types\/product"}],"replies":[{"embeddable":true,"href":"https:\/\/nordicmart.andreevmaster.com\/sv\/wp-json\/wp\/v2\/comments?post=15342"}],"wp:featuredmedia":[{"embeddable":true,"href":"https:\/\/nordicmart.andreevmaster.com\/sv\/wp-json\/wp\/v2\/media\/43158"}],"wp:attachment":[{"href":"https:\/\/nordicmart.andreevmaster.com\/sv\/wp-json\/wp\/v2\/media?parent=15342"}],"wp:term":[{"taxonomy":"product_brand","embeddable":true,"href":"https:\/\/nordicmart.andreevmaster.com\/sv\/wp-json\/wp\/v2\/product_brand?post=15342"},{"taxonomy":"product_cat","embeddable":true,"href":"https:\/\/nordicmart.andreevmaster.com\/sv\/wp-json\/wp\/v2\/product_cat?post=15342"},{"taxonomy":"product_tag","embeddable":true,"href":"https:\/\/nordicmart.andreevmaster.com\/sv\/wp-json\/wp\/v2\/product_tag?post=15342"}],"curies":[{"name":"wp","href":"https:\/\/api.w.org\/{rel}","templated":true}]}}