{"id":15340,"date":"2026-02-27T00:25:52","date_gmt":"2026-02-27T00:25:52","guid":{"rendered":"https:\/\/nordicmart.andreevmaster.com\/product\/songmics-plugghyllsystem-16-kuber-vitt\/"},"modified":"2026-02-27T08:17:19","modified_gmt":"2026-02-27T08:17:19","slug":"songmics-plugghyllsystem-16-kuber-vitt","status":"publish","type":"product","link":"https:\/\/nordicmart.andreevmaster.com\/sv\/produkt\/songmics-plugghyllsystem-16-kuber-vitt\/","title":{"rendered":"SONGMICS plugghyllsystem 16 kuber vitt"},"content":{"rendered":"<p>Allroundhylla: Hyllan finns i olika monteringsalternativ efter behov. L\u00e5t kreativiteten fl\u00f6da. H\u00f6gkvalitativa plastkopplingar: Tillverkade av f\u00f6rtjockad ABS-plast f\u00f6r l\u00e5ng livsl\u00e4ngd; 8 pluggslitsar med inv\u00e4ndig g\u00e4nga \u00f6kar friktionen mellan plattorna och kopplingarna f\u00f6r att h\u00e5lla dem ihop.S\u00f6ml\u00f6s design: Den l\u00e4tt b\u00f6jda designen p\u00e5 de fyra h\u00f6rnen av metallramen g\u00f6r att kopplingarna och plattorna sitter extra t\u00e4tt ihop, s\u00e5 att damm eller insekter inte kan tr\u00e4nga igenom. Extra s\u00e4kerhet: Varje Songmics pluggsystem \u00e4r f\u00f6rsett med tippskydd, s\u00e5 att du kan f\u00e4sta plugghyllan p\u00e5 v\u00e4ggen. Produktdetaljer: &#8211; M\u00e5tt: 125 x 125 x 31 cm (B x H x D) &#8211; F\u00e4rg: halvtransparent &#8211; Material: PP-plast (skiva) + ABS-plast (kopplingsdel) + j\u00e4rntr\u00e5dar (skivkant) &#8211; Belastningskapacitet f\u00f6r varje fack: 10 kg &#8211; Nettovikt: 8,3 kg &#8211; Bruttovikt: 8,9 kg Leveransomfattning:  &#8211; 56 x PP-skiva (30 x 30 cm) &#8211; 52 x plastkoppling &#8211; 1 x tr\u00e4hammare &#8211; 1 x bruksanvisning (DE, EN, FR, IT, ES) &#8211; 1 x tippskydd  Anvisningar:  &#8211; F\u00f6rvara produkten inomhus och skydda den mot v\u00e4derp\u00e5verkan. &#8211; N\u00e4r du monterar kopplingsdelarna, se till att de runda ytorna med logotypen &#8221;Songmics&#8221; alla \u00e4r v\u00e4nda ut\u00e5t. &#8211; Songmics f\u00f6rvaringsl\u00e5dor av non-woven-material passar inte in i denna produkt.  <\/p>\n","protected":false},"excerpt":{"rendered":"<p>SONGMICS Skohylla i plast, rektangul\u00e4rt hyllsystem med 16 fack, DIY-hylla, f\u00f6rvaringshylla, garderob, skoorganiserare, 22 x 35 x 22 cm per fack, metalltr\u00e5d, vit LPC44S<\/p>\n","protected":false},"featured_media":43156,"comment_status":"open","ping_status":"closed","template":"","meta":[],"product_brand":[],"product_cat":[33],"product_tag":[],"class_list":{"0":"post-15340","1":"product","2":"type-product","3":"status-publish","4":"has-post-thumbnail","6":"product_cat-okategoriserad","8":"first","9":"instock","10":"shipping-taxable","11":"purchasable","12":"product-type-simple"},"_links":{"self":[{"href":"https:\/\/nordicmart.andreevmaster.com\/sv\/wp-json\/wp\/v2\/product\/15340","targetHints":{"allow":["GET"]}}],"collection":[{"href":"https:\/\/nordicmart.andreevmaster.com\/sv\/wp-json\/wp\/v2\/product"}],"about":[{"href":"https:\/\/nordicmart.andreevmaster.com\/sv\/wp-json\/wp\/v2\/types\/product"}],"replies":[{"embeddable":true,"href":"https:\/\/nordicmart.andreevmaster.com\/sv\/wp-json\/wp\/v2\/comments?post=15340"}],"wp:featuredmedia":[{"embeddable":true,"href":"https:\/\/nordicmart.andreevmaster.com\/sv\/wp-json\/wp\/v2\/media\/43156"}],"wp:attachment":[{"href":"https:\/\/nordicmart.andreevmaster.com\/sv\/wp-json\/wp\/v2\/media?parent=15340"}],"wp:term":[{"taxonomy":"product_brand","embeddable":true,"href":"https:\/\/nordicmart.andreevmaster.com\/sv\/wp-json\/wp\/v2\/product_brand?post=15340"},{"taxonomy":"product_cat","embeddable":true,"href":"https:\/\/nordicmart.andreevmaster.com\/sv\/wp-json\/wp\/v2\/product_cat?post=15340"},{"taxonomy":"product_tag","embeddable":true,"href":"https:\/\/nordicmart.andreevmaster.com\/sv\/wp-json\/wp\/v2\/product_tag?post=15340"}],"curies":[{"name":"wp","href":"https:\/\/api.w.org\/{rel}","templated":true}]}}