{"id":15339,"date":"2026-02-27T00:25:51","date_gmt":"2026-02-27T00:25:51","guid":{"rendered":"https:\/\/nordicmart.andreevmaster.com\/product\/songmics-plugghylla-for-skor-16-kuber-svart\/"},"modified":"2026-02-27T08:17:19","modified_gmt":"2026-02-27T08:17:19","slug":"songmics-plugghylla-for-skor-16-kuber-svart","status":"publish","type":"product","link":"https:\/\/nordicmart.andreevmaster.com\/sv\/produkt\/songmics-plugghylla-for-skor-16-kuber-svart\/","title":{"rendered":"SONGMICS plugghylla f\u00f6r skor 16 kuber Svart"},"content":{"rendered":"<p>Stabil, s\u00e4ker, h\u00e5llbar: PP-plastplattorna h\u00e5lls ihop av h\u00f6gkvalitativa ABS-kopplingar, s\u00e5 att varje enhet kan b\u00e4ra upp till 10 kg kl\u00e4der eller skor. Dessutom ger tippskyddet extra stabilitet och s\u00e4ker anv\u00e4ndning. Anpassningsbar efter dina behov: Tack vare de medf\u00f6ljande reservkopplingarna kan du bygga och ut\u00f6ka detta plugghyllsystem i olika former f\u00f6r att anpassa det till ditt utrymme. Best\u00e4ll fler plugghyllor f\u00f6r att ut\u00f6ka dina m\u00f6jligheter \u00e4nnu mer! Vi har ett stort utbud av f\u00f6rvaringshyllor i olika storlekar och f\u00e4rger. Ta en titt p\u00e5 de andra produkterna fr\u00e5n SONGMICS om du inte kan l\u00e5ta bli att pyssla med DIY!Produktdetaljer: F\u00e4rg: Svart Material: PP-plastskivor, tr\u00e5dram, ABS-plastkopplingar Storlek trappformad: 113 x 36 x 113 cm (L x B x H) Storlek rektangul\u00e4r (4 x 4): 91 x 36 x 91 cm (L x B x H) Vikt: 7,2 kg Max. statisk belastningskapacitet per kub: 10 kg Leveransomfattning: 16 x plastplatta (22 x 22 cm) 40 x plastplatta (22 x 35 cm) 52 x ABS-plastkopplingar 1 x hammare 2 x tippskydd 1 x bruksanvisning (DE, EN, FR, ES, IT) Plastkopplingar: Tillverkade av h\u00f6gkvalitativ ABS-plast f\u00f6r l\u00e5ng livsl\u00e4ngd; inv\u00e4ndiga g\u00e4ngor \u00f6kar friktionen, vilket g\u00f6r att plattorna och kopplingsdelarna h\u00e5lls ihop ordentligt. S\u00f6ml\u00f6s design: Den l\u00e4tt b\u00f6jda designen p\u00e5 de fyra h\u00f6rnen av metallramen g\u00f6r att kopplingsdelarna och plattorna sitter extra t\u00e4tt ihop, s\u00e5 att damm och insekter inte kan tr\u00e4nga igenom.Extra s\u00e4kerhet: Varje Songmics-plocksystem \u00e4r f\u00f6rsett med tippskydd s\u00e5 att du kan f\u00e4sta plocksystemet p\u00e5 v\u00e4ggen. SONGMICS Anvisningar: S\u00e4tt dig inte p\u00e5 produkten och placera inte f\u00f6r tunga f\u00f6rem\u00e5l p\u00e5 den. Uts\u00e4tt inte produkten f\u00f6r intensivt solljus under l\u00e4ngre tid. Alla plastplattor ska tryckas fast ordentligt i kopplingarna. anv\u00e4nd \u00e4ven en hammare f\u00f6r att s\u00e4kerst\u00e4lla en stabil anslutning mellan alla delar. Tryck dessutom p\u00e5 kopplingsdelarna efter montering av varje rad tills de \u00e4r helt fastsatta. F\u00e4st produkten p\u00e5 v\u00e4ggen med hj\u00e4lp av det medf\u00f6ljande tippskyddet om den \u00e4r h\u00f6gre \u00e4n 60 cm. H\u00e5ll produkten borta fr\u00e5n vassa eller skarpa f\u00f6rem\u00e5l samt eldk\u00e4llor f\u00f6r att undvika skador.<\/p>\n","protected":false},"excerpt":{"rendered":"<p>SONGMICS Skohylla i plast, rektangul\u00e4rt hyllsystem med 16 fack, DIY-hylla, f\u00f6rvaringshylla, garderob, skoorganiserare, 22 x 35 x 22 cm per fack, metalltr\u00e5d, vit LPC44S<\/p>\n","protected":false},"featured_media":43155,"comment_status":"open","ping_status":"closed","template":"","meta":[],"product_brand":[],"product_cat":[33],"product_tag":[],"class_list":{"0":"post-15339","1":"product","2":"type-product","3":"status-publish","4":"has-post-thumbnail","6":"product_cat-okategoriserad","8":"first","9":"instock","10":"shipping-taxable","11":"purchasable","12":"product-type-simple"},"_links":{"self":[{"href":"https:\/\/nordicmart.andreevmaster.com\/sv\/wp-json\/wp\/v2\/product\/15339","targetHints":{"allow":["GET"]}}],"collection":[{"href":"https:\/\/nordicmart.andreevmaster.com\/sv\/wp-json\/wp\/v2\/product"}],"about":[{"href":"https:\/\/nordicmart.andreevmaster.com\/sv\/wp-json\/wp\/v2\/types\/product"}],"replies":[{"embeddable":true,"href":"https:\/\/nordicmart.andreevmaster.com\/sv\/wp-json\/wp\/v2\/comments?post=15339"}],"wp:featuredmedia":[{"embeddable":true,"href":"https:\/\/nordicmart.andreevmaster.com\/sv\/wp-json\/wp\/v2\/media\/43155"}],"wp:attachment":[{"href":"https:\/\/nordicmart.andreevmaster.com\/sv\/wp-json\/wp\/v2\/media?parent=15339"}],"wp:term":[{"taxonomy":"product_brand","embeddable":true,"href":"https:\/\/nordicmart.andreevmaster.com\/sv\/wp-json\/wp\/v2\/product_brand?post=15339"},{"taxonomy":"product_cat","embeddable":true,"href":"https:\/\/nordicmart.andreevmaster.com\/sv\/wp-json\/wp\/v2\/product_cat?post=15339"},{"taxonomy":"product_tag","embeddable":true,"href":"https:\/\/nordicmart.andreevmaster.com\/sv\/wp-json\/wp\/v2\/product_tag?post=15339"}],"curies":[{"name":"wp","href":"https:\/\/api.w.org\/{rel}","templated":true}]}}