{"id":15337,"date":"2026-02-27T00:25:51","date_gmt":"2026-02-27T00:25:51","guid":{"rendered":"https:\/\/nordicmart.andreevmaster.com\/product\/lasbar-skohylla-rektangular-forvaringsorganiserare-modular-diy-forvaringshylla-med-15-platser-metalltradskladhangare-svart\/"},"modified":"2026-02-27T08:17:19","modified_gmt":"2026-02-27T08:17:19","slug":"lasbar-skohylla-rektangular-forvaringsorganiserare-modular-diy-forvaringshylla-med-15-platser-metalltradskladhangare-svart","status":"publish","type":"product","link":"https:\/\/nordicmart.andreevmaster.com\/sv\/produkt\/lasbar-skohylla-rektangular-forvaringsorganiserare-modular-diy-forvaringshylla-med-15-platser-metalltradskladhangare-svart\/","title":{"rendered":"L\u00e5sbar skohylla, rektangul\u00e4r f\u00f6rvaringsorganiserare, modul\u00e4r DIY-f\u00f6rvaringshylla med 15 platser, metalltr\u00e5dskl\u00e4dh\u00e4ngare, svart"},"content":{"rendered":"<p>Utnyttja ditt utrymme fullt ut: Denna skohylla \u00e4r utformad f\u00f6r att utnyttja golvutrymmet och kan staplas och anpassas efter ditt utrymme och dina preferenser, s\u00e5 att du utnyttjar varje centimeter av din hall, vardagsrum, under trappan, garderob, bakom d\u00f6rren, p\u00e5 vinden och p\u00e5 kontoret.Kan rymma allt: Med plats f\u00f6r 16-25 par skor kan du \u00e4ntligen f\u00e5 ordning p\u00e5 dina h\u00f6gklackade skor, sneakers och barnskor med denna sammankopplade skohylla! Du kan ocks\u00e5 ta bort skiljev\u00e4ggen f\u00f6r att f\u00e5 en st\u00f6rre hylla \u2013 dina h\u00f6gre skor eller dina plyschleksaker f\u00e5r en mysig plats h\u00e4r. <\/p>\n<p>Kvalitet \u00e4r viktigt: Med h\u00f6gkvalitativa ABS-kopplingar, en robust metallram och vattent\u00e4ta PP-plastskivor i tidl\u00f6s svart f\u00e4rg som \u00e4r l\u00e4tta att reng\u00f6ra, kan varje 22 x 35 x 22 cm (L x B x H) rymma upp till 5 kg; dessutom medf\u00f6ljer tippskydd s\u00e5 att din samling st\u00e5r s\u00e4kert.Enklare \u00e4n du tror: Med en hammare och illustrerade instruktioner \u00e4r det ett n\u00f6je att montera denna skof\u00f6rvaring \u2013 n\u00e4stan som att leka med byggklossar! Ska du flytta? Denna demonteringsv\u00e4nliga enhet g\u00f6r det enkelt att flytta!<\/p>\n<p>Vad du f\u00e5r: En modul\u00e4r skohylla med 16 rymliga fack som ger en mer ordnad hall, ett set tippskydd f\u00f6r extra s\u00e4kerhet och en detaljerad och l\u00e4ttf\u00f6rst\u00e5elig bruksanvisning som g\u00f6r det enkelt att montera.<\/p>\n<p>Stabil, s\u00e4ker och h\u00e5llbar: PP-plastpanelerna h\u00e5lls ihop av h\u00f6gkvalitativa ABS-f\u00f6rbindelser, s\u00e5 att varje enhet kan rymma upp till 10 kg kl\u00e4der eller skor. Dessutom ger tippskyddet extra stabilitet och s\u00e4ker anv\u00e4ndning. Kan anpassas efter dina behov: Du kan montera och ut\u00f6ka detta hyllsystem i olika former tack vare de medf\u00f6ljande ers\u00e4ttningspluggarna, s\u00e5 att du kan anpassa det efter ditt utrymme. Best\u00e4ll flera bultl\u00f6sa hyllor f\u00f6r att ut\u00f6ka dina m\u00f6jligheter ytterligare! Vi har m\u00e5nga olika f\u00f6rvaringshyllor i olika storlekar och f\u00e4rger. S\u00e5 ta en titt p\u00e5 de andra produkterna fr\u00e5n SONGMICS om du inte kan h\u00e5lla fingrarna borta fr\u00e5n DIY! Produktdetaljer: F\u00e4rg: SvartMaterial: PP-plastpaneler, tr\u00e5dram, ABS-plastf\u00f6rbandStorlek trappformad: 113 x 36 x 113 cm (L x B x H)Storlek rektangul\u00e4r (4 x 4): 91 x 36 x 91 cm (L x B x H)Vikt: 7,2 kg Max. statisk belastningskapacitet per kub: 10 kg Leveransomfattning: 16 x plastplatta (22 x 22 cm) 40 x plastplatta (22 x 35 cm) 52 x ABS-plastkopplingar 1 x hammare 2 x tippskydd 1 x bruksanvisning (DE, EN, FR, ES, IT)Plastpluggar: Tillverkade av h\u00f6gkvalitativ ABS-plast, vilket ger l\u00e5ng livsl\u00e4ngd; inv\u00e4ndiga g\u00e4ngor \u00f6kar friktionskraften s\u00e5 att panelerna och pluggarna sitter ordentligt ihop.S\u00f6ml\u00f6st design: Det l\u00e4tt b\u00f6jda designen p\u00e5 de 4 h\u00f6rnen av metallringen g\u00f6r att sticken och panelerna sitter extra t\u00e4tt ihop, s\u00e5 att damm eller insekter inte kan tr\u00e4nga igenom.Extra s\u00e4kerhet: Varje Songmics pegboard-system \u00e4r utrustat med anti-tip, s\u00e5 att du kan f\u00f6rankra pegboard-hyllan i v\u00e4ggen. SONGICS instruktioner: S\u00e4tt dig inte p\u00e5 produkten och placera inte tunga f\u00f6rem\u00e5l p\u00e5 den. Uts\u00e4tt inte produkten f\u00f6r starkt solljus under l\u00e4ngre tid.Alla plastpaneler ska tryckas fast i kopplingsstyckena; anv\u00e4nd \u00e4ven hammaren f\u00f6r att s\u00e4kerst\u00e4lla en stabil anslutning av alla enskilda delar. N\u00e4r du har monterat varje rad ska du dessutom trycka p\u00e5 kopplingsstyckena tills de har g\u00e5tt helt i ingrepp. F\u00e4st produkten p\u00e5 v\u00e4ggen med hj\u00e4lp av den medf\u00f6ljande vippb\u00e5gen om den \u00e4r h\u00f6gre \u00e4n 60 cm. H\u00e5ll produkten borta fr\u00e5n vassa eller spetsiga f\u00f6rem\u00e5l och \u00f6ppen eld f\u00f6r att f\u00f6rhindra skador.<\/p>\n","protected":false},"excerpt":{"rendered":"<p>Utnyttja ditt utrymme fullt ut: Denna skohylla \u00e4r utformad f\u00f6r att utnyttja golvutrymmet och kan staplas och anpassas efter ditt utrymme och dina preferenser, s\u00e5 att du utnyttjar varje centimeter av din hall, vardagsrum, under trappan, garderob, bakom d\u00f6rren, p\u00e5 vinden och p\u00e5 kontoret.Kan rymma allt: Med plats f\u00f6r 16-25 par skor kan du \u00e4ntligen [&hellip;]<\/p>\n","protected":false},"featured_media":0,"comment_status":"open","ping_status":"closed","template":"","meta":[],"product_brand":[],"product_cat":[33],"product_tag":[],"class_list":{"0":"post-15337","1":"product","2":"type-product","3":"status-publish","5":"product_cat-okategoriserad","7":"first","8":"instock","9":"shipping-taxable","10":"product-type-simple"},"_links":{"self":[{"href":"https:\/\/nordicmart.andreevmaster.com\/sv\/wp-json\/wp\/v2\/product\/15337","targetHints":{"allow":["GET"]}}],"collection":[{"href":"https:\/\/nordicmart.andreevmaster.com\/sv\/wp-json\/wp\/v2\/product"}],"about":[{"href":"https:\/\/nordicmart.andreevmaster.com\/sv\/wp-json\/wp\/v2\/types\/product"}],"replies":[{"embeddable":true,"href":"https:\/\/nordicmart.andreevmaster.com\/sv\/wp-json\/wp\/v2\/comments?post=15337"}],"wp:attachment":[{"href":"https:\/\/nordicmart.andreevmaster.com\/sv\/wp-json\/wp\/v2\/media?parent=15337"}],"wp:term":[{"taxonomy":"product_brand","embeddable":true,"href":"https:\/\/nordicmart.andreevmaster.com\/sv\/wp-json\/wp\/v2\/product_brand?post=15337"},{"taxonomy":"product_cat","embeddable":true,"href":"https:\/\/nordicmart.andreevmaster.com\/sv\/wp-json\/wp\/v2\/product_cat?post=15337"},{"taxonomy":"product_tag","embeddable":true,"href":"https:\/\/nordicmart.andreevmaster.com\/sv\/wp-json\/wp\/v2\/product_tag?post=15337"}],"curies":[{"name":"wp","href":"https:\/\/api.w.org\/{rel}","templated":true}]}}