{"id":15336,"date":"2026-02-27T00:25:51","date_gmt":"2026-02-27T00:25:51","guid":{"rendered":"https:\/\/nordicmart.andreevmaster.com\/product\/songmics-skostall-med-15-fack\/"},"modified":"2026-02-27T08:17:19","modified_gmt":"2026-02-27T08:17:19","slug":"songmics-skostall-med-15-fack","status":"publish","type":"product","link":"https:\/\/nordicmart.andreevmaster.com\/sv\/produkt\/songmics-skostall-med-15-fack\/","title":{"rendered":"SONGMICS skost\u00e4ll med 15 fack"},"content":{"rendered":"<p>Stabilt, s\u00e4kert, h\u00e5llbart: PP-plastplattorna h\u00e5lls ihop av h\u00f6gkvalitativa ABS-kopplingar, s\u00e5 att varje enhet kan rymma upp till 10 kg kl\u00e4der eller skor. Dessutom ger tippskyddet extra stabilitet och s\u00e4ker anv\u00e4ndning.<\/p>\n<p>Anpassningsbar efter dina behov: Tack vare de medf\u00f6ljande reservkopplingarna i olika former kan du bygga och ut\u00f6ka detta plugghyllsystem f\u00f6r att anpassa det efter ditt utrymme. L\u00e5t fantasin fl\u00f6da och uppt\u00e4ck fler m\u00f6jligheter med denna eleganta skohylla i gr\u00e5tt! Produktdetaljer:<br \/>\nF\u00e4rg: Gr\u00e5<br \/>\nMaterial: PP-plastskivor, tr\u00e5dram, ABS-plastkopplingar<br \/>\nStorlek trappformad: 113 x 36 x 113 cm (L x B x H)<br \/>\nStorlek rektangul\u00e4r (4 x 4): 91 x 36 x 91 cm (L x B x H)<br \/>\nVikt: 7,2 kg<br \/>\nMax. statisk belastningskapacitet per kub: 10 kg<\/p>\n<p>Leveransomfattning:<br \/>\n15 x plastplatta (22 x 22 cm)<br \/>\n40 x plastplatta (22 x 35 cm)<br \/>\n52 x ABS-plastkoppling<br \/>\n1 x hammare<br \/>\n2 x tippskydd<br \/>\n1 x bruksanvisning (DE, EN, FR, ES, IT)<\/p>\n<p>SONGMICS Anm\u00e4rkningar:<br \/>\nH\u00e5ll produkten borta fr\u00e5n vassa eller skarpa f\u00f6rem\u00e5l samt \u00f6ppen eld f\u00f6r att undvika skador.<br \/>\nUts\u00e4tt inte produkten f\u00f6r intensivt solljus under l\u00e4ngre tid.<br \/>\nSitt inte p\u00e5 produkten och placera inte f\u00f6r tunga f\u00f6rem\u00e5l p\u00e5 den.<br \/>\nAlla plastplattor ska tryckas fast i kopplingsdelarna; anv\u00e4nd \u00e4ven en hammare f\u00f6r att s\u00e4kerst\u00e4lla en stabil koppling mellan alla delar. Tryck dessutom p\u00e5 kopplingsdelarna efter varje rad har monterats tills de har l\u00e5st sig helt.<br \/>\nF\u00e4st produkten p\u00e5 v\u00e4ggen med hj\u00e4lp av den medf\u00f6ljande tippskyddet om den \u00e4r h\u00f6gre \u00e4n 60 cm.<\/p>\n","protected":false},"excerpt":{"rendered":"<p>SONGMICS Skohylla i plast, rektangul\u00e4rt hyllsystem med 16 fack, DIY-hylla, f\u00f6rvaringshylla, garderob, skoorganiserare, 22 x 35 x 22 cm per fack, metalltr\u00e5d, vit LPC44S<\/p>\n","protected":false},"featured_media":43153,"comment_status":"open","ping_status":"closed","template":"","meta":[],"product_brand":[],"product_cat":[33],"product_tag":[],"class_list":{"0":"post-15336","1":"product","2":"type-product","3":"status-publish","4":"has-post-thumbnail","6":"product_cat-okategoriserad","8":"first","9":"instock","10":"shipping-taxable","11":"purchasable","12":"product-type-simple"},"_links":{"self":[{"href":"https:\/\/nordicmart.andreevmaster.com\/sv\/wp-json\/wp\/v2\/product\/15336","targetHints":{"allow":["GET"]}}],"collection":[{"href":"https:\/\/nordicmart.andreevmaster.com\/sv\/wp-json\/wp\/v2\/product"}],"about":[{"href":"https:\/\/nordicmart.andreevmaster.com\/sv\/wp-json\/wp\/v2\/types\/product"}],"replies":[{"embeddable":true,"href":"https:\/\/nordicmart.andreevmaster.com\/sv\/wp-json\/wp\/v2\/comments?post=15336"}],"wp:featuredmedia":[{"embeddable":true,"href":"https:\/\/nordicmart.andreevmaster.com\/sv\/wp-json\/wp\/v2\/media\/43153"}],"wp:attachment":[{"href":"https:\/\/nordicmart.andreevmaster.com\/sv\/wp-json\/wp\/v2\/media?parent=15336"}],"wp:term":[{"taxonomy":"product_brand","embeddable":true,"href":"https:\/\/nordicmart.andreevmaster.com\/sv\/wp-json\/wp\/v2\/product_brand?post=15336"},{"taxonomy":"product_cat","embeddable":true,"href":"https:\/\/nordicmart.andreevmaster.com\/sv\/wp-json\/wp\/v2\/product_cat?post=15336"},{"taxonomy":"product_tag","embeddable":true,"href":"https:\/\/nordicmart.andreevmaster.com\/sv\/wp-json\/wp\/v2\/product_tag?post=15336"}],"curies":[{"name":"wp","href":"https:\/\/api.w.org\/{rel}","templated":true}]}}