{"id":15334,"date":"2026-02-27T00:25:50","date_gmt":"2026-02-27T00:25:50","guid":{"rendered":"https:\/\/nordicmart.andreevmaster.com\/product\/songmics-plugghyllsystem-16-kuber-svart\/"},"modified":"2026-02-27T08:17:18","modified_gmt":"2026-02-27T08:17:18","slug":"songmics-plugghyllsystem-16-kuber-svart","status":"publish","type":"product","link":"https:\/\/nordicmart.andreevmaster.com\/sv\/produkt\/songmics-plugghyllsystem-16-kuber-svart\/","title":{"rendered":"SONGMICS plugghyllsystem 16 kuber svart"},"content":{"rendered":"<p>Enkel pluggteknik: Detta set best\u00e5r av totalt 56 plastskivor med integrerad metallram samt 52 kopplingsdelar av ABS-plast. En liten gummiklubba medf\u00f6ljer ocks\u00e5. Med hj\u00e4lp av dessa komponenter kan detta plugghyllsystem snabbt monteras genom att skjuta in skivorna i kopplingarna och knacka fast dem med klubban. Slutligen kan du f\u00e4sta det f\u00e4rdiga m\u00f6belstycket p\u00e5 v\u00e4ggen med tippskyddet. S\u00e5 h\u00e4r kan du g\u00f6ra: &#8211; Bygg upp det pluggbara hyllsystemet i trappstegsform och placera det under trappan i hallen f\u00f6r att f\u00f6rvara skor och v\u00e4skor. &#8211; St\u00e4ll hyllsystemet p\u00e5 h\u00f6gkant i sovrummet och anv\u00e4nd det som garderob.- Dela upp de 16 kuberna och placera 3 sm\u00e5 hyllor i rum med begr\u00e4nsad yta. Placera till exempel ett sk\u00e5p med 6 kuber i ditt badrum f\u00f6r att f\u00f6rvara alla dina hygienartiklar p\u00e5 ett snyggt s\u00e4tt. &#8211; Anv\u00e4nd hyllsystemet f\u00f6r att bygga en rymlig utrymme f\u00f6r hamstrar, marsvin, tamr\u00e5ttor och liknande.Produktdetaljer: F\u00e4rg: Svart Material: PP-plast, j\u00e4rnram, ABS-plast Storlek: 125 x 31 x 125 cm Storlek per kub: 30 x 30 x 30 cm Vikt: 8,3 kg Max. belastningskapacitet per kub: 10 kg<\/p>\n","protected":false},"excerpt":{"rendered":"<p>SONGMICS Skohylla i plast, rektangul\u00e4rt hyllsystem med 16 fack, DIY-hylla, f\u00f6rvaringshylla, garderob, skoorganiserare, 22 x 35 x 22 cm per fack, metalltr\u00e5d, vit LPC44S<\/p>\n","protected":false},"featured_media":43151,"comment_status":"open","ping_status":"closed","template":"","meta":[],"product_brand":[],"product_cat":[33],"product_tag":[],"class_list":{"0":"post-15334","1":"product","2":"type-product","3":"status-publish","4":"has-post-thumbnail","6":"product_cat-okategoriserad","8":"first","9":"instock","10":"shipping-taxable","11":"purchasable","12":"product-type-simple"},"_links":{"self":[{"href":"https:\/\/nordicmart.andreevmaster.com\/sv\/wp-json\/wp\/v2\/product\/15334","targetHints":{"allow":["GET"]}}],"collection":[{"href":"https:\/\/nordicmart.andreevmaster.com\/sv\/wp-json\/wp\/v2\/product"}],"about":[{"href":"https:\/\/nordicmart.andreevmaster.com\/sv\/wp-json\/wp\/v2\/types\/product"}],"replies":[{"embeddable":true,"href":"https:\/\/nordicmart.andreevmaster.com\/sv\/wp-json\/wp\/v2\/comments?post=15334"}],"wp:featuredmedia":[{"embeddable":true,"href":"https:\/\/nordicmart.andreevmaster.com\/sv\/wp-json\/wp\/v2\/media\/43151"}],"wp:attachment":[{"href":"https:\/\/nordicmart.andreevmaster.com\/sv\/wp-json\/wp\/v2\/media?parent=15334"}],"wp:term":[{"taxonomy":"product_brand","embeddable":true,"href":"https:\/\/nordicmart.andreevmaster.com\/sv\/wp-json\/wp\/v2\/product_brand?post=15334"},{"taxonomy":"product_cat","embeddable":true,"href":"https:\/\/nordicmart.andreevmaster.com\/sv\/wp-json\/wp\/v2\/product_cat?post=15334"},{"taxonomy":"product_tag","embeddable":true,"href":"https:\/\/nordicmart.andreevmaster.com\/sv\/wp-json\/wp\/v2\/product_tag?post=15334"}],"curies":[{"name":"wp","href":"https:\/\/api.w.org\/{rel}","templated":true}]}}