{"id":15333,"date":"2026-02-27T00:25:50","date_gmt":"2026-02-27T00:25:50","guid":{"rendered":"https:\/\/nordicmart.andreevmaster.com\/product\/songmics-hyllsystem-med-16-kuber-med-dorrar\/"},"modified":"2026-02-27T08:17:18","modified_gmt":"2026-02-27T08:17:18","slug":"songmics-hyllsystem-med-16-kuber-med-dorrar","status":"publish","type":"product","link":"https:\/\/nordicmart.andreevmaster.com\/sv\/produkt\/songmics-hyllsystem-med-16-kuber-med-dorrar\/","title":{"rendered":"SONGMICS hyllsystem med 16 kuber med d\u00f6rrar"},"content":{"rendered":"<p>SONGMICS Skohylla i plast, rektangul\u00e4rt hyllsystem med 16 fack, DIY-hylla, f\u00f6rvaringshylla, garderob, skoorganiserare, 22 x 35 x 22 cm per fack, metalltr\u00e5d, vit LPC44S<br \/>\nF\u00e4rg: kr\u00e4mvit<br \/>\nMaterial: PP-plastplattor med metalltr\u00e5dsram, ABS-plastkopplingar<br \/>\nStorlek (15 kuber): 31 x 153 x 153 cm (D x B x H)<br \/>\nStorlek (16 kuber): 31 x 123 x 123 cm (D x B x H)<br \/>\nStorlek per plastskiva: 30 x 30 cm<br \/>\nVikt: 10,7 kg<br \/>\nMax. statisk belastningskapacitet per kub: 10 kg<\/p>\n","protected":false},"excerpt":{"rendered":"<p>SONGMICS Skohylla i plast, rektangul\u00e4rt hyllsystem med 16 fack, DIY-hylla, f\u00f6rvaringshylla, garderob, skoorganiserare, 22 x 35 x 22 cm per fack, metalltr\u00e5d, vit LPC44S<\/p>\n","protected":false},"featured_media":43150,"comment_status":"open","ping_status":"closed","template":"","meta":[],"product_brand":[],"product_cat":[33],"product_tag":[],"class_list":{"0":"post-15333","1":"product","2":"type-product","3":"status-publish","4":"has-post-thumbnail","6":"product_cat-okategoriserad","8":"first","9":"instock","10":"shipping-taxable","11":"purchasable","12":"product-type-simple"},"_links":{"self":[{"href":"https:\/\/nordicmart.andreevmaster.com\/sv\/wp-json\/wp\/v2\/product\/15333","targetHints":{"allow":["GET"]}}],"collection":[{"href":"https:\/\/nordicmart.andreevmaster.com\/sv\/wp-json\/wp\/v2\/product"}],"about":[{"href":"https:\/\/nordicmart.andreevmaster.com\/sv\/wp-json\/wp\/v2\/types\/product"}],"replies":[{"embeddable":true,"href":"https:\/\/nordicmart.andreevmaster.com\/sv\/wp-json\/wp\/v2\/comments?post=15333"}],"wp:featuredmedia":[{"embeddable":true,"href":"https:\/\/nordicmart.andreevmaster.com\/sv\/wp-json\/wp\/v2\/media\/43150"}],"wp:attachment":[{"href":"https:\/\/nordicmart.andreevmaster.com\/sv\/wp-json\/wp\/v2\/media?parent=15333"}],"wp:term":[{"taxonomy":"product_brand","embeddable":true,"href":"https:\/\/nordicmart.andreevmaster.com\/sv\/wp-json\/wp\/v2\/product_brand?post=15333"},{"taxonomy":"product_cat","embeddable":true,"href":"https:\/\/nordicmart.andreevmaster.com\/sv\/wp-json\/wp\/v2\/product_cat?post=15333"},{"taxonomy":"product_tag","embeddable":true,"href":"https:\/\/nordicmart.andreevmaster.com\/sv\/wp-json\/wp\/v2\/product_tag?post=15333"}],"curies":[{"name":"wp","href":"https:\/\/api.w.org\/{rel}","templated":true}]}}