{"id":15332,"date":"2026-02-27T00:25:50","date_gmt":"2026-02-27T00:25:50","guid":{"rendered":"https:\/\/nordicmart.andreevmaster.com\/product\/songmics-hyllsystem-set-med-16-kuber\/"},"modified":"2026-02-27T08:17:18","modified_gmt":"2026-02-27T08:17:18","slug":"songmics-hyllsystem-set-med-16-kuber","status":"publish","type":"product","link":"https:\/\/nordicmart.andreevmaster.com\/sv\/produkt\/songmics-hyllsystem-set-med-16-kuber\/","title":{"rendered":"SONGMICS hyllsystem, set med 16 kuber"},"content":{"rendered":"<p>SONGMICS Skohylla i plast, rektangul\u00e4rt hyllsystem med 16 fack, DIY-hylla, f\u00f6rvaringshylla, garderob, skoorganiserare, 22 x 35 x 22 cm per fack, metalltr\u00e5d, vit LPC44S<br \/>\nF\u00e4rg: Gr\u00e5<br \/>\nMaterial: PP-plastskivor med metalltr\u00e5dsram, ABS-plastkopplingar<br \/>\nStorlek (15 kuber): 153 x 31 x 153 cm (L x B x H)<br \/>\nStorlek (16 kuber): 123 x 31 x 123 cm (L x B x H)<br \/>\nStorlek per plastskiva: 30 x 30 cm<br \/>\nVikt: 10,7 kg<br \/>\nMax. statisk belastningskapacitet per kub: 10 kg<\/p>\n","protected":false},"excerpt":{"rendered":"<p>SONGMICS Skohylla i plast, rektangul\u00e4rt hyllsystem med 16 fack, DIY-hylla, f\u00f6rvaringshylla, garderob, skoorganiserare, 22 x 35 x 22 cm per fack, metalltr\u00e5d, vit LPC44S<\/p>\n","protected":false},"featured_media":43149,"comment_status":"open","ping_status":"closed","template":"","meta":[],"product_brand":[],"product_cat":[33],"product_tag":[],"class_list":{"0":"post-15332","1":"product","2":"type-product","3":"status-publish","4":"has-post-thumbnail","6":"product_cat-okategoriserad","8":"first","9":"instock","10":"shipping-taxable","11":"purchasable","12":"product-type-simple"},"_links":{"self":[{"href":"https:\/\/nordicmart.andreevmaster.com\/sv\/wp-json\/wp\/v2\/product\/15332","targetHints":{"allow":["GET"]}}],"collection":[{"href":"https:\/\/nordicmart.andreevmaster.com\/sv\/wp-json\/wp\/v2\/product"}],"about":[{"href":"https:\/\/nordicmart.andreevmaster.com\/sv\/wp-json\/wp\/v2\/types\/product"}],"replies":[{"embeddable":true,"href":"https:\/\/nordicmart.andreevmaster.com\/sv\/wp-json\/wp\/v2\/comments?post=15332"}],"wp:featuredmedia":[{"embeddable":true,"href":"https:\/\/nordicmart.andreevmaster.com\/sv\/wp-json\/wp\/v2\/media\/43149"}],"wp:attachment":[{"href":"https:\/\/nordicmart.andreevmaster.com\/sv\/wp-json\/wp\/v2\/media?parent=15332"}],"wp:term":[{"taxonomy":"product_brand","embeddable":true,"href":"https:\/\/nordicmart.andreevmaster.com\/sv\/wp-json\/wp\/v2\/product_brand?post=15332"},{"taxonomy":"product_cat","embeddable":true,"href":"https:\/\/nordicmart.andreevmaster.com\/sv\/wp-json\/wp\/v2\/product_cat?post=15332"},{"taxonomy":"product_tag","embeddable":true,"href":"https:\/\/nordicmart.andreevmaster.com\/sv\/wp-json\/wp\/v2\/product_tag?post=15332"}],"curies":[{"name":"wp","href":"https:\/\/api.w.org\/{rel}","templated":true}]}}