{"id":15331,"date":"2026-02-27T00:25:50","date_gmt":"2026-02-27T00:25:50","guid":{"rendered":"https:\/\/nordicmart.andreevmaster.com\/product\/songmics-skostall-153-x-31-x-153-cm-med-15-fack-kramvit\/"},"modified":"2026-02-27T08:17:18","modified_gmt":"2026-02-27T08:17:18","slug":"songmics-skostall-153-x-31-x-153-cm-med-15-fack-kramvit","status":"publish","type":"product","link":"https:\/\/nordicmart.andreevmaster.com\/sv\/produkt\/songmics-skostall-153-x-31-x-153-cm-med-15-fack-kramvit\/","title":{"rendered":"SONGMICS skost\u00e4ll 153 x 31 x 153 cm med 15 fack, kr\u00e4mvit"},"content":{"rendered":"<p>SONGMICS skost\u00e4ll, hyllsystem, plugghylla, set med 15 kuber, DIY-hylla, stapelbar, tillverkad av PP-plast, som garderob, f\u00f6r sovrum, kontor<br \/>\nF\u00e4rg: kr\u00e4mvit<br \/>\nMaterial: PP-plast, metallram, ABS-plast<br \/>\nStorlek: 31 x 153 x 153 cm (D x B x H)<br \/>\nStorlek per fack: 30 x 30 x 30 cm (D x B x H)<br \/>\nVikt: 8,3 kg<br \/>\nMax. statisk belastningskapacitet per fack: 5 kg<\/p>\n","protected":false},"excerpt":{"rendered":"<p>SONGMICS skost\u00e4ll, hyllsystem, plugghylla, set med 15 kuber, DIY-hylla, stapelbar, tillverkad av PP-plast, som garderob, f\u00f6r sovrum, kontor<\/p>\n","protected":false},"featured_media":43148,"comment_status":"open","ping_status":"closed","template":"","meta":[],"product_brand":[],"product_cat":[33],"product_tag":[],"class_list":{"0":"post-15331","1":"product","2":"type-product","3":"status-publish","4":"has-post-thumbnail","6":"product_cat-okategoriserad","8":"first","9":"instock","10":"shipping-taxable","11":"purchasable","12":"product-type-simple"},"_links":{"self":[{"href":"https:\/\/nordicmart.andreevmaster.com\/sv\/wp-json\/wp\/v2\/product\/15331","targetHints":{"allow":["GET"]}}],"collection":[{"href":"https:\/\/nordicmart.andreevmaster.com\/sv\/wp-json\/wp\/v2\/product"}],"about":[{"href":"https:\/\/nordicmart.andreevmaster.com\/sv\/wp-json\/wp\/v2\/types\/product"}],"replies":[{"embeddable":true,"href":"https:\/\/nordicmart.andreevmaster.com\/sv\/wp-json\/wp\/v2\/comments?post=15331"}],"wp:featuredmedia":[{"embeddable":true,"href":"https:\/\/nordicmart.andreevmaster.com\/sv\/wp-json\/wp\/v2\/media\/43148"}],"wp:attachment":[{"href":"https:\/\/nordicmart.andreevmaster.com\/sv\/wp-json\/wp\/v2\/media?parent=15331"}],"wp:term":[{"taxonomy":"product_brand","embeddable":true,"href":"https:\/\/nordicmart.andreevmaster.com\/sv\/wp-json\/wp\/v2\/product_brand?post=15331"},{"taxonomy":"product_cat","embeddable":true,"href":"https:\/\/nordicmart.andreevmaster.com\/sv\/wp-json\/wp\/v2\/product_cat?post=15331"},{"taxonomy":"product_tag","embeddable":true,"href":"https:\/\/nordicmart.andreevmaster.com\/sv\/wp-json\/wp\/v2\/product_tag?post=15331"}],"curies":[{"name":"wp","href":"https:\/\/api.w.org\/{rel}","templated":true}]}}