{"id":15329,"date":"2026-02-27T00:25:49","date_gmt":"2026-02-27T00:25:49","guid":{"rendered":"https:\/\/nordicmart.andreevmaster.com\/product\/songmics-diy-skostall-med-16-kuber-31-x-123-x-123-cm\/"},"modified":"2026-02-27T08:17:17","modified_gmt":"2026-02-27T08:17:17","slug":"songmics-diy-skostall-med-16-kuber-31-x-123-x-123-cm","status":"publish","type":"product","link":"https:\/\/nordicmart.andreevmaster.com\/sv\/produkt\/songmics-diy-skostall-med-16-kuber-31-x-123-x-123-cm\/","title":{"rendered":"SONGMICS DIY skost\u00e4ll med 16 kuber 31 x 123 x 123 cm"},"content":{"rendered":"<p>SONGMICS skost\u00e4ll, hyllsystem, plugghylla, set med 15 kuber, DIY-hylla, stapelbar, tillverkad av PP-plast, som garderob, f\u00f6r sovrum, kontor<br \/>\nF\u00e4rg: Gr\u00e5<br \/>\nMaterial: PP-plast, metallram, ABS-plast<br \/>\nStorlek (15 kuber): 153 x 31 x 153 cm (L x B x H)<br \/>\nStorlek (16 kuber): 123 x 31 x 123 cm (L x B x H)<br \/>\nStorlek per kub: 30 x 30 x 30 cm (L x B x H)<br \/>\nVikt: 8,3 kg<br \/>\nMax. statisk belastningskapacitet per kub: 10 kg<\/p>\n","protected":false},"excerpt":{"rendered":"<p>SONGMICS skost\u00e4ll, hyllsystem, plugghylla, set med 15 kuber, DIY-hylla, stapelbar, tillverkad av PP-plast, som garderob, f\u00f6r sovrum, kontor<\/p>\n","protected":false},"featured_media":43146,"comment_status":"open","ping_status":"closed","template":"","meta":[],"product_brand":[],"product_cat":[33],"product_tag":[],"class_list":{"0":"post-15329","1":"product","2":"type-product","3":"status-publish","4":"has-post-thumbnail","6":"product_cat-okategoriserad","8":"first","9":"instock","10":"shipping-taxable","11":"purchasable","12":"product-type-simple"},"_links":{"self":[{"href":"https:\/\/nordicmart.andreevmaster.com\/sv\/wp-json\/wp\/v2\/product\/15329","targetHints":{"allow":["GET"]}}],"collection":[{"href":"https:\/\/nordicmart.andreevmaster.com\/sv\/wp-json\/wp\/v2\/product"}],"about":[{"href":"https:\/\/nordicmart.andreevmaster.com\/sv\/wp-json\/wp\/v2\/types\/product"}],"replies":[{"embeddable":true,"href":"https:\/\/nordicmart.andreevmaster.com\/sv\/wp-json\/wp\/v2\/comments?post=15329"}],"wp:featuredmedia":[{"embeddable":true,"href":"https:\/\/nordicmart.andreevmaster.com\/sv\/wp-json\/wp\/v2\/media\/43146"}],"wp:attachment":[{"href":"https:\/\/nordicmart.andreevmaster.com\/sv\/wp-json\/wp\/v2\/media?parent=15329"}],"wp:term":[{"taxonomy":"product_brand","embeddable":true,"href":"https:\/\/nordicmart.andreevmaster.com\/sv\/wp-json\/wp\/v2\/product_brand?post=15329"},{"taxonomy":"product_cat","embeddable":true,"href":"https:\/\/nordicmart.andreevmaster.com\/sv\/wp-json\/wp\/v2\/product_cat?post=15329"},{"taxonomy":"product_tag","embeddable":true,"href":"https:\/\/nordicmart.andreevmaster.com\/sv\/wp-json\/wp\/v2\/product_tag?post=15329"}],"curies":[{"name":"wp","href":"https:\/\/api.w.org\/{rel}","templated":true}]}}