{"id":15326,"date":"2026-02-27T00:25:48","date_gmt":"2026-02-27T00:25:48","guid":{"rendered":"https:\/\/nordicmart.andreevmaster.com\/product\/songmics-pluggsystem-12-kuber-vit\/"},"modified":"2026-02-27T08:17:17","modified_gmt":"2026-02-27T08:17:17","slug":"songmics-pluggsystem-12-kuber-vit","status":"publish","type":"product","link":"https:\/\/nordicmart.andreevmaster.com\/sv\/produkt\/songmics-pluggsystem-12-kuber-vit\/","title":{"rendered":"SONGMICS pluggsystem 12 kuber vit"},"content":{"rendered":"<p>\u201dHj\u00e4lp! F\u00f6r mycket prylar i mitt hem!\u201d H\u00e4r kommer din r\u00e4ddning! Denna multifunktionella f\u00f6rvaringssk\u00e5p i halvtransparent vitt hj\u00e4lper dig att f\u00f6rvara alla sm\u00e5saker p\u00e5 ett st\u00e4lle. S\u00e5 kan du snabbt hitta de saker du beh\u00f6ver utan att beh\u00f6va leta l\u00e4nge.Stabilitet har h\u00f6gsta prioritet: Detta f\u00f6rvaringssystem best\u00e5r av h\u00f6gkvalitativa PP-plastskivor, ABS-plastkopplingar och j\u00e4rntr\u00e5dsramar och \u00e4r d\u00e4rf\u00f6r en stabil f\u00f6rvaringsm\u00f6jlighet f\u00f6r dina b\u00f6cker, DVD-skivor, skor etc. O\u00e4ndliga m\u00f6jligheter v\u00e4ntar p\u00e5 att f\u00f6rverkligas: Detta sammankopplade hyllsystem erbjuder dig m\u00e5ngsidiga anv\u00e4ndningsm\u00f6jligheter. Du kan montera kuberna efter behov s\u00e5 att f\u00f6rvaringssystemet passar perfekt i ditt utrymme. Tack vare den enkla och moderna designen passar denna skosk\u00e5p ocks\u00e5 bra i ditt vardagsrum, garage eller k\u00e4llare.Produktdetaljer: F\u00e4rg: Halvtransparent vitt Material: PP-plastskivor med metalltr\u00e5dram, ABS-plastkopplingar M\u00e5tt: 93 x 31 x 123 cm (L x B x H) Vikt: 6,5 kg Max. belastningskapacitet per kub: 10 kg Allroundhylla: Hyllan finns i olika monteringsalternativ efter behov. L\u00e5t din kreativitet fl\u00f6da fritt. H\u00f6gkvalitativa plastkopplingar: Tillverkade av f\u00f6rtjockad ABS-plast f\u00f6r l\u00e5ng livsl\u00e4ngd; 8 inf\u00e4stningssp\u00e5r med inv\u00e4ndig g\u00e4nga \u00f6kar friktionen mellan plattorna och kopplingarna f\u00f6r att h\u00e5lla dem stadigt ihop.S\u00f6ml\u00f6s design: Den l\u00e4tt b\u00f6jda designen p\u00e5 de fyra h\u00f6rnen av metallramen g\u00f6r att kopplingarna och plattorna sitter extra t\u00e4tt ihop, s\u00e5 att damm och insekter inte kan tr\u00e4nga igenom. Extra s\u00e4kerhet: Varje Songmics-kopplingssystem \u00e4r f\u00f6rsett med tippskydd, s\u00e5 att du kan f\u00e4sta kopplingshyllan p\u00e5 v\u00e4ggen.Leveransomfattning: 43 x plastplatta i halvtransparent vitt (30 x 30 cm) 46 x ABS-plastkopplingar i svart 1 x gummiklubba 2 x tippskydd 1 x bruksanvisning (DE, EN, FR, ES, IT) SONGMICS Anm\u00e4rkningar: Produkten f\u00e5r inte komma i kontakt med vassa f\u00f6rem\u00e5l. Dessutom b\u00f6r du h\u00e5lla den borta fr\u00e5n ant\u00e4ndningsk\u00e4llor.S\u00e4tt dig inte p\u00e5 produkten. Placera inte produkten utomhus under l\u00e4ngre tid f\u00f6r att undvika skador fr\u00e5n v\u00e4der och vind. Alla plastplattor ska tryckas ned helt under monteringen. Kontrollera efter varje rad om tr\u00e5dramarna har tryckts in helt i kopplingsdelen f\u00f6r att \u00f6ka produktens stabilitet.<\/p>\n","protected":false},"excerpt":{"rendered":"<p>SONGMICS Garderob, bokhylla, hyllsystem, sammankopplade kuber av plast, enkel montering, f\u00f6r vardagsrum, kl\u00e4dkammare, badrum, kontor, inkl. gummihammare, vit LPC34L<\/p>\n","protected":false},"featured_media":43143,"comment_status":"open","ping_status":"closed","template":"","meta":[],"product_brand":[],"product_cat":[33],"product_tag":[],"class_list":{"0":"post-15326","1":"product","2":"type-product","3":"status-publish","4":"has-post-thumbnail","6":"product_cat-okategoriserad","8":"first","9":"instock","10":"shipping-taxable","11":"purchasable","12":"product-type-simple"},"_links":{"self":[{"href":"https:\/\/nordicmart.andreevmaster.com\/sv\/wp-json\/wp\/v2\/product\/15326","targetHints":{"allow":["GET"]}}],"collection":[{"href":"https:\/\/nordicmart.andreevmaster.com\/sv\/wp-json\/wp\/v2\/product"}],"about":[{"href":"https:\/\/nordicmart.andreevmaster.com\/sv\/wp-json\/wp\/v2\/types\/product"}],"replies":[{"embeddable":true,"href":"https:\/\/nordicmart.andreevmaster.com\/sv\/wp-json\/wp\/v2\/comments?post=15326"}],"wp:featuredmedia":[{"embeddable":true,"href":"https:\/\/nordicmart.andreevmaster.com\/sv\/wp-json\/wp\/v2\/media\/43143"}],"wp:attachment":[{"href":"https:\/\/nordicmart.andreevmaster.com\/sv\/wp-json\/wp\/v2\/media?parent=15326"}],"wp:term":[{"taxonomy":"product_brand","embeddable":true,"href":"https:\/\/nordicmart.andreevmaster.com\/sv\/wp-json\/wp\/v2\/product_brand?post=15326"},{"taxonomy":"product_cat","embeddable":true,"href":"https:\/\/nordicmart.andreevmaster.com\/sv\/wp-json\/wp\/v2\/product_cat?post=15326"},{"taxonomy":"product_tag","embeddable":true,"href":"https:\/\/nordicmart.andreevmaster.com\/sv\/wp-json\/wp\/v2\/product_tag?post=15326"}],"curies":[{"name":"wp","href":"https:\/\/api.w.org\/{rel}","templated":true}]}}