{"id":15324,"date":"2026-02-27T00:25:48","date_gmt":"2026-02-27T00:25:48","guid":{"rendered":"https:\/\/nordicmart.andreevmaster.com\/product\/songmics-kladstallning-for-klader-svart\/"},"modified":"2026-02-27T08:17:16","modified_gmt":"2026-02-27T08:17:16","slug":"songmics-kladstallning-for-klader-svart","status":"publish","type":"product","link":"https:\/\/nordicmart.andreevmaster.com\/sv\/produkt\/songmics-kladstallning-for-klader-svart\/","title":{"rendered":"SONGMICS kl\u00e4dst\u00e4llning f\u00f6r kl\u00e4der Svart"},"content":{"rendered":"<p>SONGMICS kl\u00e4dsk\u00e5p erbjuder mycket f\u00f6rvaringsutrymme i h\u00f6g kvalitet till ett rimligt pris! Det kombinerar l\u00e4tthet och stabilitet p\u00e5 ett idealiskt s\u00e4tt. Monteringen baseras p\u00e5 ett slags genomt\u00e4nkt pluggsystem, och den grafiska monteringsanvisningen guidar dig steg f\u00f6r steg till ett praktiskt utrymmesunderverk. Vid behov kan sk\u00e5pet enkelt demonteras f\u00f6r att spara utrymme vid f\u00f6rvaring eller transport. Oavsett om du letar efter en kl\u00e4dsk\u00e5p eller bara beh\u00f6ver f\u00f6rvaringsutrymme i hallen \u2013 Songmics erbjuder den r\u00e4tta l\u00f6sningen f\u00f6r alla dessa uppgifter tack vare sitt flexibla system! Produktdetaljer:M\u00e5tt: 143 x 178 x 36 cm (B x H x D) Material: PP-plast (skiva) + ABS-plast (kopplingsdel) F\u00e4rg: svart med tryckt dekor Max. belastningskapacitet f\u00f6r varje fack: 10 kg Leveransomfattning: 63 x PP-skiva (35 x 35 cm; svart med tryckt dekor) 12 x d\u00f6rr (35 x 35 cm; halvtransparent vit med tryckt dekor) 60 x plastkoppling (svart) 12 x plasthakar 2 x kl\u00e4dst\u00e5ng (vit) 1 x gummiklubba (175 g) 1 x bruksanvisning (DE, EN, FR, IT, ES) 1 x tippskydd (2 set skruvar, pluggar och remmar av nylon)<\/p>\n","protected":false},"excerpt":{"rendered":"<p>SONGMICS Garderob Garderobssystem med 2 kl\u00e4dst\u00e4nger 178 x 143 x 36 cm Svart LPC30H<\/p>\n","protected":false},"featured_media":43141,"comment_status":"open","ping_status":"closed","template":"","meta":[],"product_brand":[],"product_cat":[33],"product_tag":[],"class_list":{"0":"post-15324","1":"product","2":"type-product","3":"status-publish","4":"has-post-thumbnail","6":"product_cat-okategoriserad","8":"first","9":"instock","10":"shipping-taxable","11":"purchasable","12":"product-type-simple"},"_links":{"self":[{"href":"https:\/\/nordicmart.andreevmaster.com\/sv\/wp-json\/wp\/v2\/product\/15324","targetHints":{"allow":["GET"]}}],"collection":[{"href":"https:\/\/nordicmart.andreevmaster.com\/sv\/wp-json\/wp\/v2\/product"}],"about":[{"href":"https:\/\/nordicmart.andreevmaster.com\/sv\/wp-json\/wp\/v2\/types\/product"}],"replies":[{"embeddable":true,"href":"https:\/\/nordicmart.andreevmaster.com\/sv\/wp-json\/wp\/v2\/comments?post=15324"}],"wp:featuredmedia":[{"embeddable":true,"href":"https:\/\/nordicmart.andreevmaster.com\/sv\/wp-json\/wp\/v2\/media\/43141"}],"wp:attachment":[{"href":"https:\/\/nordicmart.andreevmaster.com\/sv\/wp-json\/wp\/v2\/media?parent=15324"}],"wp:term":[{"taxonomy":"product_brand","embeddable":true,"href":"https:\/\/nordicmart.andreevmaster.com\/sv\/wp-json\/wp\/v2\/product_brand?post=15324"},{"taxonomy":"product_cat","embeddable":true,"href":"https:\/\/nordicmart.andreevmaster.com\/sv\/wp-json\/wp\/v2\/product_cat?post=15324"},{"taxonomy":"product_tag","embeddable":true,"href":"https:\/\/nordicmart.andreevmaster.com\/sv\/wp-json\/wp\/v2\/product_tag?post=15324"}],"curies":[{"name":"wp","href":"https:\/\/api.w.org\/{rel}","templated":true}]}}