{"id":15323,"date":"2026-02-27T00:25:48","date_gmt":"2026-02-27T00:25:48","guid":{"rendered":"https:\/\/nordicmart.andreevmaster.com\/product\/songmics-skohylla-med-6-nivaer\/"},"modified":"2026-02-27T08:17:16","modified_gmt":"2026-02-27T08:17:16","slug":"songmics-skohylla-med-6-nivaer","status":"publish","type":"product","link":"https:\/\/nordicmart.andreevmaster.com\/sv\/produkt\/songmics-skohylla-med-6-nivaer\/","title":{"rendered":"SONGMICS skohylla med 6 niv\u00e5er"},"content":{"rendered":"<p>Stabilt, s\u00e4kert, h\u00e5llbart: PP-plastskivorna h\u00e5lls ihop av h\u00f6gkvalitativa ABS-kopplingar, s\u00e5 att varje enhet kan b\u00e4ra upp till 10 kg kl\u00e4der eller skor. Dessutom ger tippskyddet extra stabilitet och s\u00e4ker anv\u00e4ndning. Anpassningsbart efter dina behov: Tack vare de medf\u00f6ljande reservkopplingarna i olika former kan du bygga och ut\u00f6ka detta plugghyllsystem f\u00f6r att anpassa det till ditt utrymme. Produktdetaljer: F\u00e4rg: Vit Material: PP-plastskivor, tr\u00e5dram, ABS-plastkopplingar Storlek (2 x 6): 83 x 31 x 105 cm (L x B x H) Storlek (3 x 4): 123 x 31 x 71 cm (L x B x H) Vikt: 7,9 kg Max. statisk belastningskapacitet per fack: 10 kg Leveransomfattning: 12 x halvtransparenta plastskivor (40 x 17 cm) 15 x halvtransparenta plastskivor (40 x 30 cm)18 x halvtransparenta plastskivor (30 x 17 cm)12 x halvtransparenta plastskivor (40 x 17 cm)42 x ABS-plastkopplingar1 x hammare2 x tippskydd1 x bruksanvisning (DE, EN, FR, ES, IT)SONGMICS Anm\u00e4rkningar:Sitt inte p\u00e5 produkten och placera inte f\u00f6r tunga f\u00f6rem\u00e5l p\u00e5 den. Uts\u00e4tt inte produkten f\u00f6r intensivt solljus under l\u00e4ngre tid. Alla plastplattor ska tryckas fast ordentligt i kopplingsstyckena. Anv\u00e4nd \u00e4ven hammaren f\u00f6r att s\u00e4kerst\u00e4lla en stabil koppling mellan alla delar. Tryck dessutom p\u00e5 kopplingsdelarna efter varje rad har monterats tills de har l\u00e5st sig helt. F\u00e4st produkten p\u00e5 v\u00e4ggen med hj\u00e4lp av det medf\u00f6ljande tippskyddet om den \u00e4r h\u00f6gre \u00e4n 60 cm. H\u00e5ll produkten borta fr\u00e5n vassa eller skarpa f\u00f6rem\u00e5l f\u00f6r att undvika skador.<\/p>\n","protected":false},"excerpt":{"rendered":"<p>SONGMICS skohylla i plast, rektangul\u00e4rt hyllsystem med 12 fack, DIY-hylla, f\u00f6rvaringshylla, kl\u00e4dsk\u00e5p, sko-organiserare, 40 x 30 x 17 cm per fack, metalltr\u00e5d, svart LPC26HV1<\/p>\n","protected":false},"featured_media":43140,"comment_status":"open","ping_status":"closed","template":"","meta":[],"product_brand":[],"product_cat":[33],"product_tag":[],"class_list":{"0":"post-15323","1":"product","2":"type-product","3":"status-publish","4":"has-post-thumbnail","6":"product_cat-okategoriserad","8":"first","9":"instock","10":"shipping-taxable","11":"purchasable","12":"product-type-simple"},"_links":{"self":[{"href":"https:\/\/nordicmart.andreevmaster.com\/sv\/wp-json\/wp\/v2\/product\/15323","targetHints":{"allow":["GET"]}}],"collection":[{"href":"https:\/\/nordicmart.andreevmaster.com\/sv\/wp-json\/wp\/v2\/product"}],"about":[{"href":"https:\/\/nordicmart.andreevmaster.com\/sv\/wp-json\/wp\/v2\/types\/product"}],"replies":[{"embeddable":true,"href":"https:\/\/nordicmart.andreevmaster.com\/sv\/wp-json\/wp\/v2\/comments?post=15323"}],"wp:featuredmedia":[{"embeddable":true,"href":"https:\/\/nordicmart.andreevmaster.com\/sv\/wp-json\/wp\/v2\/media\/43140"}],"wp:attachment":[{"href":"https:\/\/nordicmart.andreevmaster.com\/sv\/wp-json\/wp\/v2\/media?parent=15323"}],"wp:term":[{"taxonomy":"product_brand","embeddable":true,"href":"https:\/\/nordicmart.andreevmaster.com\/sv\/wp-json\/wp\/v2\/product_brand?post=15323"},{"taxonomy":"product_cat","embeddable":true,"href":"https:\/\/nordicmart.andreevmaster.com\/sv\/wp-json\/wp\/v2\/product_cat?post=15323"},{"taxonomy":"product_tag","embeddable":true,"href":"https:\/\/nordicmart.andreevmaster.com\/sv\/wp-json\/wp\/v2\/product_tag?post=15323"}],"curies":[{"name":"wp","href":"https:\/\/api.w.org\/{rel}","templated":true}]}}