{"id":15321,"date":"2026-02-27T00:25:47","date_gmt":"2026-02-27T00:25:47","guid":{"rendered":"https:\/\/nordicmart.andreevmaster.com\/product\/lasbar-skohallare-rektangular-forvaringsorganiserare-modular-diy-forvaringshylla-med-12-platser-40-x-30-x-17-cm-for-varje-plats-metalltradskladhangare-svart-lpc26hv1\/"},"modified":"2026-02-27T08:17:16","modified_gmt":"2026-02-27T08:17:16","slug":"lasbar-skohallare-rektangular-forvaringsorganiserare-modular-diy-forvaringshylla-med-12-platser-40-x-30-x-17-cm-for-varje-plats-metalltradskladhangare-svart-lpc26hv1","status":"publish","type":"product","link":"https:\/\/nordicmart.andreevmaster.com\/sv\/produkt\/lasbar-skohallare-rektangular-forvaringsorganiserare-modular-diy-forvaringshylla-med-12-platser-40-x-30-x-17-cm-for-varje-plats-metalltradskladhangare-svart-lpc26hv1\/","title":{"rendered":"L\u00e5sbar skoh\u00e5llare, rektangul\u00e4r f\u00f6rvaringsorganiserare, modul\u00e4r DIY-f\u00f6rvaringshylla med 12 platser, 40 x 30 x 17 cm f\u00f6r varje plats, metalltr\u00e5dskl\u00e4dh\u00e4ngare, svart LPC26HV1"},"content":{"rendered":"<p>CHAOS HELPER: Denna skohylla \u00e4r utformad f\u00f6r att utnyttja golvytan och kan staplas och anpassas efter ditt utrymme och dina preferenser, s\u00e5 att du f\u00e5r ut mesta m\u00f6jliga av varje centimeter i din hall, vardagsrum, under trappan, garderob, bakom d\u00f6rren, p\u00e5 vinden och p\u00e5 kontoret.LETTERE END DU TROR: Med en hammer och illustrerade instruktioner \u00e4r det en forn\u00f8jelse att samle denna skoopbevaring &#8211; n\u00e4stan som att lege med byggeklodser! Skal du flytte? Denne demonteringsvenlige enhed g\u00f8r det nemt at flytte!<\/p>\n<p>KVALITETEN ER AFG\u00d8RENDE: Varje plats p\u00e5 40 x 30 x 17 cm (L x B x H) rymmer upp till 10 kg och har h\u00f6gkvalitativa ABS-kopplingar, en robust metallram och vattenavvisande PP-plastskivor som \u00e4r l\u00e4tta att reng\u00f6ra. medf\u00f6ljande tippskydd g\u00f6r att din samling st\u00e5r s\u00e4kert. <\/p>\n<p>PLATS F\u00d6R ALLA: Med plats f\u00f6r 24\u201335 par skor kan dina h\u00f6gklackade skor, sneakers och barnskor \u00e4ntligen f\u00e5 en ordentlig plats i denna sammankopplade skohylla! Du kan ocks\u00e5 ta bort skiljev\u00e4ggen f\u00f6r att f\u00e5 en st\u00f6rre hylla f\u00f6r dina h\u00f6gre skor eller mjukisdjur. <\/p>\n<p>VAD DU F\u00c5R: En skof\u00f6rvaring som ger ett attraktivt s\u00e4tt att f\u00f6rvara dina skor p\u00e5 ett str\u00f6mlinjeformat s\u00e4tt. Full\u00e4nda ditt rum med denna m\u00e5ngsidiga skohylla!<\/p>\n<p>Stabil, s\u00e4ker, h\u00e5llbar PP-plastpanelerna h\u00e5lls ihop av h\u00f6gkvalitativa ABS-f\u00f6rbindelser, s\u00e5 varje enhet kan rymma upp till 10 kg kl\u00e4der eller skor. Dessutom ger tippskyddet extra stabilitet och s\u00e4ker anv\u00e4ndning. Kan anpassas efter dina behov Du kan bygga och ut\u00f6ka detta skruvl\u00f6sa hyllsystem i olika former s\u00e5 att det passar din plats tack vare de medf\u00f6ljande utbytespluggarna. Best\u00e4ll fler skruvl\u00f6sa hyllor f\u00f6r att ut\u00f6ka dina m\u00f6jligheter ytterligare! Produktdetaljer: &#8211; F\u00e4rg: svart, halvgenomskinliga d\u00f6rrar &#8211; Material: PP-plastpaneler, tr\u00e5dram, ABS-plastf\u00f6rband &#8211; Max. statisk belastningskapacitet per hylla: 10 kg Leveransomfattning: &#8211; 12 x svart plasthylla (40 x 17 cm) &#8211; 15 x svart plasthylla (40 x 30 cm) &#8211; 18 x svart plasthylla (30 x 17 cm) &#8211; 12 x halvgenomskinlig plasthylla (40 x 17 cm) &#8211; 42 x ABS-plastf\u00f6rbindelser &#8211; 1 x hammare &#8211; 2 x vippefangere &#8211; 1 x brugsanvisning (DE, EN, FR, ES, IT) SONGMICS Bem\u00e6rkninger: &#8211; S\u00e6t dig ikke p\u00e5 produktet, og placer ikke tunge genstande p\u00e5 det. &#8211; Uts\u00e4tt inte produkten f\u00f6r starkt solljus under l\u00e4ngre tid. &#8211; Alla plastpaneler ska tryckas fast i kopplingsstyckena; anv\u00e4nd \u00e4ven hammaren f\u00f6r att s\u00e4kerst\u00e4lla en stabil koppling av alla enskilda delar. N\u00e4r du har monterat varje rad ska du \u00e4ven trycka p\u00e5 kopplingsstyckena tills de sitter helt fast. &#8211; F\u00e4st produkten p\u00e5 v\u00e4ggen med hj\u00e4lp av den medf\u00f6ljande vippb\u00e5gen om den \u00e4r h\u00f6gre \u00e4n 60 cm. &#8211; H\u00e5ll produkten borta fr\u00e5n spetsiga eller vassa f\u00f6rem\u00e5l f\u00f6r att undvika skador.<\/p>\n","protected":false},"excerpt":{"rendered":"<p>CHAOS HELPER: Denna skohylla \u00e4r utformad f\u00f6r att utnyttja golvytan och kan staplas och anpassas efter ditt utrymme och dina preferenser, s\u00e5 att du f\u00e5r ut mesta m\u00f6jliga av varje centimeter i din hall, vardagsrum, under trappan, garderob, bakom d\u00f6rren, p\u00e5 vinden och p\u00e5 kontoret.LETTERE END DU TROR: Med en hammer och illustrerade instruktioner \u00e4r [&hellip;]<\/p>\n","protected":false},"featured_media":0,"comment_status":"open","ping_status":"closed","template":"","meta":[],"product_brand":[],"product_cat":[33],"product_tag":[],"class_list":{"0":"post-15321","1":"product","2":"type-product","3":"status-publish","5":"product_cat-okategoriserad","7":"first","8":"instock","9":"shipping-taxable","10":"product-type-simple"},"_links":{"self":[{"href":"https:\/\/nordicmart.andreevmaster.com\/sv\/wp-json\/wp\/v2\/product\/15321","targetHints":{"allow":["GET"]}}],"collection":[{"href":"https:\/\/nordicmart.andreevmaster.com\/sv\/wp-json\/wp\/v2\/product"}],"about":[{"href":"https:\/\/nordicmart.andreevmaster.com\/sv\/wp-json\/wp\/v2\/types\/product"}],"replies":[{"embeddable":true,"href":"https:\/\/nordicmart.andreevmaster.com\/sv\/wp-json\/wp\/v2\/comments?post=15321"}],"wp:attachment":[{"href":"https:\/\/nordicmart.andreevmaster.com\/sv\/wp-json\/wp\/v2\/media?parent=15321"}],"wp:term":[{"taxonomy":"product_brand","embeddable":true,"href":"https:\/\/nordicmart.andreevmaster.com\/sv\/wp-json\/wp\/v2\/product_brand?post=15321"},{"taxonomy":"product_cat","embeddable":true,"href":"https:\/\/nordicmart.andreevmaster.com\/sv\/wp-json\/wp\/v2\/product_cat?post=15321"},{"taxonomy":"product_tag","embeddable":true,"href":"https:\/\/nordicmart.andreevmaster.com\/sv\/wp-json\/wp\/v2\/product_tag?post=15321"}],"curies":[{"name":"wp","href":"https:\/\/api.w.org\/{rel}","templated":true}]}}