{"id":15320,"date":"2026-02-27T00:25:47","date_gmt":"2026-02-27T00:25:47","guid":{"rendered":"https:\/\/nordicmart.andreevmaster.com\/product\/songmics-skoskap-smalt-halvtransparent-vitt\/"},"modified":"2026-02-27T08:17:16","modified_gmt":"2026-02-27T08:17:16","slug":"songmics-skoskap-smalt-halvtransparent-vitt","status":"publish","type":"product","link":"https:\/\/nordicmart.andreevmaster.com\/sv\/produkt\/songmics-skoskap-smalt-halvtransparent-vitt\/","title":{"rendered":"SONGMICS skosk\u00e5p, smalt, halvtransparent, vitt"},"content":{"rendered":"<p>Herrskor, damskor, barnskor, tumskor, tofflor, pumps osv. Alla skor f\u00e5r plats i den. Den kombinerar l\u00e4tthet och stabilitet p\u00e5 ett idealiskt s\u00e4tt. Monteringen baseras p\u00e5 ett slags genomt\u00e4nkt pluggsystem, och den grafiska monteringsanvisningen guidar dig steg f\u00f6r steg till ett praktiskt utrymmesunderverk. Vid behov kan sk\u00e5pet enkelt demonteras f\u00f6r att spara utrymme vid f\u00f6rvaring eller transport. Oavsett om du letar efter ett skosk\u00e5p eller bara beh\u00f6ver f\u00f6rvaringsutrymme i hallen \u2013 Songmics erbjuder den r\u00e4tta l\u00f6sningen f\u00f6r alla dessa uppgifter tack vare sitt flexibla system! Produktdetaljer: M\u00e5tt: 83 x 31 x 88 cm (B x D x H) Storlek per kub: 40 x 30 x 17 cm (B x D x H) Material: PP-plast (skiva) + ABS-plast (kopplingsdel) F\u00e4rg: halvtransparent vit Max. belastningskapacitet per fack: 10 kg Ingen detalj \u00e4r oviktig Leveransomfattning: 12 x PP-skiva (40 x 30 cm; halvtransparent vit) 10 x PP-skiva (40 x 17 cm; halvtransparent vit) 16 x PP-skiva (30 x 17 cm; halvtransparent vit) 38 x plastkoppling (svart) 1 x gummiklubba (175 g) 1 x bruksanvisning (DE, EN, FR, IT, ES) 1 x tippskydd (2 set skruvar, pluggar och remmar av nylon)Anm\u00e4rkningar: Eftersom hyllan huvudsakligen best\u00e5r av PP-plast, undvik att uts\u00e4tta hyllan f\u00f6r h\u00f6gt tryck, sl\u00e5 p\u00e5 den med stor kraft eller l\u00e5ta den komma i kontakt med vassa\/spetsiga f\u00f6rem\u00e5l. Se ocks\u00e5 till att inte s\u00e4tta dig p\u00e5 hyllan. H\u00e5ll det borta fr\u00e5n ant\u00e4ndningsk\u00e4llor och \u00f6ppen eld. N\u00e4r du monterar kopplingsdelarna, se till att ytorna med logotypen \u201dSongmics\u201d alla \u00e4r v\u00e4nda ut\u00e5t.N\u00e4r du monterar plattorna, se till att de urskurna h\u00f6rnen p\u00e5 plattorna trycks in i f\u00e4stena p\u00e5 kopplingsdelarna med tryck \u00e4nda till slutet. F\u00f6r detta b\u00f6r du alltid trycka p\u00e5 varje kopplingsdel efter att ha monterat en niv\u00e5, tills delarna sitter &#8221;helt nere&#8221; och l\u00e5ser sig. Det \u00e4r viktigt att se till att delarna passar perfekt, annars ser hyllan ut att vara skev. Plattorna best\u00e5r av en metallram som \u00e4r t\u00e4ckt med en stabil plastfolie som l\u00e4ggs \u00f6ver kanterna och sedan svetsas fast. Det rekommenderas inte att placera b\u00f6cker, hantlar eller andra tunga f\u00f6rem\u00e5l p\u00e5 hyllan.<\/p>\n","protected":false},"excerpt":{"rendered":"<p>SONGMICS 5-niv\u00e5ers skost\u00e4ll Skosk\u00e5pa Skost\u00e4ll Skost\u00e4ll Regalsystem Vitt 73 x 36 x 88 cm LPC20W<\/p>\n","protected":false},"featured_media":43138,"comment_status":"open","ping_status":"closed","template":"","meta":[],"product_brand":[],"product_cat":[33],"product_tag":[],"class_list":{"0":"post-15320","1":"product","2":"type-product","3":"status-publish","4":"has-post-thumbnail","6":"product_cat-okategoriserad","8":"first","9":"instock","10":"shipping-taxable","11":"purchasable","12":"product-type-simple"},"_links":{"self":[{"href":"https:\/\/nordicmart.andreevmaster.com\/sv\/wp-json\/wp\/v2\/product\/15320","targetHints":{"allow":["GET"]}}],"collection":[{"href":"https:\/\/nordicmart.andreevmaster.com\/sv\/wp-json\/wp\/v2\/product"}],"about":[{"href":"https:\/\/nordicmart.andreevmaster.com\/sv\/wp-json\/wp\/v2\/types\/product"}],"replies":[{"embeddable":true,"href":"https:\/\/nordicmart.andreevmaster.com\/sv\/wp-json\/wp\/v2\/comments?post=15320"}],"wp:featuredmedia":[{"embeddable":true,"href":"https:\/\/nordicmart.andreevmaster.com\/sv\/wp-json\/wp\/v2\/media\/43138"}],"wp:attachment":[{"href":"https:\/\/nordicmart.andreevmaster.com\/sv\/wp-json\/wp\/v2\/media?parent=15320"}],"wp:term":[{"taxonomy":"product_brand","embeddable":true,"href":"https:\/\/nordicmart.andreevmaster.com\/sv\/wp-json\/wp\/v2\/product_brand?post=15320"},{"taxonomy":"product_cat","embeddable":true,"href":"https:\/\/nordicmart.andreevmaster.com\/sv\/wp-json\/wp\/v2\/product_cat?post=15320"},{"taxonomy":"product_tag","embeddable":true,"href":"https:\/\/nordicmart.andreevmaster.com\/sv\/wp-json\/wp\/v2\/product_tag?post=15320"}],"curies":[{"name":"wp","href":"https:\/\/api.w.org\/{rel}","templated":true}]}}