{"id":15319,"date":"2026-02-27T00:25:47","date_gmt":"2026-02-27T00:25:47","guid":{"rendered":"https:\/\/nordicmart.andreevmaster.com\/product\/schmall-skoskab-semi-transparent-hvid-2\/"},"modified":"2026-02-27T08:17:15","modified_gmt":"2026-02-27T08:17:15","slug":"schmall-skoskab-semi-transparent-hvid-2","status":"publish","type":"product","link":"https:\/\/nordicmart.andreevmaster.com\/sv\/produkt\/schmall-skoskab-semi-transparent-hvid-2\/","title":{"rendered":"Schmall skoskab semi-transparent hvid"},"content":{"rendered":"<p>Herrskor, damskor, barnskor, tumleskor, loafers, pumps osv. Den kombinerar l\u00e4tthet och stabilitet p\u00e5 ett idealiskt s\u00e4tt. Samlingen \u00e4r baserad p\u00e5 ett slags genialt plug-in-system, och den grafiska monteringsanvisningen guidar dig steg f\u00f6r steg till ett praktiskt platsbesparande mirakel. Om det beh\u00f6vs kan sk\u00e5pet enkelt tas is\u00e4r f\u00f6r platsbesparande f\u00f6rvaring eller transport. Oavsett om du letar efter ett skosk\u00e5p eller bara beh\u00f6ver f\u00f6rvaringsutrymme i hallen \u2013 Songmics erbjuder r\u00e4tt l\u00f6sning f\u00f6r alla dessa uppgifter tack vare sitt flexibla system.Produktdetaljer: M\u00e5tt: 83 x 31 x 88 cm (B x D x H) Storlek per kub: 40 x 30 x 17 cm (B x D x H) Material: PP-plast (topp) + ABS-plast (kopplingsstycke) F\u00e4rg: halvgenomskinlig vit Max. belastningskapacitet f\u00f6r varje fack: 10 kg. Belastningskapacitet f\u00f6r varje hylla: 10 kgInga detaljer \u00e4r oviktigaLeveransomfattning:12 x PP-platta (40 x 30 cm; halvgenomskinlig vit)10 x PP-platta (40 x 17 cm; halvgenomskinlig vit)16 x PP-platta (30 x 17 cm; halvgenomskinlig vit)38 x plastpluggar (svarta)1 x gummihammare (175 g)1 x bruksanvisning (DE, EN, FR, IT, ES)1 x tippskydd (2 set nylonskruvar, pluggar och remmar)Anm\u00e4rkningar: Eftersom hyllan huvudsakligen \u00e4r tillverkad av PP-plast ska du undvika att trycka p\u00e5 hyllan med h\u00f6gt tryck, sl\u00e5 p\u00e5 den med stor kraft eller l\u00e5ta den komma i kontakt med vassa f\u00f6rem\u00e5l. Se ocks\u00e5 till att du inte s\u00e4tter dig p\u00e5 hyllan. N\u00e4r du s\u00e4tter p\u00e5 kopplingsdelarna ska du vara uppm\u00e4rksam p\u00e5 att ytorna med &#8221;Songmics&#8221;-logotypen alla ska v\u00e4ndas ut\u00e5t, och n\u00e4r du s\u00e4tter p\u00e5 panelerna ska du se till att de f\u00f6rs\u00e4nkta h\u00f6rnen p\u00e5 panelerna s\u00e4tts in i \u00f6ppningarna p\u00e5 kopplingsdelarna med tryck hela v\u00e4gen till slutet. F\u00f6r att g\u00f6ra detta ska du alltid trycka p\u00e5 varje kopplingsstycke n\u00e4r du har byggt upp en niv\u00e5, tills delarna \u00e4r &#8221;helt nere&#8221; och klickar p\u00e5 plats. Man m\u00e5ste vara noggrann med att s\u00e4kerst\u00e4lla en exakt passform, annars kommer hyllan att se sned ut. Panelerna best\u00e5r av en metallram som \u00e4r t\u00e4ckt av en robust plastfilm, placerad \u00f6ver kanterna och sedan svetsad. Det rekommenderas inte att placera b\u00f6cker, handvikter eller andra tunga f\u00f6rem\u00e5l inuti.<\/p>\n","protected":false},"excerpt":{"rendered":"<p>Herrskor, damskor, barnskor, tumleskor, loafers, pumps osv. Den kombinerar l\u00e4tthet och stabilitet p\u00e5 ett idealiskt s\u00e4tt. Samlingen \u00e4r baserad p\u00e5 ett slags genialt plug-in-system, och den grafiska monteringsanvisningen guidar dig steg f\u00f6r steg till ett praktiskt platsbesparande mirakel. Om det beh\u00f6vs kan sk\u00e5pet enkelt tas is\u00e4r f\u00f6r platsbesparande f\u00f6rvaring eller transport. Oavsett om du letar [&hellip;]<\/p>\n","protected":false},"featured_media":0,"comment_status":"open","ping_status":"closed","template":"","meta":[],"product_brand":[],"product_cat":[33],"product_tag":[],"class_list":{"0":"post-15319","1":"product","2":"type-product","3":"status-publish","5":"product_cat-okategoriserad","7":"first","8":"instock","9":"shipping-taxable","10":"product-type-simple"},"_links":{"self":[{"href":"https:\/\/nordicmart.andreevmaster.com\/sv\/wp-json\/wp\/v2\/product\/15319","targetHints":{"allow":["GET"]}}],"collection":[{"href":"https:\/\/nordicmart.andreevmaster.com\/sv\/wp-json\/wp\/v2\/product"}],"about":[{"href":"https:\/\/nordicmart.andreevmaster.com\/sv\/wp-json\/wp\/v2\/types\/product"}],"replies":[{"embeddable":true,"href":"https:\/\/nordicmart.andreevmaster.com\/sv\/wp-json\/wp\/v2\/comments?post=15319"}],"wp:attachment":[{"href":"https:\/\/nordicmart.andreevmaster.com\/sv\/wp-json\/wp\/v2\/media?parent=15319"}],"wp:term":[{"taxonomy":"product_brand","embeddable":true,"href":"https:\/\/nordicmart.andreevmaster.com\/sv\/wp-json\/wp\/v2\/product_brand?post=15319"},{"taxonomy":"product_cat","embeddable":true,"href":"https:\/\/nordicmart.andreevmaster.com\/sv\/wp-json\/wp\/v2\/product_cat?post=15319"},{"taxonomy":"product_tag","embeddable":true,"href":"https:\/\/nordicmart.andreevmaster.com\/sv\/wp-json\/wp\/v2\/product_tag?post=15319"}],"curies":[{"name":"wp","href":"https:\/\/api.w.org\/{rel}","templated":true}]}}