{"id":15317,"date":"2026-02-27T00:25:46","date_gmt":"2026-02-27T00:25:46","guid":{"rendered":"https:\/\/nordicmart.andreevmaster.com\/product\/songmics-plastskap-med-9-kuber\/"},"modified":"2026-02-27T08:17:15","modified_gmt":"2026-02-27T08:17:15","slug":"songmics-plastskap-med-9-kuber","status":"publish","type":"product","link":"https:\/\/nordicmart.andreevmaster.com\/sv\/produkt\/songmics-plastskap-med-9-kuber\/","title":{"rendered":"SONGMICS plastsk\u00e5p med 9 kuber"},"content":{"rendered":"<p>En riktig allroundare \u201dHj\u00e4lp! F\u00f6r mycket prylar i mitt hem!\u201d H\u00e4r kommer din r\u00e4ddning! Detta multifunktionella f\u00f6rvaringssk\u00e5p hj\u00e4lper dig att h\u00e5lla alla sm\u00e5saker utom synh\u00e5ll. Stabil, robust och h\u00e5llbar Tillverkad av robust metalltr\u00e5dram, PP-plastskivor och h\u00f6gkvalitativa ABS-plastkopplingar, har detta sk\u00e5p en h\u00f6g belastningskapacitet, varje kub kan rymma upp till 10 kg kl\u00e4der eller skor. Dessutom ger tippskyddet extra stabilitet och s\u00e4ker anv\u00e4ndning. Produktdetaljer: &#8211; F\u00e4rg: Svart &#8211; Material: PP-plastskivor med metalltr\u00e5dsram, ABS-plastkopplingar &#8211; Storlek: 93 x 31 x 93 cm (L x B x H) &#8211; Storlek per plastskiva: 30 x 30 cm &#8211; Vikt: 6,6 kg &#8211; Max. statisk belastningskapacitet per kub: 10 kg Leveransomf\u00e5ng:- 34 x skiva i halvtransparent svart (30 x 30 cm) &#8211; 9 x skiva i halvtransparent vitt (30 x 30 cm) &#8211; 34 x ABS-plastkoppling i svart &#8211; 9 x d\u00f6rrkrok &#8211; 1 x liten hammare &#8211; 2 x tippskydd &#8211; 1 x bruksanvisning (DE, EN, FR, ES, IT) Produktbeskrivning<\/p>\n","protected":false},"excerpt":{"rendered":"<p>SONGMICS 9 kubers DIY-hyllsystem Garderob i plast med d\u00f6rrar i modernt vitt, stabil och enkel att montera, plugghylla, LPC116WS<\/p>\n","protected":false},"featured_media":43136,"comment_status":"open","ping_status":"closed","template":"","meta":[],"product_brand":[],"product_cat":[33],"product_tag":[],"class_list":{"0":"post-15317","1":"product","2":"type-product","3":"status-publish","4":"has-post-thumbnail","6":"product_cat-okategoriserad","8":"first","9":"instock","10":"shipping-taxable","11":"purchasable","12":"product-type-simple"},"_links":{"self":[{"href":"https:\/\/nordicmart.andreevmaster.com\/sv\/wp-json\/wp\/v2\/product\/15317","targetHints":{"allow":["GET"]}}],"collection":[{"href":"https:\/\/nordicmart.andreevmaster.com\/sv\/wp-json\/wp\/v2\/product"}],"about":[{"href":"https:\/\/nordicmart.andreevmaster.com\/sv\/wp-json\/wp\/v2\/types\/product"}],"replies":[{"embeddable":true,"href":"https:\/\/nordicmart.andreevmaster.com\/sv\/wp-json\/wp\/v2\/comments?post=15317"}],"wp:featuredmedia":[{"embeddable":true,"href":"https:\/\/nordicmart.andreevmaster.com\/sv\/wp-json\/wp\/v2\/media\/43136"}],"wp:attachment":[{"href":"https:\/\/nordicmart.andreevmaster.com\/sv\/wp-json\/wp\/v2\/media?parent=15317"}],"wp:term":[{"taxonomy":"product_brand","embeddable":true,"href":"https:\/\/nordicmart.andreevmaster.com\/sv\/wp-json\/wp\/v2\/product_brand?post=15317"},{"taxonomy":"product_cat","embeddable":true,"href":"https:\/\/nordicmart.andreevmaster.com\/sv\/wp-json\/wp\/v2\/product_cat?post=15317"},{"taxonomy":"product_tag","embeddable":true,"href":"https:\/\/nordicmart.andreevmaster.com\/sv\/wp-json\/wp\/v2\/product_tag?post=15317"}],"curies":[{"name":"wp","href":"https:\/\/api.w.org\/{rel}","templated":true}]}}