{"id":15316,"date":"2026-02-27T00:25:46","date_gmt":"2026-02-27T00:25:46","guid":{"rendered":"https:\/\/nordicmart.andreevmaster.com\/product\/songmics-plugghyllsystem-9-kuber-vitt\/"},"modified":"2026-02-27T08:17:15","modified_gmt":"2026-02-27T08:17:15","slug":"songmics-plugghyllsystem-9-kuber-vitt","status":"publish","type":"product","link":"https:\/\/nordicmart.andreevmaster.com\/sv\/produkt\/songmics-plugghyllsystem-9-kuber-vitt\/","title":{"rendered":"SONGMICS plugghyllsystem 9 kuber vitt"},"content":{"rendered":"<p>Songmics stativhylla erbjuder mycket f\u00f6rvaringsutrymme i h\u00f6g kvalitet till ett rimligt pris! Den kombinerar l\u00e4tthet och stabilitet p\u00e5 ett idealiskt s\u00e4tt. Monteringen baseras p\u00e5 ett slags genomt\u00e4nkt pluggsystem, och den grafiska monteringsanvisningen guidar dig steg f\u00f6r steg till ett praktiskt utrymmesunderverk. Vid behov kan hyllan enkelt demonteras f\u00f6r att spara utrymme vid f\u00f6rvaring eller transport. Oavsett om du letar efter ett f\u00f6rvaringsst\u00e4ll i kontoret eller bara beh\u00f6ver f\u00f6rvaringsutrymme i hallen \u2013 Songmics erbjuder den r\u00e4tta l\u00f6sningen f\u00f6r alla dessa uppgifter tack vare sitt flexibla system! Anvisningar: &#8211; N\u00e4r du monterar plattorna, var noga med att de urskurna h\u00f6rnen p\u00e5 plattorna trycks in i kopplingsdelarnas pluggsp\u00e5r \u00e4nda till slutet. F\u00f6r att g\u00f6ra detta b\u00f6r du alltid trycka p\u00e5 varje kopplingsdel efter att ha monterat en niv\u00e5, tills delarna sitter &#8221;helt nere&#8221; och l\u00e5ser sig. Det \u00e4r viktigt att se till att passformen \u00e4r korrekt, annars ser hyllan ut att vara skev. &#8211; Plattorna best\u00e5r av en metallram som \u00e4r t\u00e4ckt med en stabil plastfolie som l\u00e4ggs \u00f6ver kanterna och sedan svetsas fast. Det rekommenderas inte att placera b\u00f6cker, hantlar eller andra tunga f\u00f6rem\u00e5l p\u00e5 hyllan. Produktdetaljer: &#8211; M\u00e5tt: 96 x 96 x 31,5 cm (B x H x D) &#8211; Material: PP-plast (skiva) + ABS-plast (kopplingsdel) &#8211; F\u00e4rg: halvtransparent vit &#8211; Max. belastningskapacitet f\u00f6r varje fack: 10 kg Leveransomfattning:- 34 x PP-skiva (30 x 30 cm; halvtransparent vit) &#8211; 34 x plastkoppling (svart) &#8211; 1 x tr\u00e4hammare &#8211; 1 x bruksanvisning (DE, EN, FR, IT, ES) &#8211; 1 x tippskydd (2 set skruvar, pluggar och remmar av nylon)<\/p>\n","protected":false},"excerpt":{"rendered":"<p>SONGMICS hyllsystem Cube f\u00f6rvaring badrumshyllor skohylla sideboard byr\u00e5 kl\u00e4dsk\u00e5p f\u00f6rvaringsbox vit 93 x 31 x 123 cm LPC115S<\/p>\n","protected":false},"featured_media":43135,"comment_status":"open","ping_status":"closed","template":"","meta":[],"product_brand":[],"product_cat":[33],"product_tag":[],"class_list":{"0":"post-15316","1":"product","2":"type-product","3":"status-publish","4":"has-post-thumbnail","6":"product_cat-okategoriserad","8":"first","9":"instock","10":"shipping-taxable","11":"purchasable","12":"product-type-simple"},"_links":{"self":[{"href":"https:\/\/nordicmart.andreevmaster.com\/sv\/wp-json\/wp\/v2\/product\/15316","targetHints":{"allow":["GET"]}}],"collection":[{"href":"https:\/\/nordicmart.andreevmaster.com\/sv\/wp-json\/wp\/v2\/product"}],"about":[{"href":"https:\/\/nordicmart.andreevmaster.com\/sv\/wp-json\/wp\/v2\/types\/product"}],"replies":[{"embeddable":true,"href":"https:\/\/nordicmart.andreevmaster.com\/sv\/wp-json\/wp\/v2\/comments?post=15316"}],"wp:featuredmedia":[{"embeddable":true,"href":"https:\/\/nordicmart.andreevmaster.com\/sv\/wp-json\/wp\/v2\/media\/43135"}],"wp:attachment":[{"href":"https:\/\/nordicmart.andreevmaster.com\/sv\/wp-json\/wp\/v2\/media?parent=15316"}],"wp:term":[{"taxonomy":"product_brand","embeddable":true,"href":"https:\/\/nordicmart.andreevmaster.com\/sv\/wp-json\/wp\/v2\/product_brand?post=15316"},{"taxonomy":"product_cat","embeddable":true,"href":"https:\/\/nordicmart.andreevmaster.com\/sv\/wp-json\/wp\/v2\/product_cat?post=15316"},{"taxonomy":"product_tag","embeddable":true,"href":"https:\/\/nordicmart.andreevmaster.com\/sv\/wp-json\/wp\/v2\/product_tag?post=15316"}],"curies":[{"name":"wp","href":"https:\/\/api.w.org\/{rel}","templated":true}]}}