{"id":15315,"date":"2026-02-27T00:25:46","date_gmt":"2026-02-27T00:25:46","guid":{"rendered":"https:\/\/nordicmart.andreevmaster.com\/product\/songmics-plugghylla-6-kuber-svart\/"},"modified":"2026-02-27T08:17:15","modified_gmt":"2026-02-27T08:17:15","slug":"songmics-plugghylla-6-kuber-svart","status":"publish","type":"product","link":"https:\/\/nordicmart.andreevmaster.com\/sv\/produkt\/songmics-plugghylla-6-kuber-svart\/","title":{"rendered":"SONGMICS plugghylla 6 kuber svart"},"content":{"rendered":"<p>Songmics stativhylla kombinerar l\u00e4tthet och stabilitet p\u00e5 ett idealiskt s\u00e4tt. Monteringen baseras p\u00e5 ett slags genomt\u00e4nkt pluggsystem, och den grafiska monteringsanvisningen guidar dig steg f\u00f6r steg till ett praktiskt utrymmesunderverk. Vid behov kan hyllan enkelt demonteras f\u00f6r att spara utrymme vid f\u00f6rvaring eller transport. Oavsett om du letar efter ett f\u00f6rvaringsst\u00e4ll i kontoret eller bara beh\u00f6ver f\u00f6rvaringsutrymme i hallen \u2013 Songmics erbjuder den r\u00e4tta l\u00f6sningen f\u00f6r alla dessa uppgifter tack vare sitt flexibla system!Produktdetaljer: Material: PP-plast (skiva) + ABS-plast (kopplingsdel) F\u00e4rg: halvtransparent vit Max. belastningskapacitet f\u00f6r varje fack: 10 kg Leveransomfattning: 24 x PP-skiva 26 x plastkopplingsdel 1 x gummiklubba 2 x tippskydd 1 x instruktioner (DE, EN, FR, IT, ES)<\/p>\n","protected":false},"excerpt":{"rendered":"<p>SONGMICS hyllsystem Trapphylla Plastst\u00e5ende hylla F\u00f6rvaringssk\u00e5p 93 x 31 x 93 cm (B x D x H) Svart LPC112<\/p>\n","protected":false},"featured_media":43134,"comment_status":"open","ping_status":"closed","template":"","meta":[],"product_brand":[],"product_cat":[33],"product_tag":[],"class_list":{"0":"post-15315","1":"product","2":"type-product","3":"status-publish","4":"has-post-thumbnail","6":"product_cat-okategoriserad","8":"first","9":"instock","10":"shipping-taxable","11":"purchasable","12":"product-type-simple"},"_links":{"self":[{"href":"https:\/\/nordicmart.andreevmaster.com\/sv\/wp-json\/wp\/v2\/product\/15315","targetHints":{"allow":["GET"]}}],"collection":[{"href":"https:\/\/nordicmart.andreevmaster.com\/sv\/wp-json\/wp\/v2\/product"}],"about":[{"href":"https:\/\/nordicmart.andreevmaster.com\/sv\/wp-json\/wp\/v2\/types\/product"}],"replies":[{"embeddable":true,"href":"https:\/\/nordicmart.andreevmaster.com\/sv\/wp-json\/wp\/v2\/comments?post=15315"}],"wp:featuredmedia":[{"embeddable":true,"href":"https:\/\/nordicmart.andreevmaster.com\/sv\/wp-json\/wp\/v2\/media\/43134"}],"wp:attachment":[{"href":"https:\/\/nordicmart.andreevmaster.com\/sv\/wp-json\/wp\/v2\/media?parent=15315"}],"wp:term":[{"taxonomy":"product_brand","embeddable":true,"href":"https:\/\/nordicmart.andreevmaster.com\/sv\/wp-json\/wp\/v2\/product_brand?post=15315"},{"taxonomy":"product_cat","embeddable":true,"href":"https:\/\/nordicmart.andreevmaster.com\/sv\/wp-json\/wp\/v2\/product_cat?post=15315"},{"taxonomy":"product_tag","embeddable":true,"href":"https:\/\/nordicmart.andreevmaster.com\/sv\/wp-json\/wp\/v2\/product_tag?post=15315"}],"curies":[{"name":"wp","href":"https:\/\/api.w.org\/{rel}","templated":true}]}}