{"id":15314,"date":"2026-02-27T00:25:45","date_gmt":"2026-02-27T00:25:45","guid":{"rendered":"https:\/\/nordicmart.andreevmaster.com\/product\/songmics-litet-plugghyllsystem-6-kuber-vitt\/"},"modified":"2026-02-27T08:17:14","modified_gmt":"2026-02-27T08:17:14","slug":"songmics-litet-plugghyllsystem-6-kuber-vitt","status":"publish","type":"product","link":"https:\/\/nordicmart.andreevmaster.com\/sv\/produkt\/songmics-litet-plugghyllsystem-6-kuber-vitt\/","title":{"rendered":"SONGMICS Litet plugghyllsystem 6 kuber Vitt"},"content":{"rendered":"<p>Songmics stativhylla kombinerar l\u00e4tthet och stabilitet p\u00e5 ett idealiskt s\u00e4tt. Monteringen baseras p\u00e5 ett slags genomt\u00e4nkt pluggsystem, och den grafiska monteringsanvisningen guidar dig steg f\u00f6r steg till ett praktiskt utrymmesunderverk. Vid behov kan hyllan enkelt demonteras f\u00f6r att spara plats vid f\u00f6rvaring eller transport. Oavsett om du letar efter ett f\u00f6rvaringshyllsystem till kontoret eller bara beh\u00f6ver f\u00f6rvaringsutrymme i hallen \u2013 Songmics erbjuder den r\u00e4tta l\u00f6sningen f\u00f6r alla dessa uppgifter tack vare sitt flexibla system! Produktdetaljer: M\u00e5tt: 93 x 93 x 31 cm (B x H x D) Material: PP-plast (skiva) + ABS-plast (kopplingsdel) F\u00e4rg: halvtransparent vit Max. belastningskapacitet f\u00f6r varje fack: 10 kg Leveransomfattning: 24 x PP-skiva (30 x 30 cm; halvtransparent vit) 26 x plastkopplingsdel (svart) 1 x tr\u00e4hammare 1 x instruktioner (DE, EN, FR, IT, ES) 1 x tippskydd (2 set skruvar, pluggar och remmar av nylon) Anm\u00e4rkningar: &#8211; Eftersom hyllan huvudsakligen best\u00e5r av PP-plast, undvik att trycka p\u00e5 hyllan med h\u00f6gt tryck, sl\u00e5 p\u00e5 den med stor kraft eller l\u00e5ta den komma i kontakt med vassa\/spetsiga f\u00f6rem\u00e5l. Se ocks\u00e5 till att inte s\u00e4tta dig p\u00e5 hyllan. H\u00e5ll det borta fr\u00e5n ant\u00e4ndningsk\u00e4llor och \u00f6ppen eld. &#8211; N\u00e4r du monterar kopplingsdelarna, se till att de runda ytorna med logotypen \u201dSongmics\u201d alla \u00e4r v\u00e4nda ut\u00e5t. &#8211; N\u00e4r du monterar hyllorna, se till att de urskurna h\u00f6rnen p\u00e5 hyllorna trycks in i kopplingsdelarnas slitsar \u00e4nda till slutet. F\u00f6r detta \u00e4ndam\u00e5l b\u00f6r man alltid trycka p\u00e5 varje kopplingsdel efter att ha monterat en niv\u00e5, tills delarna sitter \u201dhelt nere\u201d och l\u00e5ser sig. Det \u00e4r viktigt att se till att passformen \u00e4r korrekt, annars ser hyllan ut att vara skev. &#8211; Plattorna best\u00e5r av en metallram som \u00e4r t\u00e4ckt med en stabil plastfolie, som l\u00e4ggs \u00f6ver kanterna och sedan svetsas fast. Det rekommenderas inte att placera b\u00f6cker, hantlar eller andra tunga f\u00f6rem\u00e5l i hyllan.<\/p>\n","protected":false},"excerpt":{"rendered":"<p>SONGMICS hyllsystem Trapphylla Plastst\u00e5ende hylla F\u00f6rvaringssk\u00e5p 93 x 31 x 93 cm (B x D x H) Svart LPC112<\/p>\n","protected":false},"featured_media":43133,"comment_status":"open","ping_status":"closed","template":"","meta":[],"product_brand":[],"product_cat":[33],"product_tag":[],"class_list":{"0":"post-15314","1":"product","2":"type-product","3":"status-publish","4":"has-post-thumbnail","6":"product_cat-okategoriserad","8":"first","9":"instock","10":"shipping-taxable","11":"purchasable","12":"product-type-simple"},"_links":{"self":[{"href":"https:\/\/nordicmart.andreevmaster.com\/sv\/wp-json\/wp\/v2\/product\/15314","targetHints":{"allow":["GET"]}}],"collection":[{"href":"https:\/\/nordicmart.andreevmaster.com\/sv\/wp-json\/wp\/v2\/product"}],"about":[{"href":"https:\/\/nordicmart.andreevmaster.com\/sv\/wp-json\/wp\/v2\/types\/product"}],"replies":[{"embeddable":true,"href":"https:\/\/nordicmart.andreevmaster.com\/sv\/wp-json\/wp\/v2\/comments?post=15314"}],"wp:featuredmedia":[{"embeddable":true,"href":"https:\/\/nordicmart.andreevmaster.com\/sv\/wp-json\/wp\/v2\/media\/43133"}],"wp:attachment":[{"href":"https:\/\/nordicmart.andreevmaster.com\/sv\/wp-json\/wp\/v2\/media?parent=15314"}],"wp:term":[{"taxonomy":"product_brand","embeddable":true,"href":"https:\/\/nordicmart.andreevmaster.com\/sv\/wp-json\/wp\/v2\/product_brand?post=15314"},{"taxonomy":"product_cat","embeddable":true,"href":"https:\/\/nordicmart.andreevmaster.com\/sv\/wp-json\/wp\/v2\/product_cat?post=15314"},{"taxonomy":"product_tag","embeddable":true,"href":"https:\/\/nordicmart.andreevmaster.com\/sv\/wp-json\/wp\/v2\/product_tag?post=15314"}],"curies":[{"name":"wp","href":"https:\/\/api.w.org\/{rel}","templated":true}]}}