{"id":15312,"date":"2026-02-27T00:25:45","date_gmt":"2026-02-27T00:25:45","guid":{"rendered":"https:\/\/nordicmart.andreevmaster.com\/product\/songmics-plugghylla-6-fack-diy-kubhylla-kamelbrun\/"},"modified":"2026-02-27T08:17:14","modified_gmt":"2026-02-27T08:17:14","slug":"songmics-plugghylla-6-fack-diy-kubhylla-kamelbrun","status":"publish","type":"product","link":"https:\/\/nordicmart.andreevmaster.com\/sv\/produkt\/songmics-plugghylla-6-fack-diy-kubhylla-kamelbrun\/","title":{"rendered":"SONGMICS plugghylla 6 fack DIY-kubhylla kamelbrun"},"content":{"rendered":"<p>SONGMICS hyllsystem Trapphylla Plastst\u00e5ende hylla F\u00f6rvaringssk\u00e5p 93 x 31 x 93 cm (B x D x H) Svart LPC112<br \/>\nF\u00e4rg: kamelbrun<br \/>\nMaterial: ABS-koppling, PP-plastskiva, st\u00e5lram<br \/>\nStorlek per fack: 30 x 30 x 30 cm (D x B x H)<br \/>\nStorlek p\u00e5 trappformad hylla: 31,5 x 94 x 97,2 cm (D x B x H)<br \/>\nVikt: 4 kg<br \/>\nMax. statisk belastningskapacitet per fack: 10 kg<\/p>\n","protected":false},"excerpt":{"rendered":"<p>SONGMICS hyllsystem Trapphylla Plastst\u00e5ende hylla F\u00f6rvaringssk\u00e5p 93 x 31 x 93 cm (B x D x H) Svart LPC112<\/p>\n","protected":false},"featured_media":43131,"comment_status":"open","ping_status":"closed","template":"","meta":[],"product_brand":[],"product_cat":[33],"product_tag":[],"class_list":{"0":"post-15312","1":"product","2":"type-product","3":"status-publish","4":"has-post-thumbnail","6":"product_cat-okategoriserad","8":"first","9":"instock","10":"shipping-taxable","11":"purchasable","12":"product-type-simple"},"_links":{"self":[{"href":"https:\/\/nordicmart.andreevmaster.com\/sv\/wp-json\/wp\/v2\/product\/15312","targetHints":{"allow":["GET"]}}],"collection":[{"href":"https:\/\/nordicmart.andreevmaster.com\/sv\/wp-json\/wp\/v2\/product"}],"about":[{"href":"https:\/\/nordicmart.andreevmaster.com\/sv\/wp-json\/wp\/v2\/types\/product"}],"replies":[{"embeddable":true,"href":"https:\/\/nordicmart.andreevmaster.com\/sv\/wp-json\/wp\/v2\/comments?post=15312"}],"wp:featuredmedia":[{"embeddable":true,"href":"https:\/\/nordicmart.andreevmaster.com\/sv\/wp-json\/wp\/v2\/media\/43131"}],"wp:attachment":[{"href":"https:\/\/nordicmart.andreevmaster.com\/sv\/wp-json\/wp\/v2\/media?parent=15312"}],"wp:term":[{"taxonomy":"product_brand","embeddable":true,"href":"https:\/\/nordicmart.andreevmaster.com\/sv\/wp-json\/wp\/v2\/product_brand?post=15312"},{"taxonomy":"product_cat","embeddable":true,"href":"https:\/\/nordicmart.andreevmaster.com\/sv\/wp-json\/wp\/v2\/product_cat?post=15312"},{"taxonomy":"product_tag","embeddable":true,"href":"https:\/\/nordicmart.andreevmaster.com\/sv\/wp-json\/wp\/v2\/product_tag?post=15312"}],"curies":[{"name":"wp","href":"https:\/\/api.w.org\/{rel}","templated":true}]}}