{"id":15310,"date":"2026-02-27T00:25:44","date_gmt":"2026-02-27T00:25:44","guid":{"rendered":"https:\/\/nordicmart.andreevmaster.com\/product\/songmics-plugghylla-med-dorrar-10-fack-vit\/"},"modified":"2026-02-27T08:17:14","modified_gmt":"2026-02-27T08:17:14","slug":"songmics-plugghylla-med-dorrar-10-fack-vit","status":"publish","type":"product","link":"https:\/\/nordicmart.andreevmaster.com\/sv\/produkt\/songmics-plugghylla-med-dorrar-10-fack-vit\/","title":{"rendered":"SONGMICS plugghylla med d\u00f6rrar 10 fack Vit"},"content":{"rendered":"<p>Herrskor, damskor, barnskor, tumskor, tofflor, pumps osv. Alla skor f\u00e5r plats i det. Det kombinerar l\u00e4tthet och stabilitet p\u00e5 ett idealiskt s\u00e4tt. Monteringen baseras p\u00e5 ett slags genomt\u00e4nkt pluggsystem, och den grafiska monteringsanvisningen guidar dig steg f\u00f6r steg till ett praktiskt utrymmesunderverk. Vid behov kan sk\u00e5pet enkelt demonteras f\u00f6r att spara plats vid f\u00f6rvaring eller transport. Oavsett om du letar efter ett skosk\u00e5p eller bara beh\u00f6ver f\u00f6rvaringsutrymme i hallen \u2013 Songmics erbjuder den r\u00e4tta l\u00f6sningen f\u00f6r alla dessa uppgifter tack vare sitt flexibla system! Produktdetaljer: M\u00e5tt: 43 x 173 x 31 cm (B x H x D) Material: PP-plast (skiva) + ABS-plast (kopplingsdel) F\u00e4rg: halvtransparent vit Max. belastningskapacitet f\u00f6r varje fack: 10 kg Leveransomfattning: 12 x PP-skiva (40 x 30 cm; halvtransparent vit) 20 x PP-skiva (30 x 17 cm; halvtransparent vit) 10 x PP-skiva (40 x 17 cm; halvtransparent vit) 10 x d\u00f6rr (40 x 17 cm; halvtransparent vit) 48 x plastkoppling (svart) 1 x tr\u00e4hammare 1 x bruksanvisning (DE, EN, FR, IT, ES) 1 x tippskydd (2 set skruvar, pluggar och remmar av nylon) SONGMICS Anm\u00e4rkningar:Eftersom sk\u00e5pet huvudsakligen best\u00e5r av PP-plast, undvik att pressa sk\u00e5pet med h\u00f6gt tryck, sl\u00e5 p\u00e5 det med stor kraft eller l\u00e5ta det komma i kontakt med vassa\/spetsiga f\u00f6rem\u00e5l. Se ocks\u00e5 till att inte s\u00e4tta dig p\u00e5 sk\u00e5pet. H\u00e5ll det borta fr\u00e5n ant\u00e4ndningsk\u00e4llor och \u00f6ppen eld. N\u00e4r du monterar kopplingsdelarna, se till att de runda ytorna med logotypen &#8221;Songmics&#8221; alla \u00e4r v\u00e4nda ut\u00e5t. N\u00e4r du monterar d\u00f6rren, s\u00e4tt in j\u00e4rntr\u00e5den l\u00e4ngs h\u00f6rnet l\u00e4ngs den inre r\u00e4fflan p\u00e5 kopplingsdelens sektor och j\u00e4rntr\u00e5den ska sitta &#8221;helt l\u00e4ngst ner&#8221; i sticksp\u00e5ret. Beroende p\u00e5 hur en niv\u00e5 \u00e4r uppbyggd monterar du redan d\u00f6rrarna. N\u00e4r du monterar plattorna, se till att de urskurna h\u00f6rnen p\u00e5 plattorna trycks in i anslutningsdelarnas slitsar \u00e4nda till slutet. F\u00f6r detta b\u00f6r du alltid trycka p\u00e5 varje anslutningsdel efter att en niv\u00e5 har monterats, tills delarna sitter \u201dhelt l\u00e4ngst ner\u201d och sn\u00e4pper fast. Det \u00e4r viktigt att se till att allt passar perfekt, annars ser sk\u00e5pet ut att vara skevt. Plattorna best\u00e5r av en metallram som \u00e4r t\u00e4ckt med en stabil plastfolie som l\u00e4ggs \u00f6ver kanterna och sedan svetsas fast. Det rekommenderas inte att f\u00f6rvara b\u00f6cker, hantlar eller andra tunga f\u00f6rem\u00e5l i sk\u00e5pet.<\/p>\n","protected":false},"excerpt":{"rendered":"<p>SONGMICS Skost\u00e4ll, DIY, skosk\u00e5p med d\u00f6rr, 10 niv\u00e5er, av PP-plast, skohyllor, med gummihammare och tippskydd, halvtransparent vitt LPC10W<\/p>\n","protected":false},"featured_media":43129,"comment_status":"open","ping_status":"closed","template":"","meta":[],"product_brand":[],"product_cat":[33],"product_tag":[],"class_list":{"0":"post-15310","1":"product","2":"type-product","3":"status-publish","4":"has-post-thumbnail","6":"product_cat-okategoriserad","8":"first","9":"instock","10":"shipping-taxable","11":"purchasable","12":"product-type-simple"},"_links":{"self":[{"href":"https:\/\/nordicmart.andreevmaster.com\/sv\/wp-json\/wp\/v2\/product\/15310","targetHints":{"allow":["GET"]}}],"collection":[{"href":"https:\/\/nordicmart.andreevmaster.com\/sv\/wp-json\/wp\/v2\/product"}],"about":[{"href":"https:\/\/nordicmart.andreevmaster.com\/sv\/wp-json\/wp\/v2\/types\/product"}],"replies":[{"embeddable":true,"href":"https:\/\/nordicmart.andreevmaster.com\/sv\/wp-json\/wp\/v2\/comments?post=15310"}],"wp:featuredmedia":[{"embeddable":true,"href":"https:\/\/nordicmart.andreevmaster.com\/sv\/wp-json\/wp\/v2\/media\/43129"}],"wp:attachment":[{"href":"https:\/\/nordicmart.andreevmaster.com\/sv\/wp-json\/wp\/v2\/media?parent=15310"}],"wp:term":[{"taxonomy":"product_brand","embeddable":true,"href":"https:\/\/nordicmart.andreevmaster.com\/sv\/wp-json\/wp\/v2\/product_brand?post=15310"},{"taxonomy":"product_cat","embeddable":true,"href":"https:\/\/nordicmart.andreevmaster.com\/sv\/wp-json\/wp\/v2\/product_cat?post=15310"},{"taxonomy":"product_tag","embeddable":true,"href":"https:\/\/nordicmart.andreevmaster.com\/sv\/wp-json\/wp\/v2\/product_tag?post=15310"}],"curies":[{"name":"wp","href":"https:\/\/api.w.org\/{rel}","templated":true}]}}