{"id":15303,"date":"2026-02-27T00:25:43","date_gmt":"2026-02-27T00:25:43","guid":{"rendered":"https:\/\/nordicmart.andreevmaster.com\/product\/songmics-skodrypplada-2-pack-med-upphojd-kant-svart\/"},"modified":"2026-02-27T08:17:12","modified_gmt":"2026-02-27T08:17:12","slug":"songmics-skodrypplada-2-pack-med-upphojd-kant-svart","status":"publish","type":"product","link":"https:\/\/nordicmart.andreevmaster.com\/sv\/produkt\/songmics-skodrypplada-2-pack-med-upphojd-kant-svart\/","title":{"rendered":"SONGMICS skodryppl\u00e5da, 2-pack med upph\u00f6jd kant, svart"},"content":{"rendered":"<p>F\u00e4rg: Svart<br \/>\nMaterial: PP-plast<br \/>\nStorlek: 36,5 x 74,2 x 3,2 cm (D x B x H)<br \/>\nTotalvikt: 1,1 kg<br \/>\nMax. statisk belastningskapacitet f\u00f6r varje skohylla: 10 kg<\/p>\n","protected":false},"excerpt":{"rendered":"<p>F\u00e4rg: Svart Material: PP-plast Storlek: 36,5 x 74,2 x 3,2 cm (D x B x H) Totalvikt: 1,1 kg Max. statisk belastningskapacitet f\u00f6r varje skohylla: 10 kg<\/p>\n","protected":false},"featured_media":43123,"comment_status":"open","ping_status":"closed","template":"","meta":[],"product_brand":[],"product_cat":[33],"product_tag":[],"class_list":{"0":"post-15303","1":"product","2":"type-product","3":"status-publish","4":"has-post-thumbnail","6":"product_cat-okategoriserad","8":"first","9":"instock","10":"shipping-taxable","11":"purchasable","12":"product-type-simple"},"_links":{"self":[{"href":"https:\/\/nordicmart.andreevmaster.com\/sv\/wp-json\/wp\/v2\/product\/15303","targetHints":{"allow":["GET"]}}],"collection":[{"href":"https:\/\/nordicmart.andreevmaster.com\/sv\/wp-json\/wp\/v2\/product"}],"about":[{"href":"https:\/\/nordicmart.andreevmaster.com\/sv\/wp-json\/wp\/v2\/types\/product"}],"replies":[{"embeddable":true,"href":"https:\/\/nordicmart.andreevmaster.com\/sv\/wp-json\/wp\/v2\/comments?post=15303"}],"wp:featuredmedia":[{"embeddable":true,"href":"https:\/\/nordicmart.andreevmaster.com\/sv\/wp-json\/wp\/v2\/media\/43123"}],"wp:attachment":[{"href":"https:\/\/nordicmart.andreevmaster.com\/sv\/wp-json\/wp\/v2\/media?parent=15303"}],"wp:term":[{"taxonomy":"product_brand","embeddable":true,"href":"https:\/\/nordicmart.andreevmaster.com\/sv\/wp-json\/wp\/v2\/product_brand?post=15303"},{"taxonomy":"product_cat","embeddable":true,"href":"https:\/\/nordicmart.andreevmaster.com\/sv\/wp-json\/wp\/v2\/product_cat?post=15303"},{"taxonomy":"product_tag","embeddable":true,"href":"https:\/\/nordicmart.andreevmaster.com\/sv\/wp-json\/wp\/v2\/product_tag?post=15303"}],"curies":[{"name":"wp","href":"https:\/\/api.w.org\/{rel}","templated":true}]}}