{"id":15302,"date":"2026-02-27T00:25:43","date_gmt":"2026-02-27T00:25:43","guid":{"rendered":"https:\/\/nordicmart.andreevmaster.com\/product\/songmics-skostall-med-12-fack-molnvit-och-transparent\/"},"modified":"2026-02-27T08:17:12","modified_gmt":"2026-02-27T08:17:12","slug":"songmics-skostall-med-12-fack-molnvit-och-transparent","status":"publish","type":"product","link":"https:\/\/nordicmart.andreevmaster.com\/sv\/produkt\/songmics-skostall-med-12-fack-molnvit-och-transparent\/","title":{"rendered":"SONGMICS skost\u00e4ll med 12 fack molnvit och transparent"},"content":{"rendered":"<p>SONGMICS skost\u00e4ll med 10 fack, skosk\u00e5p, 30 x 40 x 30 cm per fack, smalt, med d\u00f6rrar, st\u00e5lram, plast, f\u00f6r hall, sovrum, entr\u00e9, svart LPC035B01<br \/>\nF\u00e4rg: Molnvit-transparent<br \/>\nMaterial: ABS-plastkopplingar, PP-plastskiva, st\u00e5lram<br \/>\nStorlek p\u00e5 3 rader: 32 x 124,4 x 124,6 cm (D x B x H)<br \/>\nInnerm\u00e5tt per fack: 30 x 40 x 30 cm (D x B x H)<br \/>\nVikt: 11,6 kg<br \/>\nMax. statisk belastningskapacitet per fack: 5 kg<br \/>\nMax. statisk belastningskapacitet totalt: 60 kg<\/p>\n","protected":false},"excerpt":{"rendered":"<p>SONGMICS skost\u00e4ll med 10 fack, skosk\u00e5p, 30 x 40 x 30 cm per fack, smalt, med d\u00f6rrar, st\u00e5lram, plast, f\u00f6r hall, sovrum, entr\u00e9, svart LPC035B01<\/p>\n","protected":false},"featured_media":0,"comment_status":"open","ping_status":"closed","template":"","meta":[],"product_brand":[],"product_cat":[33],"product_tag":[],"class_list":{"0":"post-15302","1":"product","2":"type-product","3":"status-publish","5":"product_cat-okategoriserad","7":"first","8":"instock","9":"shipping-taxable","10":"purchasable","11":"product-type-simple"},"_links":{"self":[{"href":"https:\/\/nordicmart.andreevmaster.com\/sv\/wp-json\/wp\/v2\/product\/15302","targetHints":{"allow":["GET"]}}],"collection":[{"href":"https:\/\/nordicmart.andreevmaster.com\/sv\/wp-json\/wp\/v2\/product"}],"about":[{"href":"https:\/\/nordicmart.andreevmaster.com\/sv\/wp-json\/wp\/v2\/types\/product"}],"replies":[{"embeddable":true,"href":"https:\/\/nordicmart.andreevmaster.com\/sv\/wp-json\/wp\/v2\/comments?post=15302"}],"wp:attachment":[{"href":"https:\/\/nordicmart.andreevmaster.com\/sv\/wp-json\/wp\/v2\/media?parent=15302"}],"wp:term":[{"taxonomy":"product_brand","embeddable":true,"href":"https:\/\/nordicmart.andreevmaster.com\/sv\/wp-json\/wp\/v2\/product_brand?post=15302"},{"taxonomy":"product_cat","embeddable":true,"href":"https:\/\/nordicmart.andreevmaster.com\/sv\/wp-json\/wp\/v2\/product_cat?post=15302"},{"taxonomy":"product_tag","embeddable":true,"href":"https:\/\/nordicmart.andreevmaster.com\/sv\/wp-json\/wp\/v2\/product_tag?post=15302"}],"curies":[{"name":"wp","href":"https:\/\/api.w.org\/{rel}","templated":true}]}}