{"id":15300,"date":"2026-02-27T00:25:42","date_gmt":"2026-02-27T00:25:42","guid":{"rendered":"https:\/\/nordicmart.andreevmaster.com\/product\/songmics-utomhusbur-for-sma-djur-i-plast\/"},"modified":"2026-02-27T08:17:11","modified_gmt":"2026-02-27T08:17:11","slug":"songmics-utomhusbur-for-sma-djur-i-plast","status":"publish","type":"product","link":"https:\/\/nordicmart.andreevmaster.com\/sv\/produkt\/songmics-utomhusbur-for-sma-djur-i-plast\/","title":{"rendered":"SONGMICS utomhusbur f\u00f6r sm\u00e5 djur i plast"},"content":{"rendered":"<p>DIY \u2013 Kan anpassas individuellt Denna DIY-utomhusbur ger din lilla kompis k\u00e4nslan av att vara en del av familjen. Tack vare det t\u00e4ta galleravst\u00e5ndet skadas inte din \u00e4lsklings tassar. Enkel montering Tack vare den tydliga instruktionen och gummihammaren \u00e4r monteringen enkel (plattorna kan endast kopplas ihop i 90\u00b0 eller 180\u00b0 vinkel). 12 halkskydd och 100 buntband ger \u00f6kad stabilitet. En tydlig och ren sak De vita plastplattorna g\u00f6r att du kan observera din lilla v\u00e4n fr\u00e5n alla vinklar. Materialet \u00e4r l\u00e4tt att reng\u00f6ra. Produktdetaljer: &#8211; F\u00e4rg: Vit &#8211; Material: PP-plastplattor med metallram, ABS-plastkopplingar &#8211; Storlek: 143 x 73 x 93 cm (L x B x H) &#8211; Vikt: 6,5 kg Leveransomfattning:- 24 x plastplatta (45 x 35 cm) &#8211; 3 x plastplatta (35 x 35 cm) &#8211; 2 x metallgaller (45 x 35 cm) &#8211; 39 x plastkoppling &#8211; 100 x buntband &#8211; 12 x halkskydd &#8211; 1 x gummiklubba &#8211; 1 x bruksanvisning SONGMICS Anm\u00e4rkningar:- Trots den h\u00f6rndesign utan mellanrum rekommenderar vi att du l\u00e4gger en matta p\u00e5 golvet f\u00f6r att t\u00e4cka kopplingsdelarna. D\u00e5 finns det ingen risk att dina ivriga sm\u00e5 gnagare biter sig igenom. &#8211; Denna lekhage \u00e4r endast l\u00e4mplig f\u00f6r sm\u00e5 djur. Vi rekommenderar den inte f\u00f6r hundar eller katter.- Se till att plastplattorna \u00e4r helt inskjutna i kopplingsdelarna under monteringen f\u00f6r att \u00f6ka produktens s\u00e4kerhet och stabilitet. &#8211; F\u00e4st ytterligare 2 sammankopplade plattor med 2 kabelband. &#8211; Sitt inte p\u00e5 produkten, h\u00e5ll den borta fr\u00e5n v\u00e4rme- och eldk\u00e4llor och anv\u00e4nd den inte utomhus under l\u00e4ngre perioder.<\/p>\n","protected":false},"excerpt":{"rendered":"<p>SONGMICS marsvinsbur, DIY-hamsterbur av plast, vit LPC03W<\/p>\n","protected":false},"featured_media":43121,"comment_status":"open","ping_status":"closed","template":"","meta":[],"product_brand":[],"product_cat":[33],"product_tag":[],"class_list":{"0":"post-15300","1":"product","2":"type-product","3":"status-publish","4":"has-post-thumbnail","6":"product_cat-okategoriserad","8":"first","9":"instock","10":"shipping-taxable","11":"purchasable","12":"product-type-simple"},"_links":{"self":[{"href":"https:\/\/nordicmart.andreevmaster.com\/sv\/wp-json\/wp\/v2\/product\/15300","targetHints":{"allow":["GET"]}}],"collection":[{"href":"https:\/\/nordicmart.andreevmaster.com\/sv\/wp-json\/wp\/v2\/product"}],"about":[{"href":"https:\/\/nordicmart.andreevmaster.com\/sv\/wp-json\/wp\/v2\/types\/product"}],"replies":[{"embeddable":true,"href":"https:\/\/nordicmart.andreevmaster.com\/sv\/wp-json\/wp\/v2\/comments?post=15300"}],"wp:featuredmedia":[{"embeddable":true,"href":"https:\/\/nordicmart.andreevmaster.com\/sv\/wp-json\/wp\/v2\/media\/43121"}],"wp:attachment":[{"href":"https:\/\/nordicmart.andreevmaster.com\/sv\/wp-json\/wp\/v2\/media?parent=15300"}],"wp:term":[{"taxonomy":"product_brand","embeddable":true,"href":"https:\/\/nordicmart.andreevmaster.com\/sv\/wp-json\/wp\/v2\/product_brand?post=15300"},{"taxonomy":"product_cat","embeddable":true,"href":"https:\/\/nordicmart.andreevmaster.com\/sv\/wp-json\/wp\/v2\/product_cat?post=15300"},{"taxonomy":"product_tag","embeddable":true,"href":"https:\/\/nordicmart.andreevmaster.com\/sv\/wp-json\/wp\/v2\/product_tag?post=15300"}],"curies":[{"name":"wp","href":"https:\/\/api.w.org\/{rel}","templated":true}]}}