{"id":15299,"date":"2026-02-27T00:25:42","date_gmt":"2026-02-27T00:25:42","guid":{"rendered":"https:\/\/nordicmart.andreevmaster.com\/product\/songmics-skostall-med-flera-fack\/"},"modified":"2026-02-27T08:17:11","modified_gmt":"2026-02-27T08:17:11","slug":"songmics-skostall-med-flera-fack","status":"publish","type":"product","link":"https:\/\/nordicmart.andreevmaster.com\/sv\/produkt\/songmics-skostall-med-flera-fack\/","title":{"rendered":"SONGMICS skost\u00e4ll med flera fack"},"content":{"rendered":"<p>SONGMICS skost\u00e4ll med 10 fack, skosk\u00e5p, 30 x 40 x 30 cm per fack, smalt, med d\u00f6rrar, st\u00e5lram, plast, f\u00f6r hall, sovrum, entr\u00e9, svart LPC035B01<br \/>\nF\u00e4rg: Skiffergr\u00e5-transparent<br \/>\nMaterial: ABS-plastkopplingar, PP-plastskiva, st\u00e5lram<br \/>\nStorlek p\u00e5 2 rader: 32 x 83 x 94 cm (D x B x H)<br \/>\nInnerm\u00e5tt per fack: 30 x 40 x 30 cm (D x B x H)<br \/>\nVikt: 5,8 kg<br \/>\nMax. statisk belastningskapacitet per fack: 5 kg<br \/>\nMax. statisk belastningskapacitet totalt: 30 kg<\/p>\n","protected":false},"excerpt":{"rendered":"<p>SONGMICS skost\u00e4ll med 10 fack, skosk\u00e5p, 30 x 40 x 30 cm per fack, smalt, med d\u00f6rrar, st\u00e5lram, plast, f\u00f6r hall, sovrum, entr\u00e9, svart LPC035B01<\/p>\n","protected":false},"featured_media":43120,"comment_status":"open","ping_status":"closed","template":"","meta":[],"product_brand":[],"product_cat":[33],"product_tag":[],"class_list":{"0":"post-15299","1":"product","2":"type-product","3":"status-publish","4":"has-post-thumbnail","6":"product_cat-okategoriserad","8":"first","9":"instock","10":"shipping-taxable","11":"purchasable","12":"product-type-simple"},"_links":{"self":[{"href":"https:\/\/nordicmart.andreevmaster.com\/sv\/wp-json\/wp\/v2\/product\/15299","targetHints":{"allow":["GET"]}}],"collection":[{"href":"https:\/\/nordicmart.andreevmaster.com\/sv\/wp-json\/wp\/v2\/product"}],"about":[{"href":"https:\/\/nordicmart.andreevmaster.com\/sv\/wp-json\/wp\/v2\/types\/product"}],"replies":[{"embeddable":true,"href":"https:\/\/nordicmart.andreevmaster.com\/sv\/wp-json\/wp\/v2\/comments?post=15299"}],"wp:featuredmedia":[{"embeddable":true,"href":"https:\/\/nordicmart.andreevmaster.com\/sv\/wp-json\/wp\/v2\/media\/43120"}],"wp:attachment":[{"href":"https:\/\/nordicmart.andreevmaster.com\/sv\/wp-json\/wp\/v2\/media?parent=15299"}],"wp:term":[{"taxonomy":"product_brand","embeddable":true,"href":"https:\/\/nordicmart.andreevmaster.com\/sv\/wp-json\/wp\/v2\/product_brand?post=15299"},{"taxonomy":"product_cat","embeddable":true,"href":"https:\/\/nordicmart.andreevmaster.com\/sv\/wp-json\/wp\/v2\/product_cat?post=15299"},{"taxonomy":"product_tag","embeddable":true,"href":"https:\/\/nordicmart.andreevmaster.com\/sv\/wp-json\/wp\/v2\/product_tag?post=15299"}],"curies":[{"name":"wp","href":"https:\/\/api.w.org\/{rel}","templated":true}]}}