{"id":15290,"date":"2026-02-27T00:25:40","date_gmt":"2026-02-27T00:25:40","guid":{"rendered":"https:\/\/nordicmart.andreevmaster.com\/product\/songmics-skostall-med-4-fack-i-stalram\/"},"modified":"2026-02-27T08:17:09","modified_gmt":"2026-02-27T08:17:09","slug":"songmics-skostall-med-4-fack-i-stalram","status":"publish","type":"product","link":"https:\/\/nordicmart.andreevmaster.com\/sv\/produkt\/songmics-skostall-med-4-fack-i-stalram\/","title":{"rendered":"SONGMICS skost\u00e4ll med 4 fack i st\u00e5lram"},"content":{"rendered":"<p>SONGMICS skost\u00e4ll med 6 fack, skosk\u00e5p, 30 x 40 x 30 cm per fack, smalt, med d\u00f6rrar, st\u00e5lram, plast, f\u00f6r hall, sovrum, entr\u00e9, svart LPC033B01<br \/>\nF\u00e4rg: Vit<br \/>\nMaterial: ABS-plastkopplingar, PP-plastskiva, st\u00e5lram<br \/>\nStorlek: 32 x 83 x 63 cm (D x B x H)<br \/>\nInnerm\u00e5tt per fack: 30 x 40 x 30 cm (D x B x H)<br \/>\nVikt: 4,5 kg<br \/>\nMax. statisk belastningskapacitet per fack: 5 kg<\/p>\n","protected":false},"excerpt":{"rendered":"<p>SONGMICS skost\u00e4ll med 6 fack, skosk\u00e5p, 30 x 40 x 30 cm per fack, smalt, med d\u00f6rrar, st\u00e5lram, plast, f\u00f6r hall, sovrum, entr\u00e9, svart LPC033B01<\/p>\n","protected":false},"featured_media":43111,"comment_status":"open","ping_status":"closed","template":"","meta":[],"product_brand":[],"product_cat":[33],"product_tag":[],"class_list":{"0":"post-15290","1":"product","2":"type-product","3":"status-publish","4":"has-post-thumbnail","6":"product_cat-okategoriserad","8":"first","9":"instock","10":"shipping-taxable","11":"purchasable","12":"product-type-simple"},"_links":{"self":[{"href":"https:\/\/nordicmart.andreevmaster.com\/sv\/wp-json\/wp\/v2\/product\/15290","targetHints":{"allow":["GET"]}}],"collection":[{"href":"https:\/\/nordicmart.andreevmaster.com\/sv\/wp-json\/wp\/v2\/product"}],"about":[{"href":"https:\/\/nordicmart.andreevmaster.com\/sv\/wp-json\/wp\/v2\/types\/product"}],"replies":[{"embeddable":true,"href":"https:\/\/nordicmart.andreevmaster.com\/sv\/wp-json\/wp\/v2\/comments?post=15290"}],"wp:featuredmedia":[{"embeddable":true,"href":"https:\/\/nordicmart.andreevmaster.com\/sv\/wp-json\/wp\/v2\/media\/43111"}],"wp:attachment":[{"href":"https:\/\/nordicmart.andreevmaster.com\/sv\/wp-json\/wp\/v2\/media?parent=15290"}],"wp:term":[{"taxonomy":"product_brand","embeddable":true,"href":"https:\/\/nordicmart.andreevmaster.com\/sv\/wp-json\/wp\/v2\/product_brand?post=15290"},{"taxonomy":"product_cat","embeddable":true,"href":"https:\/\/nordicmart.andreevmaster.com\/sv\/wp-json\/wp\/v2\/product_cat?post=15290"},{"taxonomy":"product_tag","embeddable":true,"href":"https:\/\/nordicmart.andreevmaster.com\/sv\/wp-json\/wp\/v2\/product_tag?post=15290"}],"curies":[{"name":"wp","href":"https:\/\/api.w.org\/{rel}","templated":true}]}}