{"id":15289,"date":"2026-02-27T00:25:40","date_gmt":"2026-02-27T00:25:40","guid":{"rendered":"https:\/\/nordicmart.andreevmaster.com\/product\/songmics-diy-bur-20-plastplattor\/"},"modified":"2026-02-27T08:17:09","modified_gmt":"2026-02-27T08:17:09","slug":"songmics-diy-bur-20-plastplattor","status":"publish","type":"product","link":"https:\/\/nordicmart.andreevmaster.com\/sv\/produkt\/songmics-diy-bur-20-plastplattor\/","title":{"rendered":"SONGMICS DIY-bur 20 plastplattor"},"content":{"rendered":"<p>Vilket husdjur har du? Ett marsvin, en hamster eller en kanin? Denna SONGMICS-bur ger dem ett rymligt utrymme att springa och utforska sin omgivning f\u00f6r ett h\u00e4lsosamt liv. Individuellt anpassningsbar bur Bygg en DIY-staket s\u00e5 att dina sm\u00e5 v\u00e4nner k\u00e4nner sig som en del av familjen med exceptionell r\u00f6relsefrihet och s\u00e4kerhet. Plastplattorna kan monteras fritt med stabil botten (vinkeln mellan tv\u00e5 plattor kan endast f\u00e4stas i 90\u00b0 eller 180\u00b0). Enkel att montera Staketet kan monteras snabbt och enkelt genom att f\u00f6lja de angivna instruktionerna. En gummiklubba och 30 buntband ger extra stabilitet. Enkelt och s\u00e4kert staket Transparenta plastplattor g\u00f6r att du kan se och h\u00e5lla koll p\u00e5 de sm\u00e5. Plastmaterialet \u00e4r luktfritt och l\u00e4tt att reng\u00f6ra med en trasa. Vilket husdjur har du? Dela med dig av en bild p\u00e5 dina p\u00e4lsklingar i deras nya inh\u00e4gnad i en recension!G\u00e5ngen med bottenplattor \u00e4r stabil och deformeras inte vid r\u00f6relser. Bottenplattorna skyddar ditt golv fr\u00e5n smuts och f\u00f6rhindrar dessutom att ditt husdjur flyttar p\u00e5 g\u00e5ngen. Staketet kan anpassas i olika former efter behov. Njut av DIY-gl\u00e4djen och skapa ett bekv\u00e4mt hem f\u00f6r dina sm\u00e5 p\u00e4lsklingar. Produktdetaljer: F\u00e4rg: Transparent Material: PP-plastplatta, ABS-plastkoppling Produktstorlek: 143 x 73 x 46 cm (B x D x H) Vikt: 4,15 kgLeveransomfattning:12 x plastplattor (45 x 35 cm)8 x plastplattor (35 x 35 cm)27 x plastkopplingar30 x buntband1 x gummiklubba 175 g1 x bruksanvisning (DE, EN, FR, ES, IT)SONGMICS Anm\u00e4rkningar:- Buren \u00e4r endast avsedd f\u00f6r sm\u00e5 husdjur och rekommenderas inte f\u00f6r hundar eller katter. Se till att panelernas h\u00f6rn \u00e4r helt insatta i kopplingarnas \u00e4ndar vid montering f\u00f6r att \u00f6ka s\u00e4kerheten. &#8211; Anv\u00e4nd 2 buntband f\u00f6r att f\u00e4sta 2 paneler bredvid varandra. Sitt inte p\u00e5 produkten och h\u00e5ll den borta fr\u00e5n eld och v\u00e4rmek\u00e4llor. Anv\u00e4nd inte produkten utomhus under l\u00e4ngre tid.<\/p>\n","protected":false},"excerpt":{"rendered":"<p>SONGMICS Utomhusbur med bottenplattor, lekhage, plast- och st\u00e5lgaller f\u00f6r sm\u00e5 djur, marsvin, hamstrar, kaniner, transparent, LPC02W<\/p>\n","protected":false},"featured_media":46643,"comment_status":"open","ping_status":"closed","template":"","meta":[],"product_brand":[],"product_cat":[33],"product_tag":[],"class_list":{"0":"post-15289","1":"product","2":"type-product","3":"status-publish","4":"has-post-thumbnail","6":"product_cat-okategoriserad","8":"first","9":"instock","10":"shipping-taxable","11":"purchasable","12":"product-type-simple"},"_links":{"self":[{"href":"https:\/\/nordicmart.andreevmaster.com\/sv\/wp-json\/wp\/v2\/product\/15289","targetHints":{"allow":["GET"]}}],"collection":[{"href":"https:\/\/nordicmart.andreevmaster.com\/sv\/wp-json\/wp\/v2\/product"}],"about":[{"href":"https:\/\/nordicmart.andreevmaster.com\/sv\/wp-json\/wp\/v2\/types\/product"}],"replies":[{"embeddable":true,"href":"https:\/\/nordicmart.andreevmaster.com\/sv\/wp-json\/wp\/v2\/comments?post=15289"}],"wp:featuredmedia":[{"embeddable":true,"href":"https:\/\/nordicmart.andreevmaster.com\/sv\/wp-json\/wp\/v2\/media\/46643"}],"wp:attachment":[{"href":"https:\/\/nordicmart.andreevmaster.com\/sv\/wp-json\/wp\/v2\/media?parent=15289"}],"wp:term":[{"taxonomy":"product_brand","embeddable":true,"href":"https:\/\/nordicmart.andreevmaster.com\/sv\/wp-json\/wp\/v2\/product_brand?post=15289"},{"taxonomy":"product_cat","embeddable":true,"href":"https:\/\/nordicmart.andreevmaster.com\/sv\/wp-json\/wp\/v2\/product_cat?post=15289"},{"taxonomy":"product_tag","embeddable":true,"href":"https:\/\/nordicmart.andreevmaster.com\/sv\/wp-json\/wp\/v2\/product_tag?post=15289"}],"curies":[{"name":"wp","href":"https:\/\/api.w.org\/{rel}","templated":true}]}}