{"id":15287,"date":"2026-02-27T00:25:39","date_gmt":"2026-02-27T00:25:39","guid":{"rendered":"https:\/\/nordicmart.andreevmaster.com\/product\/songmics-bur-for-sma-djur-av-plastplattor-144-x-74-x-47-cm-molnvit\/"},"modified":"2026-02-27T08:17:09","modified_gmt":"2026-02-27T08:17:09","slug":"songmics-bur-for-sma-djur-av-plastplattor-144-x-74-x-47-cm-molnvit","status":"publish","type":"product","link":"https:\/\/nordicmart.andreevmaster.com\/sv\/produkt\/songmics-bur-for-sma-djur-av-plastplattor-144-x-74-x-47-cm-molnvit\/","title":{"rendered":"SONGMICS bur f\u00f6r sm\u00e5 djur av plastplattor 144 x 74 x 47 cm molnvit"},"content":{"rendered":"<p>SONGMICS bur f\u00f6r sm\u00e5 djur, halvtransparenta paneler, andningsbart, vattenavvisande tyg undertill, kaninbur inv\u00e4ndigt, marsvinsbur, iller, 144 x 74 x 47 cm, molnvit LPC015W01<br \/>\nF\u00e4rg: Molnvit<br \/>\nMaterial: plast, st\u00e5l, Oxford-tyg<br \/>\nStorlek: 144 x 74 x 47 cm (L x B x H)<br \/>\nVikt: 4,5 kg<\/p>\n","protected":false},"excerpt":{"rendered":"<p>SONGMICS bur f\u00f6r sm\u00e5 djur, halvtransparenta paneler, andningsbart, vattenavvisande tyg undertill, kaninbur inv\u00e4ndigt, marsvinsbur, iller, 144 x 74 x 47 cm, molnvit LPC015W01<\/p>\n","protected":false},"featured_media":43109,"comment_status":"open","ping_status":"closed","template":"","meta":[],"product_brand":[],"product_cat":[33],"product_tag":[],"class_list":{"0":"post-15287","1":"product","2":"type-product","3":"status-publish","4":"has-post-thumbnail","6":"product_cat-okategoriserad","8":"first","9":"instock","10":"shipping-taxable","11":"purchasable","12":"product-type-simple"},"_links":{"self":[{"href":"https:\/\/nordicmart.andreevmaster.com\/sv\/wp-json\/wp\/v2\/product\/15287","targetHints":{"allow":["GET"]}}],"collection":[{"href":"https:\/\/nordicmart.andreevmaster.com\/sv\/wp-json\/wp\/v2\/product"}],"about":[{"href":"https:\/\/nordicmart.andreevmaster.com\/sv\/wp-json\/wp\/v2\/types\/product"}],"replies":[{"embeddable":true,"href":"https:\/\/nordicmart.andreevmaster.com\/sv\/wp-json\/wp\/v2\/comments?post=15287"}],"wp:featuredmedia":[{"embeddable":true,"href":"https:\/\/nordicmart.andreevmaster.com\/sv\/wp-json\/wp\/v2\/media\/43109"}],"wp:attachment":[{"href":"https:\/\/nordicmart.andreevmaster.com\/sv\/wp-json\/wp\/v2\/media?parent=15287"}],"wp:term":[{"taxonomy":"product_brand","embeddable":true,"href":"https:\/\/nordicmart.andreevmaster.com\/sv\/wp-json\/wp\/v2\/product_brand?post=15287"},{"taxonomy":"product_cat","embeddable":true,"href":"https:\/\/nordicmart.andreevmaster.com\/sv\/wp-json\/wp\/v2\/product_cat?post=15287"},{"taxonomy":"product_tag","embeddable":true,"href":"https:\/\/nordicmart.andreevmaster.com\/sv\/wp-json\/wp\/v2\/product_tag?post=15287"}],"curies":[{"name":"wp","href":"https:\/\/api.w.org\/{rel}","templated":true}]}}