{"id":15286,"date":"2026-02-27T00:25:39","date_gmt":"2026-02-27T00:25:39","guid":{"rendered":"https:\/\/nordicmart.andreevmaster.com\/product\/songmics-bur-for-sma-djur-med-bottenplattor-145-x-73-x-57-cm-vit\/"},"modified":"2026-02-27T08:17:09","modified_gmt":"2026-02-27T08:17:09","slug":"songmics-bur-for-sma-djur-med-bottenplattor-145-x-73-x-57-cm-vit","status":"publish","type":"product","link":"https:\/\/nordicmart.andreevmaster.com\/sv\/produkt\/songmics-bur-for-sma-djur-med-bottenplattor-145-x-73-x-57-cm-vit\/","title":{"rendered":"SONGMICS bur f\u00f6r sm\u00e5 djur med bottenplattor 145 x 73 x 57 cm vit"},"content":{"rendered":"<p>SONGMICS bur f\u00f6r sm\u00e5 djur med bottenplattor, lekhage med avtagbar och vattent\u00e4t underlag, bur f\u00f6r hamstrar, kaniner, marsvin, 125 x 63 x 42 cm, vit LPC009W01<br \/>\nF\u00e4rg: Vit<br \/>\nMaterial: PP-plastplattor, ABS-plastkopplingar<br \/>\nStorlek p\u00e5 inh\u00e4gnaden: 145 x 73 x 57 cm (L x B x H)<br \/>\nStorlek p\u00e5 underlaget av Oxford-tyg: 144 x 74 cm (L x B)<br \/>\nVikt: 4,8 kg<\/p>\n","protected":false},"excerpt":{"rendered":"<p>SONGMICS bur f\u00f6r sm\u00e5 djur med bottenplattor, lekhage med avtagbar och vattent\u00e4t underlag, bur f\u00f6r hamstrar, kaniner, marsvin, 125 x 63 x 42 cm, vit LPC009W01<\/p>\n","protected":false},"featured_media":43108,"comment_status":"open","ping_status":"closed","template":"","meta":[],"product_brand":[],"product_cat":[33],"product_tag":[],"class_list":{"0":"post-15286","1":"product","2":"type-product","3":"status-publish","4":"has-post-thumbnail","6":"product_cat-okategoriserad","8":"first","9":"instock","10":"shipping-taxable","11":"purchasable","12":"product-type-simple"},"_links":{"self":[{"href":"https:\/\/nordicmart.andreevmaster.com\/sv\/wp-json\/wp\/v2\/product\/15286","targetHints":{"allow":["GET"]}}],"collection":[{"href":"https:\/\/nordicmart.andreevmaster.com\/sv\/wp-json\/wp\/v2\/product"}],"about":[{"href":"https:\/\/nordicmart.andreevmaster.com\/sv\/wp-json\/wp\/v2\/types\/product"}],"replies":[{"embeddable":true,"href":"https:\/\/nordicmart.andreevmaster.com\/sv\/wp-json\/wp\/v2\/comments?post=15286"}],"wp:featuredmedia":[{"embeddable":true,"href":"https:\/\/nordicmart.andreevmaster.com\/sv\/wp-json\/wp\/v2\/media\/43108"}],"wp:attachment":[{"href":"https:\/\/nordicmart.andreevmaster.com\/sv\/wp-json\/wp\/v2\/media?parent=15286"}],"wp:term":[{"taxonomy":"product_brand","embeddable":true,"href":"https:\/\/nordicmart.andreevmaster.com\/sv\/wp-json\/wp\/v2\/product_brand?post=15286"},{"taxonomy":"product_cat","embeddable":true,"href":"https:\/\/nordicmart.andreevmaster.com\/sv\/wp-json\/wp\/v2\/product_cat?post=15286"},{"taxonomy":"product_tag","embeddable":true,"href":"https:\/\/nordicmart.andreevmaster.com\/sv\/wp-json\/wp\/v2\/product_tag?post=15286"}],"curies":[{"name":"wp","href":"https:\/\/api.w.org\/{rel}","templated":true}]}}