{"id":15284,"date":"2026-02-27T00:25:38","date_gmt":"2026-02-27T00:25:38","guid":{"rendered":"https:\/\/nordicmart.andreevmaster.com\/product\/songmics-skostall-i-plast-gra\/"},"modified":"2026-02-27T08:17:08","modified_gmt":"2026-02-27T08:17:08","slug":"songmics-skostall-i-plast-gra","status":"publish","type":"product","link":"https:\/\/nordicmart.andreevmaster.com\/sv\/produkt\/songmics-skostall-i-plast-gra\/","title":{"rendered":"SONGMICS skost\u00e4ll i plast, gr\u00e5"},"content":{"rendered":"<p>Anpassningsbar efter dina behov Tack vare de medf\u00f6ljande reservkopplingarna kan du bygga och ut\u00f6ka detta plugghyllsystem i olika former f\u00f6r att anpassa det efter dina lokaler. Produktdetaljer: &#8211; F\u00e4rg: Gr\u00e5 &#8211; Material: PP-plastskivor, tr\u00e5dram, ABS-plastkopplingar &#8211; Storlek (1 x 10): 43 x 31 x 173 cm (L x B x H) &#8211; Storlek (2 x 5): 83 x 31 x 88 cm (L x B x H) &#8211; Vikt: 7,2 kg &#8211; Max. statisk belastningskapacitet per fack: 10 kg Leveransomfattning: &#8211; 12 x gr\u00e5 plastskiva (40 x 30 cm) &#8211; 20 x gr\u00e5 plastskiva (30 x 17 cm) &#8211; 10 x gr\u00e5 plastplatta (40 x 17 cm) &#8211; 10 x halvtransparent plastplatta (40 x 17 cm) &#8211; 48 x ABS-plastkopplingar &#8211; 1 x hammare &#8211; 2 x tippskydd &#8211; 1 x bruksanvisning (DE, EN, FR, ES, IT) SONGMICS Anm\u00e4rkningar:- Sitt inte p\u00e5 produkten och placera inte f\u00f6r tunga f\u00f6rem\u00e5l p\u00e5 den. &#8211; Uts\u00e4tt inte produkten f\u00f6r intensivt solljus under l\u00e4ngre tid. &#8211; Alla plastplattor ska tryckas fast ordentligt i kopplingsdelarna. Anv\u00e4nd hammaren f\u00f6r att s\u00e4kerst\u00e4lla en stabil koppling mellan alla delar. Tryck dessutom p\u00e5 kopplingsdelarna efter varje rad har monterats tills de har l\u00e5st sig helt. &#8211; F\u00e4st produkten p\u00e5 v\u00e4ggen med hj\u00e4lp av det medf\u00f6ljande tippskyddet om den \u00e4r h\u00f6gre \u00e4n 60 cm. &#8211; H\u00e5ll produkten borta fr\u00e5n vassa eller skarpa f\u00f6rem\u00e5l samt \u00f6ppen eld f\u00f6r att undvika skador.<\/p>\n","protected":false},"excerpt":{"rendered":"<p>SONGMICS skohylla, hyllsystem med 10 fack, plugghylla, plastskivor, tr\u00e5dram, f\u00f6rvaring, kl\u00e4dsk\u00e5p, skoorganiserare, 40 x 30 x 17 cm per fack, vintagebrun LPC010A01<\/p>\n","protected":false},"featured_media":43106,"comment_status":"open","ping_status":"closed","template":"","meta":[],"product_brand":[],"product_cat":[33],"product_tag":[],"class_list":{"0":"post-15284","1":"product","2":"type-product","3":"status-publish","4":"has-post-thumbnail","6":"product_cat-okategoriserad","8":"first","9":"instock","10":"shipping-taxable","11":"purchasable","12":"product-type-simple"},"_links":{"self":[{"href":"https:\/\/nordicmart.andreevmaster.com\/sv\/wp-json\/wp\/v2\/product\/15284","targetHints":{"allow":["GET"]}}],"collection":[{"href":"https:\/\/nordicmart.andreevmaster.com\/sv\/wp-json\/wp\/v2\/product"}],"about":[{"href":"https:\/\/nordicmart.andreevmaster.com\/sv\/wp-json\/wp\/v2\/types\/product"}],"replies":[{"embeddable":true,"href":"https:\/\/nordicmart.andreevmaster.com\/sv\/wp-json\/wp\/v2\/comments?post=15284"}],"wp:featuredmedia":[{"embeddable":true,"href":"https:\/\/nordicmart.andreevmaster.com\/sv\/wp-json\/wp\/v2\/media\/43106"}],"wp:attachment":[{"href":"https:\/\/nordicmart.andreevmaster.com\/sv\/wp-json\/wp\/v2\/media?parent=15284"}],"wp:term":[{"taxonomy":"product_brand","embeddable":true,"href":"https:\/\/nordicmart.andreevmaster.com\/sv\/wp-json\/wp\/v2\/product_brand?post=15284"},{"taxonomy":"product_cat","embeddable":true,"href":"https:\/\/nordicmart.andreevmaster.com\/sv\/wp-json\/wp\/v2\/product_cat?post=15284"},{"taxonomy":"product_tag","embeddable":true,"href":"https:\/\/nordicmart.andreevmaster.com\/sv\/wp-json\/wp\/v2\/product_tag?post=15284"}],"curies":[{"name":"wp","href":"https:\/\/api.w.org\/{rel}","templated":true}]}}