{"id":15283,"date":"2026-02-27T00:25:38","date_gmt":"2026-02-27T00:25:38","guid":{"rendered":"https:\/\/nordicmart.andreevmaster.com\/product\/songmics-hyllsystem-med-10-fack\/"},"modified":"2026-02-27T08:17:08","modified_gmt":"2026-02-27T08:17:08","slug":"songmics-hyllsystem-med-10-fack","status":"publish","type":"product","link":"https:\/\/nordicmart.andreevmaster.com\/sv\/produkt\/songmics-hyllsystem-med-10-fack\/","title":{"rendered":"SONGMICS hyllsystem med 10 fack"},"content":{"rendered":"<p>Stabilt, s\u00e4kert, h\u00e5llbart PP-plastskivorna h\u00e5lls ihop av h\u00f6gkvalitativa ABS-kopplingar, s\u00e5 att varje enhet kan b\u00e4ra upp till 10 kg kl\u00e4der eller skor. Dessutom ger tippskyddet extra stabilitet och s\u00e4ker anv\u00e4ndning. Produktdetaljer: &#8211; F\u00e4rg: Vintagebrun &#8211; Material: PP-plastskivor, tr\u00e5dram, ABS-plastkopplingar &#8211; Storlek (1 x 10): 43 x 31 x 173 cm (L x B x H) &#8211; Storlek (2 x 5): 83 x 31 x 88 cm (L x B x H) &#8211; Vikt: 7,2 kg &#8211; Max. statisk belastningskapacitet per fack: 10 kg Leveransomfattning: &#8211; 12 x plastskiva i vintagebrunt (40 x 30 cm) &#8211; 20 x plastskiva i vintagebrunt (30 x 17 cm)- 10 x plastskiva i vintagebrunt (40 x 17 cm)- 10 x d\u00f6rrskiva i vintagebrunt (40 x 17 cm)- 48 x ABS-plastkoppling- 1 x hammare- 2 x tippskydd- 1 x bruksanvisning (DE, EN, FR, ES, IT)SONGMICS Anm\u00e4rkningar:- Uts\u00e4tt inte produkten f\u00f6r intensivt solljus under l\u00e4ngre tid. &#8211; Sitt inte p\u00e5 produkten och placera inte f\u00f6r tunga f\u00f6rem\u00e5l p\u00e5 den. &#8211; Alla plastskivor ska tryckas fast ordentligt i kopplingsdelarna. Anv\u00e4nd hammaren f\u00f6r att s\u00e4kerst\u00e4lla en stabil koppling mellan alla delar. Tryck dessutom p\u00e5 kopplingsdelarna efter varje rad har monterats tills de har l\u00e5st sig helt. &#8211; F\u00e4st produkten p\u00e5 v\u00e4ggen med hj\u00e4lp av det medf\u00f6ljande tippskyddet om den \u00e4r h\u00f6gre \u00e4n 60 cm.<\/p>\n","protected":false},"excerpt":{"rendered":"<p>SONGMICS skohylla, hyllsystem med 10 fack, plugghylla, plastskivor, tr\u00e5dram, f\u00f6rvaring, kl\u00e4dsk\u00e5p, skoorganiserare, 40 x 30 x 17 cm per fack, vintagebrun LPC010A01<\/p>\n","protected":false},"featured_media":43105,"comment_status":"open","ping_status":"closed","template":"","meta":[],"product_brand":[],"product_cat":[33],"product_tag":[],"class_list":{"0":"post-15283","1":"product","2":"type-product","3":"status-publish","4":"has-post-thumbnail","6":"product_cat-okategoriserad","8":"first","9":"instock","10":"shipping-taxable","11":"purchasable","12":"product-type-simple"},"_links":{"self":[{"href":"https:\/\/nordicmart.andreevmaster.com\/sv\/wp-json\/wp\/v2\/product\/15283","targetHints":{"allow":["GET"]}}],"collection":[{"href":"https:\/\/nordicmart.andreevmaster.com\/sv\/wp-json\/wp\/v2\/product"}],"about":[{"href":"https:\/\/nordicmart.andreevmaster.com\/sv\/wp-json\/wp\/v2\/types\/product"}],"replies":[{"embeddable":true,"href":"https:\/\/nordicmart.andreevmaster.com\/sv\/wp-json\/wp\/v2\/comments?post=15283"}],"wp:featuredmedia":[{"embeddable":true,"href":"https:\/\/nordicmart.andreevmaster.com\/sv\/wp-json\/wp\/v2\/media\/43105"}],"wp:attachment":[{"href":"https:\/\/nordicmart.andreevmaster.com\/sv\/wp-json\/wp\/v2\/media?parent=15283"}],"wp:term":[{"taxonomy":"product_brand","embeddable":true,"href":"https:\/\/nordicmart.andreevmaster.com\/sv\/wp-json\/wp\/v2\/product_brand?post=15283"},{"taxonomy":"product_cat","embeddable":true,"href":"https:\/\/nordicmart.andreevmaster.com\/sv\/wp-json\/wp\/v2\/product_cat?post=15283"},{"taxonomy":"product_tag","embeddable":true,"href":"https:\/\/nordicmart.andreevmaster.com\/sv\/wp-json\/wp\/v2\/product_tag?post=15283"}],"curies":[{"name":"wp","href":"https:\/\/api.w.org\/{rel}","templated":true}]}}