{"id":15280,"date":"2026-02-27T00:25:37","date_gmt":"2026-02-27T00:25:37","guid":{"rendered":"https:\/\/nordicmart.andreevmaster.com\/product\/songmics-utomhusbur-i-transparent-plast\/"},"modified":"2026-02-27T08:17:08","modified_gmt":"2026-02-27T08:17:08","slug":"songmics-utomhusbur-i-transparent-plast","status":"publish","type":"product","link":"https:\/\/nordicmart.andreevmaster.com\/sv\/produkt\/songmics-utomhusbur-i-transparent-plast\/","title":{"rendered":"SONGMICS utomhusbur i transparent plast"},"content":{"rendered":"<p>Allt i sikte Hur ofta har du missat de vackraste \u00f6gonblicken med ditt husdjur? Med de genomskinliga plastplattorna kommer du aldrig att missa dem igen! Du kommer att bli f\u00f6rv\u00e5nad \u00f6ver att din lilla \u00e4lskling har s\u00e5 m\u00e5nga hemligheter! S\u00e4ker och skyddad \u00c4r du r\u00e4dd att dina busiga p\u00e4lsklingar ska kl\u00e4ttra ut ur buren eller fastna med tassarna? Ingen anledning att oroa sig! De sl\u00e4ta plastv\u00e4ggarna \u00e4r 45 cm h\u00f6ga och fastsatta med kopplingsdelar. Visa din k\u00e4rlek! Vi vet hur mycket du \u00e4lskar dina sm\u00e5 \u00e4lsklingar. Nu \u00e4r det dags att visa din k\u00e4rlek! Ge dem ett stort tv\u00e5v\u00e5ningshus d\u00e4r de kan springa, leka, tr\u00e4na och ha kul. S\u00e5 mycket utrymme, precis som din k\u00e4rlek! Produktdetaljer: &#8211; F\u00e4rg: Transparent &#8211; Material: PP-plastplatta, metallram, kopplingsdelar av ABS-plast &#8211; Storlek: 143 x 73 x 91 cm (L x B x H) &#8211; Vikt: 8,2 kg &#8211; Max. statisk belastningskapacitet p\u00e5 f\u00f6rsta v\u00e5ningen: 4 kg Leveransomfattning:- 26 x plastplatta (45 x 35 cm) &#8211; 8 x plastplatta (35 x 35 cm) &#8211; 2 x metallgaller (45 x 35 cm) &#8211; 40 x plastkopplingsdel &#8211; 100 x kabelband &#8211; 12 x halkskydd &#8211; 1 x hammare &#8211; 1 x bruksanvisning SONGMICS Anm\u00e4rkningar:- Denna bur \u00e4r endast avsedd f\u00f6r sm\u00e5 djur. Anv\u00e4nd den inte f\u00f6r hundar och katter. &#8211; Se till att plastplattorna sn\u00e4pper fast ordentligt i plastkopplingarna under monteringen f\u00f6r att \u00f6ka burens stabilitet. &#8211; F\u00e4st dessutom ihop tv\u00e5 plastplattor som placeras bredvid varandra med buntband. &#8211; S\u00e4tt dig inte p\u00e5 denna produkt. &#8211; Placera inte denna produkt utomhus under en l\u00e4ngre tid.<\/p>\n","protected":false},"excerpt":{"rendered":"<p>SONGMICS Utomhusbur, lekhage, bur f\u00f6r husdjur, inh\u00e4gnad, med trappor, 143 x 73 x 91 cm, av plast, f\u00f6r sm\u00e5 djur, marsvin, hamstrar, kaniner, transparent LPC005W01<\/p>\n","protected":false},"featured_media":43102,"comment_status":"open","ping_status":"closed","template":"","meta":[],"product_brand":[],"product_cat":[33],"product_tag":[],"class_list":{"0":"post-15280","1":"product","2":"type-product","3":"status-publish","4":"has-post-thumbnail","6":"product_cat-okategoriserad","8":"first","9":"instock","10":"shipping-taxable","11":"purchasable","12":"product-type-simple"},"_links":{"self":[{"href":"https:\/\/nordicmart.andreevmaster.com\/sv\/wp-json\/wp\/v2\/product\/15280","targetHints":{"allow":["GET"]}}],"collection":[{"href":"https:\/\/nordicmart.andreevmaster.com\/sv\/wp-json\/wp\/v2\/product"}],"about":[{"href":"https:\/\/nordicmart.andreevmaster.com\/sv\/wp-json\/wp\/v2\/types\/product"}],"replies":[{"embeddable":true,"href":"https:\/\/nordicmart.andreevmaster.com\/sv\/wp-json\/wp\/v2\/comments?post=15280"}],"wp:featuredmedia":[{"embeddable":true,"href":"https:\/\/nordicmart.andreevmaster.com\/sv\/wp-json\/wp\/v2\/media\/43102"}],"wp:attachment":[{"href":"https:\/\/nordicmart.andreevmaster.com\/sv\/wp-json\/wp\/v2\/media?parent=15280"}],"wp:term":[{"taxonomy":"product_brand","embeddable":true,"href":"https:\/\/nordicmart.andreevmaster.com\/sv\/wp-json\/wp\/v2\/product_brand?post=15280"},{"taxonomy":"product_cat","embeddable":true,"href":"https:\/\/nordicmart.andreevmaster.com\/sv\/wp-json\/wp\/v2\/product_cat?post=15280"},{"taxonomy":"product_tag","embeddable":true,"href":"https:\/\/nordicmart.andreevmaster.com\/sv\/wp-json\/wp\/v2\/product_tag?post=15280"}],"curies":[{"name":"wp","href":"https:\/\/api.w.org\/{rel}","templated":true}]}}