{"id":15277,"date":"2026-02-27T00:25:37","date_gmt":"2026-02-27T00:25:37","guid":{"rendered":"https:\/\/nordicmart.andreevmaster.com\/product\/feandrea-plastbur-i-gratt\/"},"modified":"2026-02-27T08:17:07","modified_gmt":"2026-02-27T08:17:07","slug":"feandrea-plastbur-i-gratt","status":"publish","type":"product","link":"https:\/\/nordicmart.andreevmaster.com\/sv\/produkt\/feandrea-plastbur-i-gratt\/","title":{"rendered":"Feandrea plastbur i gr\u00e5tt"},"content":{"rendered":"<p>Flexibel utomhusbur f\u00f6r sm\u00e5 djur: Bygg en individuell lekhage med mycket r\u00f6relsefrihet f\u00f6r ditt husdjur, s\u00e5 att dina marsvin eller kaniner k\u00e4nner sig trygga och som en del av familjen. Plastplattorna kan monteras flexibelt (dock endast i 90\u00b0 eller 180\u00b0 vinkel).Enkel att montera: St\u00e4ngslet kan monteras snabbt och enkelt \u2013 du beh\u00f6ver bara f\u00f6lja den medf\u00f6ljande instruktionen. Dessutom tillhandah\u00e5ller vi en liten hammare f\u00f6r att underl\u00e4tta monteringen. De 30 kabelbanden ger dessutom extra stabilitet. Enkel, men \u00e4nd\u00e5 s\u00e4ker: De halvtransparenta plastplattorna g\u00f6r att du kan se och h\u00e5lla koll p\u00e5 dina sm\u00e5 p\u00e4lsbollar. Plastmaterialet \u00e4r dessutom luktfritt och l\u00e4tt att reng\u00f6ra med en trasa. Produktdetaljer: F\u00e4rg: Gr\u00e5 Material: PP-plastplattor, ABS-plastkopplingar Storlek: 143 x 73 x 46 cm (L x B x H) Vikt: 4,15 kgLeveransomfattning:12 x plastplatta (45 x 35 cm)8 x plastplatta (35 x 35 cm)27 x plastkoppling30 x kabelband1 x hammare1 x bruksanvisning (DE, EN, FR, ES, IT)SONGMICS Anm\u00e4rkningar:Denna bur \u00e4r endast l\u00e4mplig f\u00f6r sm\u00e5 djur. Anv\u00e4nd den inte f\u00f6r hundar och katter. Se till att plastplattorna sn\u00e4pper fast ordentligt i plastkopplingarna under monteringen f\u00f6r att \u00f6ka inh\u00e4gnadens stabilitet. Koppla ihop tv\u00e5 plastplattor som placeras bredvid varandra med buntband. S\u00e4tt dig inte p\u00e5 denna produkt och h\u00e5ll den borta fr\u00e5n eld och v\u00e4rmek\u00e4llor. L\u00e4mna inte denna produkt utomhus under l\u00e4ngre tid.<\/p>\n","protected":false},"excerpt":{"rendered":"<p>Feandrea utomhusbur med bottenplattor, lekhage, av plast, bur f\u00f6r sm\u00e5 djur, marsvin, hamstrar, kaniner, gr\u00e5 LPC002G01<\/p>\n","protected":false},"featured_media":43099,"comment_status":"open","ping_status":"closed","template":"","meta":[],"product_brand":[],"product_cat":[33],"product_tag":[],"class_list":{"0":"post-15277","1":"product","2":"type-product","3":"status-publish","4":"has-post-thumbnail","6":"product_cat-okategoriserad","8":"first","9":"instock","10":"shipping-taxable","11":"purchasable","12":"product-type-simple"},"_links":{"self":[{"href":"https:\/\/nordicmart.andreevmaster.com\/sv\/wp-json\/wp\/v2\/product\/15277","targetHints":{"allow":["GET"]}}],"collection":[{"href":"https:\/\/nordicmart.andreevmaster.com\/sv\/wp-json\/wp\/v2\/product"}],"about":[{"href":"https:\/\/nordicmart.andreevmaster.com\/sv\/wp-json\/wp\/v2\/types\/product"}],"replies":[{"embeddable":true,"href":"https:\/\/nordicmart.andreevmaster.com\/sv\/wp-json\/wp\/v2\/comments?post=15277"}],"wp:featuredmedia":[{"embeddable":true,"href":"https:\/\/nordicmart.andreevmaster.com\/sv\/wp-json\/wp\/v2\/media\/43099"}],"wp:attachment":[{"href":"https:\/\/nordicmart.andreevmaster.com\/sv\/wp-json\/wp\/v2\/media?parent=15277"}],"wp:term":[{"taxonomy":"product_brand","embeddable":true,"href":"https:\/\/nordicmart.andreevmaster.com\/sv\/wp-json\/wp\/v2\/product_brand?post=15277"},{"taxonomy":"product_cat","embeddable":true,"href":"https:\/\/nordicmart.andreevmaster.com\/sv\/wp-json\/wp\/v2\/product_cat?post=15277"},{"taxonomy":"product_tag","embeddable":true,"href":"https:\/\/nordicmart.andreevmaster.com\/sv\/wp-json\/wp\/v2\/product_tag?post=15277"}],"curies":[{"name":"wp","href":"https:\/\/api.w.org\/{rel}","templated":true}]}}