{"id":15276,"date":"2026-02-27T00:25:36","date_gmt":"2026-02-27T00:25:36","guid":{"rendered":"https:\/\/nordicmart.andreevmaster.com\/product\/songmics-utomhusbur-med-bottenplattor-av-vit-plast\/"},"modified":"2026-02-27T08:17:07","modified_gmt":"2026-02-27T08:17:07","slug":"songmics-utomhusbur-med-bottenplattor-av-vit-plast","status":"publish","type":"product","link":"https:\/\/nordicmart.andreevmaster.com\/sv\/produkt\/songmics-utomhusbur-med-bottenplattor-av-vit-plast\/","title":{"rendered":"SONGMICS utomhusbur med bottenplattor av vit plast"},"content":{"rendered":"<p>SONGMICS Utomhusbur med bottenplattor, lekhage, plast- och st\u00e5lgaller f\u00f6r sm\u00e5 djur, marsvin, hamstrar, kaniner, transparent, LPC02W<br \/>\nF\u00e4rg: Vit<br \/>\nMaterial: PP-plastplattor, ABS-plastkopplingar<br \/>\nStorlek: 125 x 63 x 42 cm (L x B x H)<br \/>\nVikt: 3,5 kg<\/p>\n","protected":false},"excerpt":{"rendered":"<p>SONGMICS Utomhusbur med bottenplattor, lekhage, plast- och st\u00e5lgaller f\u00f6r sm\u00e5 djur, marsvin, hamstrar, kaniner, transparent, LPC02W<\/p>\n","protected":false},"featured_media":43098,"comment_status":"open","ping_status":"closed","template":"","meta":[],"product_brand":[],"product_cat":[33],"product_tag":[],"class_list":{"0":"post-15276","1":"product","2":"type-product","3":"status-publish","4":"has-post-thumbnail","6":"product_cat-okategoriserad","8":"first","9":"instock","10":"shipping-taxable","11":"purchasable","12":"product-type-simple"},"_links":{"self":[{"href":"https:\/\/nordicmart.andreevmaster.com\/sv\/wp-json\/wp\/v2\/product\/15276","targetHints":{"allow":["GET"]}}],"collection":[{"href":"https:\/\/nordicmart.andreevmaster.com\/sv\/wp-json\/wp\/v2\/product"}],"about":[{"href":"https:\/\/nordicmart.andreevmaster.com\/sv\/wp-json\/wp\/v2\/types\/product"}],"replies":[{"embeddable":true,"href":"https:\/\/nordicmart.andreevmaster.com\/sv\/wp-json\/wp\/v2\/comments?post=15276"}],"wp:featuredmedia":[{"embeddable":true,"href":"https:\/\/nordicmart.andreevmaster.com\/sv\/wp-json\/wp\/v2\/media\/43098"}],"wp:attachment":[{"href":"https:\/\/nordicmart.andreevmaster.com\/sv\/wp-json\/wp\/v2\/media?parent=15276"}],"wp:term":[{"taxonomy":"product_brand","embeddable":true,"href":"https:\/\/nordicmart.andreevmaster.com\/sv\/wp-json\/wp\/v2\/product_brand?post=15276"},{"taxonomy":"product_cat","embeddable":true,"href":"https:\/\/nordicmart.andreevmaster.com\/sv\/wp-json\/wp\/v2\/product_cat?post=15276"},{"taxonomy":"product_tag","embeddable":true,"href":"https:\/\/nordicmart.andreevmaster.com\/sv\/wp-json\/wp\/v2\/product_tag?post=15276"}],"curies":[{"name":"wp","href":"https:\/\/api.w.org\/{rel}","templated":true}]}}