{"id":15271,"date":"2026-02-27T00:25:35","date_gmt":"2026-02-27T00:25:35","guid":{"rendered":"https:\/\/nordicmart.andreevmaster.com\/product\/lotta-gra-bokhylla\/"},"modified":"2026-02-27T08:17:06","modified_gmt":"2026-02-27T08:17:06","slug":"lotta-gra-bokhylla","status":"publish","type":"product","link":"https:\/\/nordicmart.andreevmaster.com\/sv\/produkt\/lotta-gra-bokhylla\/","title":{"rendered":"Lotta gr\u00e5 bokhylla"},"content":{"rendered":"<p>En hyllanl\u00e4ggning d\u00e4r barnets alla skatter, leksaker och b\u00f6cker kan f\u00f6rvaras \u00e4r ett n\u00f6dv\u00e4ndigt tillbeh\u00f6r i ett barnrum. Hyllornas placering, som g\u00f6r dem tillg\u00e4ngliga \u00e4ven f\u00f6r de yngsta barnen, \u00e4r en stor f\u00f6rdel med anl\u00e4ggningen. En s\u00e5dan l\u00f6sning l\u00e4r dem att organisera och st\u00e4da. Anl\u00e4ggningen kan ocks\u00e5 anv\u00e4ndas som garderob, eftersom hyllorna kan st\u00e4ngas med sm\u00e5 d\u00f6rrar som d\u00f6ljer inneh\u00e5llet.**Huvudsakliga f\u00f6rdelar:** &#8211; 2 \u00f6ppningsbara sk\u00e5p &#8211; olika hyllbredder underl\u00e4ttar organiseringen av utrymmet &#8211; l\u00e4ttillg\u00e4ngliga hyllor, \u00e4ven f\u00f6r de yngsta barnen &#8211; m\u00f6jlighet till v\u00e4ggmontering &#8211; uppfyller europeiska standarder och s\u00e4kerhetskrav **M\u00e5tt (cm):** h\u00f6jd: 167 djup: 39<br \/>\nbredd: 103<\/p>\n<p>**F\u00e4rger:**<br \/>\n&#8211; m\u00f6belkroppen \u00e4r neutralgr\u00e5 med matt yta<br \/>\n&#8211; basen (tr\u00e4ben) \u00e4r tillverkad av ek<\/p>\n<p>**Anv\u00e4ndningsanvisning:**<br \/>\nM\u00f6beln ska torkas av med en mjuk bomullsduk fuktad med vatten eller ett m\u00f6belv\u00e5rdsmedel.<\/p>\n<p>**Ytterligare information:**<br \/>\nM\u00f6blerna levereras i paket, avsedda f\u00f6r sj\u00e4lvmontering. Paketen inneh\u00e5ller detaljerade monteringsanvisningar samt tillbeh\u00f6r (skruvar etc.).<\/p>\n","protected":false},"excerpt":{"rendered":"<p>En hyllanl\u00e4ggning d\u00e4r barnets alla skatter, leksaker och b\u00f6cker kan f\u00f6rvaras \u00e4r ett n\u00f6dv\u00e4ndigt tillbeh\u00f6r i ett barnrum. Hyllornas placering, som g\u00f6r dem tillg\u00e4ngliga \u00e4ven f\u00f6r de yngsta barnen, \u00e4r en stor f\u00f6rdel med anl\u00e4ggningen. En s\u00e5dan l\u00f6sning l\u00e4r dem att organisera och st\u00e4da. Anl\u00e4ggningen kan ocks\u00e5 anv\u00e4ndas som garderob, eftersom hyllorna kan st\u00e4ngas med [&hellip;]<\/p>\n","protected":false},"featured_media":0,"comment_status":"open","ping_status":"closed","template":"","meta":[],"product_brand":[],"product_cat":[33],"product_tag":[],"class_list":{"0":"post-15271","1":"product","2":"type-product","3":"status-publish","5":"product_cat-okategoriserad","7":"first","8":"instock","9":"shipping-taxable","10":"purchasable","11":"product-type-simple"},"_links":{"self":[{"href":"https:\/\/nordicmart.andreevmaster.com\/sv\/wp-json\/wp\/v2\/product\/15271","targetHints":{"allow":["GET"]}}],"collection":[{"href":"https:\/\/nordicmart.andreevmaster.com\/sv\/wp-json\/wp\/v2\/product"}],"about":[{"href":"https:\/\/nordicmart.andreevmaster.com\/sv\/wp-json\/wp\/v2\/types\/product"}],"replies":[{"embeddable":true,"href":"https:\/\/nordicmart.andreevmaster.com\/sv\/wp-json\/wp\/v2\/comments?post=15271"}],"wp:attachment":[{"href":"https:\/\/nordicmart.andreevmaster.com\/sv\/wp-json\/wp\/v2\/media?parent=15271"}],"wp:term":[{"taxonomy":"product_brand","embeddable":true,"href":"https:\/\/nordicmart.andreevmaster.com\/sv\/wp-json\/wp\/v2\/product_brand?post=15271"},{"taxonomy":"product_cat","embeddable":true,"href":"https:\/\/nordicmart.andreevmaster.com\/sv\/wp-json\/wp\/v2\/product_cat?post=15271"},{"taxonomy":"product_tag","embeddable":true,"href":"https:\/\/nordicmart.andreevmaster.com\/sv\/wp-json\/wp\/v2\/product_tag?post=15271"}],"curies":[{"name":"wp","href":"https:\/\/api.w.org\/{rel}","templated":true}]}}