{"id":15270,"date":"2026-02-27T00:25:35","date_gmt":"2026-02-27T00:25:35","guid":{"rendered":"https:\/\/nordicmart.andreevmaster.com\/product\/lotta-gra-pinette-skotbord\/"},"modified":"2026-02-27T08:17:06","modified_gmt":"2026-02-27T08:17:06","slug":"lotta-gra-pinette-skotbord","status":"publish","type":"product","link":"https:\/\/nordicmart.andreevmaster.com\/sv\/produkt\/lotta-gra-pinette-skotbord\/","title":{"rendered":"Lotta gr\u00e5\/Pinette sk\u00f6tbord"},"content":{"rendered":"<p>Sk\u00f6tbordet \u00e4r ett element som ingen mamma och inget barnrum kan vara utan.<br \/>\nDet \u00e4r en s\u00e4ker, mysig och bekv\u00e4m plats som underl\u00e4ttar barnomsorgen och sk\u00f6tningen. Det passar perfekt till byr\u00e5n i samma serie, vilket g\u00f6r det mycket s\u00e4kert att anv\u00e4nda.<br \/>\nSk\u00f6tbordet f\u00f6rl\u00e4nger byr\u00e5ns yta, vilket g\u00f6r att barnet \u00e4r s\u00e4kert och alla v\u00e5rdprodukter finns inom r\u00e4ckh\u00e5ll. Begr\u00e4nsande kanter \u00e4r ett annat element som p\u00e5verkar sk\u00f6tbordets s\u00e4kerhet. Dessutom \u00e4r b\u00e5de montering och demontering mycket enkel och snabb, och efter att sk\u00f6tbordet har tagits bort l\u00e4mnar det inga m\u00e4rken p\u00e5 byr\u00e5n. Tack vare den perfekta passformen mellan byr\u00e5n och sk\u00f6tbordet ser b\u00e5da m\u00f6blerna verkligen eleganta ut tillsammans.<\/p>\n<p>**Huvudsakliga f\u00f6rdelar:**<br \/>\n&#8211; uppfyller europeiska standarder och s\u00e4kerhetskrav<br \/>\n&#8211; kan monteras p\u00e5 v\u00e4nster, h\u00f6ger eller mitt p\u00e5 byr\u00e5n<\/p>\n<p>**M\u00e5tt (cm):**<br \/>\nl\u00e4ngd: 75,8<br \/>\nbredd: 59,6<br \/>\nh\u00f6jd: 8<\/p>\n<p>**Ytterligare information:**<br \/>\n&#8211; sk\u00f6tbordet kan f\u00f6rses med textilinsatser\/mattor med maximala m\u00e5tt p\u00e5 56 cm x 75 cm<br \/>\n&#8211; maximalt barnvikt: 15 kg<\/p>\n<p>**M\u00f6belns utf\u00f6rande och finish:**<br \/>\n&#8211; Sk\u00f6tbordet \u00e4r tillverkat av h\u00f6gkvalitativ laminerad skiva som \u00e4r t\u00e5lig mot skador och fukt och l\u00e4tt att h\u00e5lla ren.<br \/>\nF\u00e4rger:<br \/>\n&#8211; Sk\u00f6tbordet \u00e4r sn\u00f6vit med matt yta. <\/p>\n<p>**Anv\u00e4ndningsanvisning:**<br \/>\nM\u00f6blerna ska torkas av med en mjuk bomullsduk fuktad med vatten eller ett m\u00f6belv\u00e5rdsmedel.<\/p>\n<p>**Ytterligare information:**<br \/>\nM\u00f6blerna levereras i paket, avsedda f\u00f6r sj\u00e4lvmontering. Paketen inneh\u00e5ller detaljerade monteringsanvisningar samt tillbeh\u00f6r (skruvar etc.).<\/p>\n","protected":false},"excerpt":{"rendered":"<p>Sk\u00f6tbordet \u00e4r ett element som ingen mamma och inget barnrum kan vara utan. Det \u00e4r en s\u00e4ker, mysig och bekv\u00e4m plats som underl\u00e4ttar barnomsorgen och sk\u00f6tningen. Det passar perfekt till byr\u00e5n i samma serie, vilket g\u00f6r det mycket s\u00e4kert att anv\u00e4nda. Sk\u00f6tbordet f\u00f6rl\u00e4nger byr\u00e5ns yta, vilket g\u00f6r att barnet \u00e4r s\u00e4kert och alla v\u00e5rdprodukter finns [&hellip;]<\/p>\n","protected":false},"featured_media":0,"comment_status":"open","ping_status":"closed","template":"","meta":[],"product_brand":[],"product_cat":[33],"product_tag":[],"class_list":{"0":"post-15270","1":"product","2":"type-product","3":"status-publish","5":"product_cat-okategoriserad","7":"first","8":"instock","9":"shipping-taxable","10":"purchasable","11":"product-type-simple"},"_links":{"self":[{"href":"https:\/\/nordicmart.andreevmaster.com\/sv\/wp-json\/wp\/v2\/product\/15270","targetHints":{"allow":["GET"]}}],"collection":[{"href":"https:\/\/nordicmart.andreevmaster.com\/sv\/wp-json\/wp\/v2\/product"}],"about":[{"href":"https:\/\/nordicmart.andreevmaster.com\/sv\/wp-json\/wp\/v2\/types\/product"}],"replies":[{"embeddable":true,"href":"https:\/\/nordicmart.andreevmaster.com\/sv\/wp-json\/wp\/v2\/comments?post=15270"}],"wp:attachment":[{"href":"https:\/\/nordicmart.andreevmaster.com\/sv\/wp-json\/wp\/v2\/media?parent=15270"}],"wp:term":[{"taxonomy":"product_brand","embeddable":true,"href":"https:\/\/nordicmart.andreevmaster.com\/sv\/wp-json\/wp\/v2\/product_brand?post=15270"},{"taxonomy":"product_cat","embeddable":true,"href":"https:\/\/nordicmart.andreevmaster.com\/sv\/wp-json\/wp\/v2\/product_cat?post=15270"},{"taxonomy":"product_tag","embeddable":true,"href":"https:\/\/nordicmart.andreevmaster.com\/sv\/wp-json\/wp\/v2\/product_tag?post=15270"}],"curies":[{"name":"wp","href":"https:\/\/api.w.org\/{rel}","templated":true}]}}